{"id":17998,"date":"2025-07-16T10:35:40","date_gmt":"2025-07-16T08:35:40","guid":{"rendered":"https:\/\/uj.adatbank.ro\/lexikon\/termek\/peterfi-peterffy-kibedi-szekely-csalad\/"},"modified":"2025-07-16T10:35:40","modified_gmt":"2025-07-16T08:35:40","slug":"peterfi-peterffy-kibedi-szekely-csalad","status":"publish","type":"product","link":"https:\/\/uj.adatbank.ro\/lexikon\/termek\/peterfi-peterffy-kibedi-szekely-csalad\/","title":{"rendered":"P\u00c9TERFI, P\u00e9terffy kib\u00e9di sz\u00e9kely csal\u00e1d"},"content":{"rendered":"<p>Nemess\u00e9ge \u0151si sz\u00e9kely jogon alapszik : a Jen\u0151 nemb\u0151l, K\u00fcrt \u00e1gb\u00f3l sz\u00e1rmazik, Lesz\u00e1rmaz\u00e1sa a XIV. sz\u00e1zad v\u00e9g\u00e9ig vezethet\u0151 vissza. \u0150si f\u00e9szke Kib\u00e9d : P. Mikl\u00f3sr\u00f3l, aki Il\u00e1cs t\u00f6r\u00f6k vez\u00e9rt legy\u0151zte (1419), P. Albertr\u0151l (1571) van tudom\u00e1s; P. J\u00e1nos mint pixid\u00e1rius (1602) majd mint primipilus (l\u00f3f\u0151) (1614) lustr\u00e1lt. Antal albir\u00f3 Mv.-en (1790). T\u00f6bbnyire k\u00fclf\u00f6ldi akad\u00e9mi\u00e1kon tanultak \u00e9s ref. papi, tan\u00e1ri p\u00e1ly\u00e1n szerepeltek. A csal\u00e1d k\u00e9tf\u00e9le c\u00edmert is haszn\u00e1lt, u. m.: has\u00edtott pajzs; jobbr\u00f3l 3 arany csillag, balr\u00f3l h\u00e1rmas halmon \u00e1gaskod\u00f3 oroszl\u00e1n jobbj\u00e1ban kardot tart; sisakd\u00edsz: k\u00f6ny\u00f6kl\u0151 kar karddal, a k\u00f6ny\u00f6khajl\u00e1sban csillag; \u00e9s: k\u00f6ny\u00f6kl\u0151 kar kardot tart; sisakd\u00edsz: a kar. P\u00e9terfi-telep l\u00e9tezett Mv.-en (1933), a K\u00f6ny\u00f6k utca folytat\u00e1sa volt. <br \/><strong>Irod.:<\/strong> Kempelen; Nagy Iv\u00e1n; P\u00e1lmay; Vigh<\/br><\/p>\n","protected":false},"excerpt":{"rendered":"<p>Nemess\u00e9ge \u0151si sz\u00e9kely jogon alapszik : a Jen\u0151 nemb\u0151l, K\u00fcrt \u00e1gb\u00f3l sz\u00e1rmazik, Lesz\u00e1rmaz\u00e1sa a XIV. sz\u00e1zad v\u00e9g\u00e9ig vezethet\u0151 vissza. \u0150si f\u00e9szke Kib\u00e9d : P. Mikl\u00f3sr\u00f3l, aki Il\u00e1cs t\u00f6r\u00f6k vez\u00e9rt legy\u0151zte (1419), P. Albertr\u0151l (1571) van tudom\u00e1s; P. J\u00e1nos mint pixid\u00e1rius (1602) majd mint primipilus (l\u00f3f\u0151) (1614) lustr\u00e1lt. Antal albir\u00f3 Mv.-en (1790). T\u00f6bbnyire k\u00fclf\u00f6ldi akad\u00e9mi\u00e1kon tanultak [&hellip;]<\/p>\n","protected":false},"featured_media":0,"comment_status":"open","ping_status":"closed","template":"","meta":[],"product_brand":[],"product_cat":[137],"product_tag":[],"class_list":{"0":"post-17998","1":"product","2":"type-product","3":"status-publish","5":"product_cat-maros-megyei-eletrajzi-lexikon","7":"first","8":"instock","9":"shipping-taxable","10":"product-type-simple"},"_links":{"self":[{"href":"https:\/\/uj.adatbank.ro\/lexikon\/wp-json\/wp\/v2\/product\/17998","targetHints":{"allow":["GET"]}}],"collection":[{"href":"https:\/\/uj.adatbank.ro\/lexikon\/wp-json\/wp\/v2\/product"}],"about":[{"href":"https:\/\/uj.adatbank.ro\/lexikon\/wp-json\/wp\/v2\/types\/product"}],"replies":[{"embeddable":true,"href":"https:\/\/uj.adatbank.ro\/lexikon\/wp-json\/wp\/v2\/comments?post=17998"}],"wp:attachment":[{"href":"https:\/\/uj.adatbank.ro\/lexikon\/wp-json\/wp\/v2\/media?parent=17998"}],"wp:term":[{"taxonomy":"product_brand","embeddable":true,"href":"https:\/\/uj.adatbank.ro\/lexikon\/wp-json\/wp\/v2\/product_brand?post=17998"},{"taxonomy":"product_cat","embeddable":true,"href":"https:\/\/uj.adatbank.ro\/lexikon\/wp-json\/wp\/v2\/product_cat?post=17998"},{"taxonomy":"product_tag","embeddable":true,"href":"https:\/\/uj.adatbank.ro\/lexikon\/wp-json\/wp\/v2\/product_tag?post=17998"}],"curies":[{"name":"wp","href":"https:\/\/api.w.org\/{rel}","templated":true}]}}