{"id":18000,"date":"2025-07-16T10:35:44","date_gmt":"2025-07-16T08:35:44","guid":{"rendered":"https:\/\/uj.adatbank.ro\/lexikon\/termek\/peterfi-albert-kibedi\/"},"modified":"2025-07-16T10:35:44","modified_gmt":"2025-07-16T08:35:44","slug":"peterfi-albert-kibedi","status":"publish","type":"product","link":"https:\/\/uj.adatbank.ro\/lexikon\/termek\/peterfi-albert-kibedi\/","title":{"rendered":"P\u00c9TERFI Albert, kib\u00e9di"},"content":{"rendered":"<p>S\u00f3v\u00e1rad, 1800. j\u00fan. 24., \u2020 Buk., 1850.\u00a0m\u00e1rc. 29.: ref. lel\u00adk\u00e9sz, tan\u00e1r, nyelv\u00e9sz. \u2013 Apja P. L\u00e1szl\u00f3 (1749\u20131829), kezdetben apj\u00e1t\u00f3l tanult, a mv.-i Ref. Koll.-ban (1808\u201315), a debreceni f\u0151tanod\u00e1ban, ahol oszt\u00e1lytan\u00edt\u00f3, contra- \u00e9s seniors\u00e1got is viselt (1815\u2013); a g\u00f6ttingeni egy. hallgat\u00f3ja (1829\u2013), ahol tanulm\u00e1nyozta a klasszikus \u00e9s a modern nyelveket. A nagyenyedi ref. f\u0151-isk.-n (1830. j\u00fan.) a filol\u00f3gia \u00e9s a szent\u00edr\u00e1smagyar\u00e1zat r. ta\u00adn\u00e1ra; itt Sz\u00e1sz K\u00e1rollyal vit\u00e1ba keveredett \u00e9s \u00e1thelyezt\u00e9k a sz\u00e9kelyudvarhelyi ref. koll\u00e9giumba (1840), \u00e1ll\u00e1s\u00e1t nem fogadta el, Bikalon gr. L\u00e1z\u00e1r M\u00f3r udvar\u00e1ban tart\u00f3zkodott; megv\u00e1lasztott\u00e1k felvinci lel\u00adk\u00e9sznek (1842), de ezt az \u00e1ll\u00e1st nem foglalhatta el. Buk.-be ment (1848\u2013), ahonnan Puchner-rel Ploe\u015ftibe menek\u00fclt, majd visszat\u00e9rt Buk.-be, elfoglalta a meg\u00ad\u00fcresedett ref. lelk\u00e9szi \u00e1ll\u00e1st (1849. m\u00e1j), de nem sok\u00e1ra koleraj\u00e1rv\u00e1nyban meghalt. Besz\u00e9lt latinul, g\u00f6r\u00f6g\u00fcl, olaszul, angolul de az arab \u00e9s h\u00e9berben is j\u00e1rtas volt. Cikkei a Prot. Egyh. \u00e9s Isk.c. lapban, pr\u00e9dik\u00e1ci\u00f3i az Erd\u00e9lyi Pr\u00e9dik\u00e1tori T\u00e1rban (Kv., 1834), Egyh\u00e1zi besz\u00e9dekben (Pest, 1845) jelentek meg. \u2013 <strong>F. m.:<\/strong> Literatura antiqua justo pretio aestimata&#8230; (Nagyenyed, 1831); Az erk\u00f6lcsi \u00e9s polg\u00e1ri vagy is a bels\u0151 \u00e9s k\u00fcls\u0151 szabads\u00e1g term\u00e9szete&#8230; (Nagyenyed, 1835); Az igazi vall\u00e1sos ember rajzolatja mind a megal\u00e1ztat\u00e1s, mind a felmagasztal\u00e1s \u00e1llapotj\u00e1ban (Gy\u00e1szbesz\u00e9d I. Ferenc hal\u00e1lakor). Nagyenyed, 1835). Az igaz liberalizmus egy \u00f6r\u00f6minnepi szent be\u00adsz\u00e9dben kifejtve&#8230; (Nagyenyed, 1836); Az \u00e9kessz\u00f3l\u00e1s vagy rhetorika elemei, a r\u00f3mai nyelvre alkalmazva [F\u00fcggel\u00e9k: Toldal\u00e9k a la\u00adtin nyelvnek n\u00e9mely \u00fajonnan felfedezett elvei\u00adr\u0151l] (Nagyenyed, 1839); A magyar nyelvtudo\u00adm\u00e1nynak \u00e9s nyelvphilosophi\u00e1nak a Parthenon magyar grammatik\u00e1j\u00e1ban felfedezett \u00faj elvei [F\u00fcggel\u00e9k: A Magyar Akad\u00e9mia orthographiai szab\u00e1lyair\u00f3l] (Nagyenyed, 1840); Carmen saeculare ad primum festum Academiae Geor\u00adgi\u00e1\u00e9 Augustae&#8230; (Nagyenyed, 1840); Egy sz\u00f3 a maga hely\u00e9n (1841); M\u00e1sik sz\u00f3 a maga hely\u00e9n \u00c9szrev\u00e9telk\u00e9p az \u00f3ramuta\u00adt\u00f3ra (F\u00e1y , , \u00d3ramutat\u00f3&#8221;-j\u00e1ra). (Pest, 1842); A Pesten fel\u00e1ll\u00edtand\u00f3 prot. f\u0151is\u00adkola tan\u00edt\u00e1si rend\u00e9t illet\u0151 tervezeti p\u00e1lyamun\u00adka (Kecskem\u00e9t, 1843). <br \/><strong>Irod.:<\/strong> Filep; Kiss-K\u00e1lm\u00e1n-Bierbrunner; Ko\u00f3s Ferenc: \u00c9letem \u00e9s eml\u00e9keim, I. (Brass\u00f3, 1890; Buk., 1971); Kr\u00f3n. F\u00fcz. (1939. 4\/5); M\u00c9L; P\u00e1lmay; Rugonfalvi Kiss; Szab\u00f3-Sz\u00f6gi; Szathm\u00e1ry K\u00e1roly : A nagyenyedi Bethlen f\u0151tanoda t\u00f6rt\u00e9nete (Nagyenyed, 1868); Szinnyei; Szinnyei J.; \u00daM\u00c9L<\/br><\/p>\n","protected":false},"excerpt":{"rendered":"<p>S\u00f3v\u00e1rad, 1800. j\u00fan. 24., \u2020 Buk., 1850.\u00a0m\u00e1rc. 29.: ref. lel\u00adk\u00e9sz, tan\u00e1r, nyelv\u00e9sz. \u2013 Apja P. L\u00e1szl\u00f3 (1749\u20131829), kezdetben apj\u00e1t\u00f3l tanult, a mv.-i Ref. Koll.-ban (1808\u201315), a debreceni f\u0151tanod\u00e1ban, ahol oszt\u00e1lytan\u00edt\u00f3, contra- \u00e9s seniors\u00e1got is viselt (1815\u2013); a g\u00f6ttingeni egy. hallgat\u00f3ja (1829\u2013), ahol tanulm\u00e1nyozta a klasszikus \u00e9s a modern nyelveket. A nagyenyedi ref. f\u0151-isk.-n (1830. j\u00fan.) [&hellip;]<\/p>\n","protected":false},"featured_media":0,"comment_status":"open","ping_status":"closed","template":"","meta":[],"product_brand":[],"product_cat":[137],"product_tag":[],"class_list":{"0":"post-18000","1":"product","2":"type-product","3":"status-publish","5":"product_cat-maros-megyei-eletrajzi-lexikon","7":"first","8":"instock","9":"shipping-taxable","10":"product-type-simple"},"_links":{"self":[{"href":"https:\/\/uj.adatbank.ro\/lexikon\/wp-json\/wp\/v2\/product\/18000","targetHints":{"allow":["GET"]}}],"collection":[{"href":"https:\/\/uj.adatbank.ro\/lexikon\/wp-json\/wp\/v2\/product"}],"about":[{"href":"https:\/\/uj.adatbank.ro\/lexikon\/wp-json\/wp\/v2\/types\/product"}],"replies":[{"embeddable":true,"href":"https:\/\/uj.adatbank.ro\/lexikon\/wp-json\/wp\/v2\/comments?post=18000"}],"wp:attachment":[{"href":"https:\/\/uj.adatbank.ro\/lexikon\/wp-json\/wp\/v2\/media?parent=18000"}],"wp:term":[{"taxonomy":"product_brand","embeddable":true,"href":"https:\/\/uj.adatbank.ro\/lexikon\/wp-json\/wp\/v2\/product_brand?post=18000"},{"taxonomy":"product_cat","embeddable":true,"href":"https:\/\/uj.adatbank.ro\/lexikon\/wp-json\/wp\/v2\/product_cat?post=18000"},{"taxonomy":"product_tag","embeddable":true,"href":"https:\/\/uj.adatbank.ro\/lexikon\/wp-json\/wp\/v2\/product_tag?post=18000"}],"curies":[{"name":"wp","href":"https:\/\/api.w.org\/{rel}","templated":true}]}}