{"id":18002,"date":"2025-07-16T10:36:02","date_gmt":"2025-07-16T08:36:02","guid":{"rendered":"https:\/\/uj.adatbank.ro\/lexikon\/termek\/peterfi-albert-peterfi-albertus\/"},"modified":"2025-07-16T10:36:02","modified_gmt":"2025-07-16T08:36:02","slug":"peterfi-albert-peterfi-albertus","status":"publish","type":"product","link":"https:\/\/uj.adatbank.ro\/lexikon\/termek\/peterfi-albert-peterfi-albertus\/","title":{"rendered":"P\u00c9TERFI Albert, P\u00e9terfi Albertus"},"content":{"rendered":"<p>K\u00f6rtv\u00e9lyf\u00e1ja, 1800. j\u00fan. 14.\u2020 ?: egyetemi hallgat\u00f3, tan\u00edt\u00f3.. \u2013 Apja, Elek ref. lelk\u00e9sz. \u2013 Debrecenben b\u00f6lcs\u00e9sz- \u00e9s hittudom\u00e1nyi hallgat\u00f3, II. \u00e9v. (1820\u201321) \u00e9s k\u00f6ztan\u00edt\u00f3 (1824\u2013), senior (1828\u201329). Tan\u00e1r Nagyenyeden a koll.-ban (1830. j\u00fan. \u2013) nyelv\u00e9sz- \u00e9s a szent\u00edr\u00e1smagyar\u00e1zat tan\u00e1ra. Sz\u00e9kelyudvarhelyen \u00e9lt (1840\u2013). <br \/><strong>Irod.:<\/strong> Kib\u00e9d; Szab\u00f3 Mikl\u00f3s 2005<\/br><\/p>\n","protected":false},"excerpt":{"rendered":"<p>K\u00f6rtv\u00e9lyf\u00e1ja, 1800. j\u00fan. 14.\u2020 ?: egyetemi hallgat\u00f3, tan\u00edt\u00f3.. \u2013 Apja, Elek ref. lelk\u00e9sz. \u2013 Debrecenben b\u00f6lcs\u00e9sz- \u00e9s hittudom\u00e1nyi hallgat\u00f3, II. \u00e9v. (1820\u201321) \u00e9s k\u00f6ztan\u00edt\u00f3 (1824\u2013), senior (1828\u201329). Tan\u00e1r Nagyenyeden a koll.-ban (1830. j\u00fan. \u2013) nyelv\u00e9sz- \u00e9s a szent\u00edr\u00e1smagyar\u00e1zat tan\u00e1ra. Sz\u00e9kelyudvarhelyen \u00e9lt (1840\u2013). Irod.: Kib\u00e9d; Szab\u00f3 Mikl\u00f3s 2005<\/p>\n","protected":false},"featured_media":0,"comment_status":"open","ping_status":"closed","template":"","meta":[],"product_brand":[],"product_cat":[137],"product_tag":[],"class_list":{"0":"post-18002","1":"product","2":"type-product","3":"status-publish","5":"product_cat-maros-megyei-eletrajzi-lexikon","7":"first","8":"instock","9":"shipping-taxable","10":"product-type-simple"},"_links":{"self":[{"href":"https:\/\/uj.adatbank.ro\/lexikon\/wp-json\/wp\/v2\/product\/18002","targetHints":{"allow":["GET"]}}],"collection":[{"href":"https:\/\/uj.adatbank.ro\/lexikon\/wp-json\/wp\/v2\/product"}],"about":[{"href":"https:\/\/uj.adatbank.ro\/lexikon\/wp-json\/wp\/v2\/types\/product"}],"replies":[{"embeddable":true,"href":"https:\/\/uj.adatbank.ro\/lexikon\/wp-json\/wp\/v2\/comments?post=18002"}],"wp:attachment":[{"href":"https:\/\/uj.adatbank.ro\/lexikon\/wp-json\/wp\/v2\/media?parent=18002"}],"wp:term":[{"taxonomy":"product_brand","embeddable":true,"href":"https:\/\/uj.adatbank.ro\/lexikon\/wp-json\/wp\/v2\/product_brand?post=18002"},{"taxonomy":"product_cat","embeddable":true,"href":"https:\/\/uj.adatbank.ro\/lexikon\/wp-json\/wp\/v2\/product_cat?post=18002"},{"taxonomy":"product_tag","embeddable":true,"href":"https:\/\/uj.adatbank.ro\/lexikon\/wp-json\/wp\/v2\/product_tag?post=18002"}],"curies":[{"name":"wp","href":"https:\/\/api.w.org\/{rel}","templated":true}]}}