{"id":18003,"date":"2025-07-16T10:36:04","date_gmt":"2025-07-16T08:36:04","guid":{"rendered":"https:\/\/uj.adatbank.ro\/lexikon\/termek\/peterfi-antal\/"},"modified":"2025-07-16T10:36:04","modified_gmt":"2025-07-16T08:36:04","slug":"peterfi-antal","status":"publish","type":"product","link":"https:\/\/uj.adatbank.ro\/lexikon\/termek\/peterfi-antal\/","title":{"rendered":"P\u00c9TERFI Antal"},"content":{"rendered":"<p>? \u2020\u00a0? : lev\u00e9lt\u00e1ros. \u2013 Mv.-en lev\u00e9lt\u00e1ros (1797 \u2013 99). Szakmai tev\u00e9kenys\u00e9g\u00e9t elhanyagolta, az archivumnak csak egy\u00f6t\u00f6d\u00e9t iktatta \u00e9s rendezte, a v\u00e1ros p\u00e9nz\u00e9t felel\u0151tlen\u00fcl kezelte, ez\u00e9rt a tan\u00e1cs menesztette. <br \/><strong>Irod.:<\/strong> Szab\u00f3 Mikl\u00f3s<\/br><\/p>\n","protected":false},"excerpt":{"rendered":"<p>? \u2020\u00a0? : lev\u00e9lt\u00e1ros. \u2013 Mv.-en lev\u00e9lt\u00e1ros (1797 \u2013 99). Szakmai tev\u00e9kenys\u00e9g\u00e9t elhanyagolta, az archivumnak csak egy\u00f6t\u00f6d\u00e9t iktatta \u00e9s rendezte, a v\u00e1ros p\u00e9nz\u00e9t felel\u0151tlen\u00fcl kezelte, ez\u00e9rt a tan\u00e1cs menesztette. Irod.: Szab\u00f3 Mikl\u00f3s<\/p>\n","protected":false},"featured_media":0,"comment_status":"open","ping_status":"closed","template":"","meta":[],"product_brand":[],"product_cat":[137],"product_tag":[],"class_list":{"0":"post-18003","1":"product","2":"type-product","3":"status-publish","5":"product_cat-maros-megyei-eletrajzi-lexikon","7":"first","8":"instock","9":"shipping-taxable","10":"product-type-simple"},"_links":{"self":[{"href":"https:\/\/uj.adatbank.ro\/lexikon\/wp-json\/wp\/v2\/product\/18003","targetHints":{"allow":["GET"]}}],"collection":[{"href":"https:\/\/uj.adatbank.ro\/lexikon\/wp-json\/wp\/v2\/product"}],"about":[{"href":"https:\/\/uj.adatbank.ro\/lexikon\/wp-json\/wp\/v2\/types\/product"}],"replies":[{"embeddable":true,"href":"https:\/\/uj.adatbank.ro\/lexikon\/wp-json\/wp\/v2\/comments?post=18003"}],"wp:attachment":[{"href":"https:\/\/uj.adatbank.ro\/lexikon\/wp-json\/wp\/v2\/media?parent=18003"}],"wp:term":[{"taxonomy":"product_brand","embeddable":true,"href":"https:\/\/uj.adatbank.ro\/lexikon\/wp-json\/wp\/v2\/product_brand?post=18003"},{"taxonomy":"product_cat","embeddable":true,"href":"https:\/\/uj.adatbank.ro\/lexikon\/wp-json\/wp\/v2\/product_cat?post=18003"},{"taxonomy":"product_tag","embeddable":true,"href":"https:\/\/uj.adatbank.ro\/lexikon\/wp-json\/wp\/v2\/product_tag?post=18003"}],"curies":[{"name":"wp","href":"https:\/\/api.w.org\/{rel}","templated":true}]}}