{"id":18006,"date":"2025-07-16T10:36:09","date_gmt":"2025-07-16T08:36:09","guid":{"rendered":"https:\/\/uj.adatbank.ro\/lexikon\/termek\/peterfi-denes-2\/"},"modified":"2025-07-16T10:36:09","modified_gmt":"2025-07-16T08:36:09","slug":"peterfi-denes-2","status":"publish","type":"product","link":"https:\/\/uj.adatbank.ro\/lexikon\/termek\/peterfi-denes-2\/","title":{"rendered":"P\u00c9TERFI D\u00e9nes"},"content":{"rendered":"<p>Kib\u00e9d, 1851. aug. 30., \u2020\u00a0Kv., 1925. a H\u00e1zsong\u00e1rdi temet\u0151ben nyugszik: unit. pap. \u2013 Tanulm\u00e1nyait Sz\u00e9kelykereszt\u00faron, Kv.-on \u00e9s a londoni unit. teol\u00f3giai akad.-\u00e1n v\u00e9gezte. Kv.-on lelk\u00e9sz (1876\u2013), teol\u00f3giai tan\u00e1r, a vall\u00e1sb\u00f6lcs\u00e9szet \u00e9s sz\u00f3nokl\u00e1s el\u0151ad\u00f3ja. A Kereszt\u00e9ny Magvet\u0151 szerkeszt\u0151je (1878\u20131911). \u2013 <strong>F. m.:<\/strong> Dersi J\u00e1nos eml\u00e9ke a felette mondott besz\u00e9dekben Kv., 1891). <br \/><strong>Irod.:<\/strong> F\u00fcl\u00f6p\u2013Ferencz, G\u00e1l Kelemen: P\u00e9terfi D\u00e9nes (Kv., 1925); H\u00e1zsong\u00e1rd; Kib\u00e9d; Rugonfalvi Kiss; \u00daM\u00c9L<\/br><\/p>\n","protected":false},"excerpt":{"rendered":"<p>Kib\u00e9d, 1851. aug. 30., \u2020\u00a0Kv., 1925. a H\u00e1zsong\u00e1rdi temet\u0151ben nyugszik: unit. pap. \u2013 Tanulm\u00e1nyait Sz\u00e9kelykereszt\u00faron, Kv.-on \u00e9s a londoni unit. teol\u00f3giai akad.-\u00e1n v\u00e9gezte. Kv.-on lelk\u00e9sz (1876\u2013), teol\u00f3giai tan\u00e1r, a vall\u00e1sb\u00f6lcs\u00e9szet \u00e9s sz\u00f3nokl\u00e1s el\u0151ad\u00f3ja. A Kereszt\u00e9ny Magvet\u0151 szerkeszt\u0151je (1878\u20131911). \u2013 F. m.: Dersi J\u00e1nos eml\u00e9ke a felette mondott besz\u00e9dekben Kv., 1891). Irod.: F\u00fcl\u00f6p\u2013Ferencz, G\u00e1l Kelemen: P\u00e9terfi [&hellip;]<\/p>\n","protected":false},"featured_media":0,"comment_status":"open","ping_status":"closed","template":"","meta":[],"product_brand":[],"product_cat":[137],"product_tag":[],"class_list":{"0":"post-18006","1":"product","2":"type-product","3":"status-publish","5":"product_cat-maros-megyei-eletrajzi-lexikon","7":"first","8":"instock","9":"shipping-taxable","10":"product-type-simple"},"_links":{"self":[{"href":"https:\/\/uj.adatbank.ro\/lexikon\/wp-json\/wp\/v2\/product\/18006","targetHints":{"allow":["GET"]}}],"collection":[{"href":"https:\/\/uj.adatbank.ro\/lexikon\/wp-json\/wp\/v2\/product"}],"about":[{"href":"https:\/\/uj.adatbank.ro\/lexikon\/wp-json\/wp\/v2\/types\/product"}],"replies":[{"embeddable":true,"href":"https:\/\/uj.adatbank.ro\/lexikon\/wp-json\/wp\/v2\/comments?post=18006"}],"wp:attachment":[{"href":"https:\/\/uj.adatbank.ro\/lexikon\/wp-json\/wp\/v2\/media?parent=18006"}],"wp:term":[{"taxonomy":"product_brand","embeddable":true,"href":"https:\/\/uj.adatbank.ro\/lexikon\/wp-json\/wp\/v2\/product_brand?post=18006"},{"taxonomy":"product_cat","embeddable":true,"href":"https:\/\/uj.adatbank.ro\/lexikon\/wp-json\/wp\/v2\/product_cat?post=18006"},{"taxonomy":"product_tag","embeddable":true,"href":"https:\/\/uj.adatbank.ro\/lexikon\/wp-json\/wp\/v2\/product_tag?post=18006"}],"curies":[{"name":"wp","href":"https:\/\/api.w.org\/{rel}","templated":true}]}}