{"id":18017,"date":"2025-07-16T10:36:30","date_gmt":"2025-07-16T08:36:30","guid":{"rendered":"https:\/\/uj.adatbank.ro\/lexikon\/termek\/peterfi-janos\/"},"modified":"2025-07-16T10:36:30","modified_gmt":"2025-07-16T08:36:30","slug":"peterfi-janos","status":"publish","type":"product","link":"https:\/\/uj.adatbank.ro\/lexikon\/termek\/peterfi-janos\/","title":{"rendered":"P\u00c9TERFI J\u00e1nos"},"content":{"rendered":"<p>1800. jan. 1., \u2020\u00a0Koz\u00e1rv\u00e1r, 1848. nov. 7.: ref. lelk\u00e9sz. \u2013 Lp. volt Radn\u00f3tf\u00e1j\u00e1n (1827\u201332), Dedr\u00e1dsz\u00e9plakon (1832\u20131848. nov. 7.). A monori hat\u00e1r\u00f6rz\u0151 katon\u00e1k elhurcolt\u00e1k (1848. nov.), megvert\u00e9k, D\u00e9sre vitt\u00e9k majd Koz\u00e1rv\u00e1rn\u00e1l f\u0151be l\u0151tt\u00e9k, a f\u0151gondnokokat is meggyilkolt\u00e1k. \u00d6zvegye \u00e9s k\u00e9t fia maradt ut\u00e1na.<br \/><strong>Irod.:<\/strong> B\u00f6jthe Andor: A G\u00f6rg\u00e9nyi ev. ref. egyh\u00e1zmegye :t\u00f6rt\u00e9nete [k\u00e9zirat]; Kempelen<\/br><\/p>\n","protected":false},"excerpt":{"rendered":"<p>1800. jan. 1., \u2020\u00a0Koz\u00e1rv\u00e1r, 1848. nov. 7.: ref. lelk\u00e9sz. \u2013 Lp. volt Radn\u00f3tf\u00e1j\u00e1n (1827\u201332), Dedr\u00e1dsz\u00e9plakon (1832\u20131848. nov. 7.). A monori hat\u00e1r\u00f6rz\u0151 katon\u00e1k elhurcolt\u00e1k (1848. nov.), megvert\u00e9k, D\u00e9sre vitt\u00e9k majd Koz\u00e1rv\u00e1rn\u00e1l f\u0151be l\u0151tt\u00e9k, a f\u0151gondnokokat is meggyilkolt\u00e1k. \u00d6zvegye \u00e9s k\u00e9t fia maradt ut\u00e1na.Irod.: B\u00f6jthe Andor: A G\u00f6rg\u00e9nyi ev. ref. egyh\u00e1zmegye :t\u00f6rt\u00e9nete [k\u00e9zirat]; Kempelen<\/p>\n","protected":false},"featured_media":0,"comment_status":"open","ping_status":"closed","template":"","meta":[],"product_brand":[],"product_cat":[137],"product_tag":[],"class_list":{"0":"post-18017","1":"product","2":"type-product","3":"status-publish","5":"product_cat-maros-megyei-eletrajzi-lexikon","7":"first","8":"instock","9":"shipping-taxable","10":"product-type-simple"},"_links":{"self":[{"href":"https:\/\/uj.adatbank.ro\/lexikon\/wp-json\/wp\/v2\/product\/18017","targetHints":{"allow":["GET"]}}],"collection":[{"href":"https:\/\/uj.adatbank.ro\/lexikon\/wp-json\/wp\/v2\/product"}],"about":[{"href":"https:\/\/uj.adatbank.ro\/lexikon\/wp-json\/wp\/v2\/types\/product"}],"replies":[{"embeddable":true,"href":"https:\/\/uj.adatbank.ro\/lexikon\/wp-json\/wp\/v2\/comments?post=18017"}],"wp:attachment":[{"href":"https:\/\/uj.adatbank.ro\/lexikon\/wp-json\/wp\/v2\/media?parent=18017"}],"wp:term":[{"taxonomy":"product_brand","embeddable":true,"href":"https:\/\/uj.adatbank.ro\/lexikon\/wp-json\/wp\/v2\/product_brand?post=18017"},{"taxonomy":"product_cat","embeddable":true,"href":"https:\/\/uj.adatbank.ro\/lexikon\/wp-json\/wp\/v2\/product_cat?post=18017"},{"taxonomy":"product_tag","embeddable":true,"href":"https:\/\/uj.adatbank.ro\/lexikon\/wp-json\/wp\/v2\/product_tag?post=18017"}],"curies":[{"name":"wp","href":"https:\/\/api.w.org\/{rel}","templated":true}]}}