{"id":18020,"date":"2025-07-16T10:36:36","date_gmt":"2025-07-16T08:36:36","guid":{"rendered":"https:\/\/uj.adatbank.ro\/lexikon\/termek\/peterfi-jozsef-kibedi\/"},"modified":"2025-07-16T10:36:36","modified_gmt":"2025-07-16T08:36:36","slug":"peterfi-jozsef-kibedi","status":"publish","type":"product","link":"https:\/\/uj.adatbank.ro\/lexikon\/termek\/peterfi-jozsef-kibedi\/","title":{"rendered":"P\u00c9TERFI J\u00f3zsef, kib\u00e9di"},"content":{"rendered":"<p>Mv., 1827, \u2020 Mv., 1890. \u00e1pr. 14.: orvos. \u2013 Apja P. J\u00f3zsef mv.-i esperes.- Testv\u00e9rei: P. Anna; P. K\u00e1rolina Pap S\u00e1ndorn\u00e9; P. Z\u00e9fi Bednay Andr\u00e1sn\u00e9; P. B\u00e9la; P. Ant\u00f3nia L\u0151rinczi D\u00e9nesn\u00e9; P. Roz\u00e1lia Tolvaly Ferencn\u00e9; P. M\u00e1ria ref. lelk\u00e9sz T\u00f3th M\u00e1rtonn\u00e9. \u2013 Mv.-en \u00e9retts\u00e9gizett (1841), Bolyai Farkas tan\u00edtv\u00e1nya volt. Az orvosi egyetemet B\u00e9csben v\u00e9gezte (1849\u201350, 1851\u201352). Marostordamegye f\u0151orvosa (1867\u2013). Apj\u00e1t, Tolnai Lajos k\u00f6vette a mv.-i ref. templom papjak\u00e9nt, \u00e9s azon kevesek k\u00f6zz\u00e9 tartozott, akik Tolnai mellett \u00e1lltak, egyik kezdem\u00e9nyez\u0151je volt a tisztelet\u00e9re tervezett f\u00e1kly\u00e1smenetnek (1884). Egyik kezdem\u00e9nyez\u0151je a Tolnai tisztelet\u00e9re rendezett f\u00e1kly\u00e1smenetnek (1884). <br \/><strong>Irod.:<\/strong> Csekme; Gy\u00e1szjelent\u0151; KMTT a Kir. M. Term\u00e9szettudom\u00e1nyi T\u00e1rsulat tagjainak n\u00e9vjegyz\u00e9ke (Bp., 1877); Kr\u00f3n. F\u00fcz. (1939. 4\/4); Marosi-KZST; P\u00e1lmay J\u00f3zsef; Szab\u00f3-Sz\u00f6gi; Szab\u00f3\u2013Simon\u2013Sz\u00f6gi; A KMTT tagja (1873).<\/br><\/p>\n","protected":false},"excerpt":{"rendered":"<p>Mv., 1827, \u2020 Mv., 1890. \u00e1pr. 14.: orvos. \u2013 Apja P. J\u00f3zsef mv.-i esperes.- Testv\u00e9rei: P. Anna; P. K\u00e1rolina Pap S\u00e1ndorn\u00e9; P. Z\u00e9fi Bednay Andr\u00e1sn\u00e9; P. B\u00e9la; P. Ant\u00f3nia L\u0151rinczi D\u00e9nesn\u00e9; P. Roz\u00e1lia Tolvaly Ferencn\u00e9; P. M\u00e1ria ref. lelk\u00e9sz T\u00f3th M\u00e1rtonn\u00e9. \u2013 Mv.-en \u00e9retts\u00e9gizett (1841), Bolyai Farkas tan\u00edtv\u00e1nya volt. Az orvosi egyetemet B\u00e9csben v\u00e9gezte (1849\u201350, [&hellip;]<\/p>\n","protected":false},"featured_media":0,"comment_status":"open","ping_status":"closed","template":"","meta":[],"product_brand":[],"product_cat":[137],"product_tag":[],"class_list":{"0":"post-18020","1":"product","2":"type-product","3":"status-publish","5":"product_cat-maros-megyei-eletrajzi-lexikon","7":"first","8":"instock","9":"shipping-taxable","10":"product-type-simple"},"_links":{"self":[{"href":"https:\/\/uj.adatbank.ro\/lexikon\/wp-json\/wp\/v2\/product\/18020","targetHints":{"allow":["GET"]}}],"collection":[{"href":"https:\/\/uj.adatbank.ro\/lexikon\/wp-json\/wp\/v2\/product"}],"about":[{"href":"https:\/\/uj.adatbank.ro\/lexikon\/wp-json\/wp\/v2\/types\/product"}],"replies":[{"embeddable":true,"href":"https:\/\/uj.adatbank.ro\/lexikon\/wp-json\/wp\/v2\/comments?post=18020"}],"wp:attachment":[{"href":"https:\/\/uj.adatbank.ro\/lexikon\/wp-json\/wp\/v2\/media?parent=18020"}],"wp:term":[{"taxonomy":"product_brand","embeddable":true,"href":"https:\/\/uj.adatbank.ro\/lexikon\/wp-json\/wp\/v2\/product_brand?post=18020"},{"taxonomy":"product_cat","embeddable":true,"href":"https:\/\/uj.adatbank.ro\/lexikon\/wp-json\/wp\/v2\/product_cat?post=18020"},{"taxonomy":"product_tag","embeddable":true,"href":"https:\/\/uj.adatbank.ro\/lexikon\/wp-json\/wp\/v2\/product_tag?post=18020"}],"curies":[{"name":"wp","href":"https:\/\/api.w.org\/{rel}","templated":true}]}}