{"id":18022,"date":"2025-07-16T10:36:39","date_gmt":"2025-07-16T08:36:39","guid":{"rendered":"https:\/\/uj.adatbank.ro\/lexikon\/termek\/peterfi-jozsef-%c2%a7-peterffy-jozsef-kibedi\/"},"modified":"2025-07-16T10:36:39","modified_gmt":"2025-07-16T08:36:39","slug":"peterfi-jozsef-%c2%a7-peterffy-jozsef-kibedi","status":"publish","type":"product","link":"https:\/\/uj.adatbank.ro\/lexikon\/termek\/peterfi-jozsef-%c2%a7-peterffy-jozsef-kibedi\/","title":{"rendered":"P\u00c9TERFI J\u00f3zsef; \u00a7 P\u00e9terffy J\u00f3zsef, kib\u00e9di"},"content":{"rendered":"<p>S\u00f3v\u00e1rad, 1796. m\u00e1rc. 29., \u2020 Mv., 1873. j\u00fal. 11.: ref. lelk\u00e9sz-esperes. \u2013 \u00c9desapja P. L\u00e1szl\u00f3 (1749\u20131829) lelk\u00e9sz volt. Tanulm\u00e1nyait a mv.-i f\u0151iskol\u00e1n v\u00e9gezte (1812); m\u00e9g 23 \u00e9ves nem volt, mikor az akkori tan\u00e1rok aj\u00e1nlat\u00e1ra a mv.-i egyh\u00e1z megv\u00e1lasztotta lelk\u00e9sz\u00e9nek; azonban teologiai ismereteinek b\u0151v\u00edt\u00e9se v\u00e9gett, miut\u00e1n a k\u00fclf\u00f6ldre men\u00e9s akkor akad\u00e1lyozva volt, a b\u00e9csi egyetemen m\u00e9g egy \u00e9vet t\u00f6lt\u00f6tt, azt\u00e1n a papi \u00e1ll\u00e1s\u00e1t elfoglalta s azt 54 \u00e9vig folytatta (1819\u20131871). Megtartotta els\u0151 istentisztelet\u00e9t a Gecse utcai Kistemplomban (1827). Megh\u00edvt\u00e1k Fogarasra de h\u00edvei k\u00e9r\u00e9s\u00e9re m\u00e9gis Mv.-en maradt (1837). A marosi egyh\u00e1zmegye jegyz\u0151je (1849). \u0150 eskette meg Bolyai J\u00e1nost Orb\u00e1n Roz\u00e1li\u00e1val (1849. m\u00e1j.19.) Mv. esperess\u00e9v\u00e9 v\u00e1lasztott\u00e1k (1855. febr. 4. \u2013), egyh\u00e1za, saj\u00e1t k\u00e9relm\u00e9re, eg\u00e9sz fizet\u00e9ssel nyugalmazta (1872). Egyh\u00e1zi besz\u00e9dei megjelentek az Erd\u00e9lyi Prot. Egyh\u00e1zi Besz\u00e9dek T\u00e1rban (1847), a Salamon Erd\u00e9lyi Pr\u00e9dik\u00e1tori T\u00e1r\u00e1ban, Sz\u00e1sz \u00e9s Demeter ugyanazon cz\u00edm\u0171 gy\u0171jtem\u00e9ny\u00e9be, Kov\u00e1cs Albert Egyh\u00e1zi Reform (1873. Kar\u00e1cson \u00fcnnep\u00e9n), Sz\u00e1sz Ger\u0151 \u00e9s Domokos Pr\u00e9dik\u00e1tori T\u00e1r\u00e1ban, sat. K\u00e9ziratban sok besz\u00e9det hagyott h\u00e1tra. \u2013 <strong>F. m.:<\/strong> \u00datmutat\u00e1s a de\u00e1k nyelv tanul\u00e1s\u00e1ra. Melyet (D\u00f6ring ut\u00e1n) n\u00e9met nyelvb\u0151l magyarra alkalmaztatott. Els\u0151 folyamat. El\u0151gyakorl\u00e1sok. (Mv., 1830) (Ugyanaz. U. ott, 1842. II. foly. K\u00e9pir\u00f3 Imre munk\u00e1ja); Az Isten a t\u00f6rv\u00e9nyt sziv\u00fcnkbe \u00edrta b\u00e9: el\u0151adva egy pr\u00e9dik\u00e1czi\u00f3ban, melyet az erd\u00e9lyi ev. reform\u00e1tusok D\u00e9v\u00e1n tartott k\u00f6z\u00f6ns\u00e9ges egyh\u00e1zi gy\u0171l\u00e9sek alkalm\u00e1val a d\u00e9vai templomban 1830. j\u00fan. 19. elmondott. (Mv., 1833); N\u00e9hai Houchard J\u00f3zsef eml\u00e9ke, halotti besz\u00e9dben mondotta 1841. szept. 8.(Mv., 1843); A templom ir\u00e1nti szeretet, el\u0151adva templomszentel\u00e9si besz\u00e9dben, mellyet 1843-ban j\u00fan. 8. Fintah\u00e1z\u00e1n elmondott (Mv., 1843); H\u00e1laad\u00f3 ima els\u0151 Ferenc J\u00f3zsef&#8230;1853. febr. 18- i istenetelen mer\u00e9nylet miatti \u00e9letvesz\u00e9lyes szerencs\u00e9tlens\u00e9gb\u0151l lett megszabad\u00edt\u00e1s\u00e1\u00e9rt, melyet a marosi ev. Ref. egyh\u00e1zk\u00f6r ekkl\u00e9zsi\u00e1iban templomi haszn\u00e1lat v\u00e9gett k\u00fcld\u00f6tt&#8230; (Mv., 1853). Egyh\u00e1zi besz\u00e9d, mondotta Magyarorsz\u00e1g alkotm\u00e1ny\u00e1nak vissza\u00e1ll\u00edt\u00e1sakor 1867. m\u00e1rcz. 17. (Mv., 1867); Kibucs\u00faz\u00f3 \u00e9s bek\u00f6sz\u00f6nt\u0151 k\u00e9t egyh\u00e1zi besz\u00e9d, mondotta 1837. j\u00fan. 25. \u00e9s j\u00fal. 16. (Mv., , 1871) (1837-ben a fogarasi egyh\u00e1z h\u00edvta meg, \u0151 elfogadta, a gy\u00fclekez\u00e9s\u00e9b\u0151l kibucs\u00fazott, de hallgat\u00f3inak k\u00e9r\u00e9s\u00e9re helyben maradt \u00e9s \u00fajra bek\u00f6sz\u00f6nt\u00f6tt.); <strong>t\u00e1rssz.:<\/strong> A marosv\u00e1s\u00e1rhelyi ref. nemes kollegiumban tanul\u00f3 ifj\u00fas\u00e1g r\u00e9sz\u00e9r\u0151l m\u00e1jusi vir\u00e1gok, melyek gr\u00f3f Kem\u00e9ny S\u00e1muel tabulae praesesi hivatal\u00e1ban m\u00e1jus 1. napj\u00e1n 1816. lett beiktat\u00e1sakor a tisztelet \u00e9s h\u00e1l\u00e1datoss\u00e1g olt\u00e1r\u00e1ra hintettek. (T\u00f6bbekkel egy\u00fctt; Mv., 1816); K\u00f6teles Elek kedves eml\u00e9kezete (Nagyenyed, 1817), Felsz\u00f3l\u00edt\u00e1sa Marosv\u00e1s\u00e1rhely h\u0171 polg\u00e1raihoz. (Mv., 1848). (Reich K\u00e1roly, Kov\u00e1cs D\u00e1niel \u00e9s Dab\u00f3czy J\u00e1nossal egy\u00fctt). Nagysz\u00e1m\u00fa k\u00e9zirati besz\u00e9dei, melyeknek sajt\u00f3 al\u00e1 rendez\u00e9s\u00e9t 1872-ben megkezdte, fi\u00e1nak P. J\u00f3zsef mv.-i orvosnak birtok\u00e1ban voltak. <br \/><strong>Irod.:<\/strong> Bolyaiak nyom\u00e1ban; Feh\u00e9r Katalin: Reformkori erd\u00e9lyi egyh\u00e1zi \u00e9s iskolai besz\u00e9dek a nevel\u00e9sr\u0151l (Magiszter, 3\u20134. sz., 2007); Filep; Id\u0151t\u00e1r 2; Keszeg; Kib\u00e9d; Kiss-K\u00e1lm\u00e1n-Bierbrunner; Kr\u00f3n. F\u00fcz. (1939. 4\/4); s\u00edrfelirat alapj\u00e1n; \u00d6tv\u00f6s J\u00f3zsef: Adal\u00e9kok a v\u00e1rtemplom t\u00f6rt\u00e9net\u00e9hez (18) (\u00daj Kezdet, 1. sz., 2012.); P\u00e1lmay; Rugonfalvi Kiss; Szab\u00f3-Sz\u00f6gi; Szinnyei; V\u00e1rtemplomi lelk\u00e9szek n\u00e9vsora, 1571\u20132000 (\u00daj Kezdet, 2. sz., 2000)<\/br><\/p>\n","protected":false},"excerpt":{"rendered":"<p>S\u00f3v\u00e1rad, 1796. m\u00e1rc. 29., \u2020 Mv., 1873. j\u00fal. 11.: ref. lelk\u00e9sz-esperes. \u2013 \u00c9desapja P. L\u00e1szl\u00f3 (1749\u20131829) lelk\u00e9sz volt. Tanulm\u00e1nyait a mv.-i f\u0151iskol\u00e1n v\u00e9gezte (1812); m\u00e9g 23 \u00e9ves nem volt, mikor az akkori tan\u00e1rok aj\u00e1nlat\u00e1ra a mv.-i egyh\u00e1z megv\u00e1lasztotta lelk\u00e9sz\u00e9nek; azonban teologiai ismereteinek b\u0151v\u00edt\u00e9se v\u00e9gett, miut\u00e1n a k\u00fclf\u00f6ldre men\u00e9s akkor akad\u00e1lyozva volt, a b\u00e9csi egyetemen m\u00e9g [&hellip;]<\/p>\n","protected":false},"featured_media":0,"comment_status":"open","ping_status":"closed","template":"","meta":[],"product_brand":[],"product_cat":[137],"product_tag":[],"class_list":{"0":"post-18022","1":"product","2":"type-product","3":"status-publish","5":"product_cat-maros-megyei-eletrajzi-lexikon","7":"first","8":"instock","9":"shipping-taxable","10":"product-type-simple"},"_links":{"self":[{"href":"https:\/\/uj.adatbank.ro\/lexikon\/wp-json\/wp\/v2\/product\/18022","targetHints":{"allow":["GET"]}}],"collection":[{"href":"https:\/\/uj.adatbank.ro\/lexikon\/wp-json\/wp\/v2\/product"}],"about":[{"href":"https:\/\/uj.adatbank.ro\/lexikon\/wp-json\/wp\/v2\/types\/product"}],"replies":[{"embeddable":true,"href":"https:\/\/uj.adatbank.ro\/lexikon\/wp-json\/wp\/v2\/comments?post=18022"}],"wp:attachment":[{"href":"https:\/\/uj.adatbank.ro\/lexikon\/wp-json\/wp\/v2\/media?parent=18022"}],"wp:term":[{"taxonomy":"product_brand","embeddable":true,"href":"https:\/\/uj.adatbank.ro\/lexikon\/wp-json\/wp\/v2\/product_brand?post=18022"},{"taxonomy":"product_cat","embeddable":true,"href":"https:\/\/uj.adatbank.ro\/lexikon\/wp-json\/wp\/v2\/product_cat?post=18022"},{"taxonomy":"product_tag","embeddable":true,"href":"https:\/\/uj.adatbank.ro\/lexikon\/wp-json\/wp\/v2\/product_tag?post=18022"}],"curies":[{"name":"wp","href":"https:\/\/api.w.org\/{rel}","templated":true}]}}