{"id":18027,"date":"2025-07-16T10:36:50","date_gmt":"2025-07-16T08:36:50","guid":{"rendered":"https:\/\/uj.adatbank.ro\/lexikon\/termek\/peterfi-laszlo-3\/"},"modified":"2025-07-16T10:36:50","modified_gmt":"2025-07-16T08:36:50","slug":"peterfi-laszlo-3","status":"publish","type":"product","link":"https:\/\/uj.adatbank.ro\/lexikon\/termek\/peterfi-laszlo-3\/","title":{"rendered":"P\u00c9TERFI L\u00e1szl\u00f3"},"content":{"rendered":"<p>?, \u2020 ?.: tan\u00edt\u00f3, ref. lelk\u00e9sz. \u2013 Feles\u00e9ge Kov\u00e1cs Kata (1780) Kov\u00e1cs Mih\u00e1ly holtmarosi mester le\u00e1nya. \u2013 Mv.-en subscrib\u00e1lt (1772). Maross\u00e1rpatakon volt rektor. Tancson (1782\u201391) \u00e9s Disznaj\u00f3n (1791\u20131800) volt lelk\u00e9sz. \u2013 Irod: B\u00f6jthe Andor; \u0150sz<\/br><\/p>\n","protected":false},"excerpt":{"rendered":"<p>?, \u2020 ?.: tan\u00edt\u00f3, ref. lelk\u00e9sz. \u2013 Feles\u00e9ge Kov\u00e1cs Kata (1780) Kov\u00e1cs Mih\u00e1ly holtmarosi mester le\u00e1nya. \u2013 Mv.-en subscrib\u00e1lt (1772). Maross\u00e1rpatakon volt rektor. Tancson (1782\u201391) \u00e9s Disznaj\u00f3n (1791\u20131800) volt lelk\u00e9sz. \u2013 Irod: B\u00f6jthe Andor; \u0150sz<\/p>\n","protected":false},"featured_media":0,"comment_status":"open","ping_status":"closed","template":"","meta":[],"product_brand":[],"product_cat":[137],"product_tag":[],"class_list":{"0":"post-18027","1":"product","2":"type-product","3":"status-publish","5":"product_cat-maros-megyei-eletrajzi-lexikon","7":"first","8":"instock","9":"shipping-taxable","10":"product-type-simple"},"_links":{"self":[{"href":"https:\/\/uj.adatbank.ro\/lexikon\/wp-json\/wp\/v2\/product\/18027","targetHints":{"allow":["GET"]}}],"collection":[{"href":"https:\/\/uj.adatbank.ro\/lexikon\/wp-json\/wp\/v2\/product"}],"about":[{"href":"https:\/\/uj.adatbank.ro\/lexikon\/wp-json\/wp\/v2\/types\/product"}],"replies":[{"embeddable":true,"href":"https:\/\/uj.adatbank.ro\/lexikon\/wp-json\/wp\/v2\/comments?post=18027"}],"wp:attachment":[{"href":"https:\/\/uj.adatbank.ro\/lexikon\/wp-json\/wp\/v2\/media?parent=18027"}],"wp:term":[{"taxonomy":"product_brand","embeddable":true,"href":"https:\/\/uj.adatbank.ro\/lexikon\/wp-json\/wp\/v2\/product_brand?post=18027"},{"taxonomy":"product_cat","embeddable":true,"href":"https:\/\/uj.adatbank.ro\/lexikon\/wp-json\/wp\/v2\/product_cat?post=18027"},{"taxonomy":"product_tag","embeddable":true,"href":"https:\/\/uj.adatbank.ro\/lexikon\/wp-json\/wp\/v2\/product_tag?post=18027"}],"curies":[{"name":"wp","href":"https:\/\/api.w.org\/{rel}","templated":true}]}}