{"id":18029,"date":"2025-07-16T10:36:55","date_gmt":"2025-07-16T08:36:55","guid":{"rendered":"https:\/\/uj.adatbank.ro\/lexikon\/termek\/peterfi-laszlo-kibedi-2\/"},"modified":"2025-07-16T10:36:55","modified_gmt":"2025-07-16T08:36:55","slug":"peterfi-laszlo-kibedi-2","status":"publish","type":"product","link":"https:\/\/uj.adatbank.ro\/lexikon\/termek\/peterfi-laszlo-kibedi-2\/","title":{"rendered":"P\u00c9TERFI L\u00e1szl\u00f3, kib\u00e9di"},"content":{"rendered":"<p>S\u00f3v\u00e1rad, 1788, 1783. Kr\u00f3n. F\u00fcz. j\u00fan 3., \u2020 Borosbocs\u00e1rd, 1848. okt.: tan\u00e1r. \u2013 P. K\u00e1roly filoz\u00f3fus b\u00e1tyja. Mv.-en a Ref. Koll.-ban tanult (1800\u20131804), ahol a k\u00e9t utols\u00f3 \u00e9vben tan\u00edtott is (1804\u2013), egyben a Teleki k\u00f6nyvt\u00e1r \u0151re volt, feldolgozta az \u00e1llom\u00e1nyt, amellett Die Peripatetiker des 1-ten Jahrhundert oder die Beschreibung der Reise J. Christi uns seine Apostels c. h\u00edres n\u00e9met m\u0171vet ford\u00edtotta magyarra; Erd\u0151nasz\u00e1don gr. D\u00e9genfeld Miksa fiai, Ott\u00f3 \u00e9s Imre nevel\u0151je (1810\u2013), ez id\u0151 alatt t\u00f6bb \u00e9rt\u00e9kes fizikai \u00e9s m\u00e9rtani tanulm\u00e1nyt \u00edrt, vel\u00fck egy\u00fctt n\u00e9meto.-i egy.-ekre ment, ahol f\u0151k\u00e9nt matem.-t \u00e9s fizik\u00e1t tanult. Haza\u00e9rve S\u00e1rospatakon (1826\u2013), Nagyenyeden t\u00f6rt\u00e9nelem tan\u00e1r (1829\u201348), ahol a felkel\u0151 rom\u00e1n parasztok meggyilkolt\u00e1k (1848. \u0151sz\u00e9n). Tragikus hal\u00e1la r\u00e9szleteir\u0151l a Nagyenyedi Album (Pest, 1851) sz\u00e1mol be. V\u00e9grendeletileg a mv.-i Ref. Koll.-nak hagyott 5300 v\u00e1lt\u00f3 n\u00e9met ft. \u2013ot k\u00f6tlevelekben, de azok elpusztultak a forradalomban. A v\u00edzr\u0151l chemiai \u00e9s physikai tekintetben (1827) c. m\u0171ve k\u00e9ziratban maradt (OSZK K\u00e9ziratt\u00e1\u00adra).\u00e1sai\u00e9s m\u00e9rtani tanulm\u00e1nyt \u00edrt\u00a0l\u00e1n.tangazdas\u00e1gi\u00e1t v\u00e9gezte el, majd a Magyar\u00f3v\u00e1ri Gazdas\u00e1gi Akad. \u2013 <strong>F. m.:<\/strong> A hegyek fekv\u00e9s\u00e9r\u0151l \u00e9s azoknak egym\u00e1ssal val\u00f3 egybenk\u00f6ttet\u00e9s\u00e9r\u0151l (Tud. Gy\u0171jt., 1822); A hegyek magass\u00e1g\u00e1nak baro\u00adm\u00e9ter \u00e1ltal val\u00f3 megm\u00e9r\u00e9s\u00e9r\u0151l (Tud. Gy\u0171jt., 1823); Toldal\u00e9k a barom\u00e9terrel val\u00f3 magas\u00ads\u00e1gm\u00e9r\u00e9sr\u0151l (Tud. Gy\u0171jt., 1825); Oratio de politica regnantium populorumque magistra&#8230; (S\u00e1rospatak, 1825); A polg\u00e1ri t\u00e1rsas\u00e1gnak meg\u00faj\u00edt\u00e1sa \u00e9s t\u00f6k\u00e9letes\u00edt\u00e9se&#8230; (Nagyenyed, 1831).-<br \/><strong>Irod.:<\/strong> Benk\u0151; Erd\u00e9lyi arcok; Filep; F\u00fcl\u00f6p\u2013Ferencz; Kiss K\u00e1roly Sz; Kr\u00f3n. F\u00fcz. (1939. 4\/5); M\u00c9L; P\u00e1lmay; P. Szathm\u00e1ry K\u00e1roly: A nagy\u00adenyedi Bethlen-f\u0151tanoda t\u00f6rt\u00e9nete (Nagy\u00adenyed, 1868), Rugonfalvi Kiss; Szab\u00f3-Sz\u00f6gi; Szinnyei; \u00daM\u00c9L<\/br><\/p>\n","protected":false},"excerpt":{"rendered":"<p>S\u00f3v\u00e1rad, 1788, 1783. Kr\u00f3n. F\u00fcz. j\u00fan 3., \u2020 Borosbocs\u00e1rd, 1848. okt.: tan\u00e1r. \u2013 P. K\u00e1roly filoz\u00f3fus b\u00e1tyja. Mv.-en a Ref. Koll.-ban tanult (1800\u20131804), ahol a k\u00e9t utols\u00f3 \u00e9vben tan\u00edtott is (1804\u2013), egyben a Teleki k\u00f6nyvt\u00e1r \u0151re volt, feldolgozta az \u00e1llom\u00e1nyt, amellett Die Peripatetiker des 1-ten Jahrhundert oder die Beschreibung der Reise J. Christi uns seine [&hellip;]<\/p>\n","protected":false},"featured_media":0,"comment_status":"open","ping_status":"closed","template":"","meta":[],"product_brand":[],"product_cat":[137],"product_tag":[],"class_list":{"0":"post-18029","1":"product","2":"type-product","3":"status-publish","5":"product_cat-maros-megyei-eletrajzi-lexikon","7":"first","8":"instock","9":"shipping-taxable","10":"product-type-simple"},"_links":{"self":[{"href":"https:\/\/uj.adatbank.ro\/lexikon\/wp-json\/wp\/v2\/product\/18029","targetHints":{"allow":["GET"]}}],"collection":[{"href":"https:\/\/uj.adatbank.ro\/lexikon\/wp-json\/wp\/v2\/product"}],"about":[{"href":"https:\/\/uj.adatbank.ro\/lexikon\/wp-json\/wp\/v2\/types\/product"}],"replies":[{"embeddable":true,"href":"https:\/\/uj.adatbank.ro\/lexikon\/wp-json\/wp\/v2\/comments?post=18029"}],"wp:attachment":[{"href":"https:\/\/uj.adatbank.ro\/lexikon\/wp-json\/wp\/v2\/media?parent=18029"}],"wp:term":[{"taxonomy":"product_brand","embeddable":true,"href":"https:\/\/uj.adatbank.ro\/lexikon\/wp-json\/wp\/v2\/product_brand?post=18029"},{"taxonomy":"product_cat","embeddable":true,"href":"https:\/\/uj.adatbank.ro\/lexikon\/wp-json\/wp\/v2\/product_cat?post=18029"},{"taxonomy":"product_tag","embeddable":true,"href":"https:\/\/uj.adatbank.ro\/lexikon\/wp-json\/wp\/v2\/product_tag?post=18029"}],"curies":[{"name":"wp","href":"https:\/\/api.w.org\/{rel}","templated":true}]}}