{"id":18030,"date":"2025-07-16T10:36:58","date_gmt":"2025-07-16T08:36:58","guid":{"rendered":"https:\/\/uj.adatbank.ro\/lexikon\/termek\/peterfi-laszlo-kibedi-peterffi-laszlo\/"},"modified":"2025-07-16T10:36:58","modified_gmt":"2025-07-16T08:36:58","slug":"peterfi-laszlo-kibedi-peterffi-laszlo","status":"publish","type":"product","link":"https:\/\/uj.adatbank.ro\/lexikon\/termek\/peterfi-laszlo-kibedi-peterffi-laszlo\/","title":{"rendered":"P\u00c9TERFI L\u00e1szl\u00f3, kib\u00e9di, P\u00e9terffi L\u00e1szl\u00f3"},"content":{"rendered":"<p>1721., \u2020\u00a0Erd\u0151csin\u00e1d, 1804. aug. 25.: ref. lelk\u00e9sz. \u2013 Gyermekei\u00a0: L\u00e1szl\u00f3 (1749\u20131783), Elek (1751\u2013), J\u00falia (1757), Lajos (17..), Benedek (1760\u2013), B\u00f3ra (1764\u2013), R\u00e1chel (17..), M\u00e1ria (1766\u20131813), Anna (1768\u2013), Zsuzsa (1772\u2013). \u2013 Mv.-en subscrib\u00e1lt (1741). Vajdaszentiv\u00e1nyon szolg\u00e1lt (1748\u201352). Nagyercs\u00e9n (1753\u201357), S\u00e1romberk\u00e9n (1758. jan. 17.\u20131797), \u00e9s a fili\u00e1j\u00e1ban, Erd\u0151szengyelben is \u0151 a lelk\u00e9sz. S\u00e1romberk\u00e9n gr. Teleki S\u00e1muel \u00e9s gr. Bethlen Zsuzsa t\u00e1mogatta a ref. egyh\u00e1zat, \u00farasztali serleget, ter\u00edt\u0151ket aj\u00e1nd\u00e9koztak, \u00faj ref. iskol\u00e1t (1773) \u00e9s templomot \u00e9p\u00edttettek (1785\u201393). Egyh\u00e1zmegyei ordinarius notarius (jegyz\u0151) (1761\u201396), majd esperes megbeteged\u00e9s\u00e9ig (1797\u20131804). Betegs\u00e9ge alatt k\u00e1pl\u00e1nok seg\u00edtett\u00e9k, pl. a j\u00f6v\u0151beni p\u00fcsp\u00f6k Antal J\u00e1nos. Vej\u00e9n\u00e9l Csern\u00e1toni Csiki S\u00e1mueln\u00e9l halt meg (1804. aug. 25). \u2013 Irod: B\u00f6jthe Andor; Filep; Kempelen; \u0150sz; P\u00e1lmay; S\u00e1romberke<\/br><\/p>\n","protected":false},"excerpt":{"rendered":"<p>1721., \u2020\u00a0Erd\u0151csin\u00e1d, 1804. aug. 25.: ref. lelk\u00e9sz. \u2013 Gyermekei\u00a0: L\u00e1szl\u00f3 (1749\u20131783), Elek (1751\u2013), J\u00falia (1757), Lajos (17..), Benedek (1760\u2013), B\u00f3ra (1764\u2013), R\u00e1chel (17..), M\u00e1ria (1766\u20131813), Anna (1768\u2013), Zsuzsa (1772\u2013). \u2013 Mv.-en subscrib\u00e1lt (1741). Vajdaszentiv\u00e1nyon szolg\u00e1lt (1748\u201352). Nagyercs\u00e9n (1753\u201357), S\u00e1romberk\u00e9n (1758. jan. 17.\u20131797), \u00e9s a fili\u00e1j\u00e1ban, Erd\u0151szengyelben is \u0151 a lelk\u00e9sz. S\u00e1romberk\u00e9n gr. Teleki S\u00e1muel \u00e9s [&hellip;]<\/p>\n","protected":false},"featured_media":0,"comment_status":"open","ping_status":"closed","template":"","meta":[],"product_brand":[],"product_cat":[137],"product_tag":[],"class_list":{"0":"post-18030","1":"product","2":"type-product","3":"status-publish","5":"product_cat-maros-megyei-eletrajzi-lexikon","7":"first","8":"instock","9":"shipping-taxable","10":"product-type-simple"},"_links":{"self":[{"href":"https:\/\/uj.adatbank.ro\/lexikon\/wp-json\/wp\/v2\/product\/18030","targetHints":{"allow":["GET"]}}],"collection":[{"href":"https:\/\/uj.adatbank.ro\/lexikon\/wp-json\/wp\/v2\/product"}],"about":[{"href":"https:\/\/uj.adatbank.ro\/lexikon\/wp-json\/wp\/v2\/types\/product"}],"replies":[{"embeddable":true,"href":"https:\/\/uj.adatbank.ro\/lexikon\/wp-json\/wp\/v2\/comments?post=18030"}],"wp:attachment":[{"href":"https:\/\/uj.adatbank.ro\/lexikon\/wp-json\/wp\/v2\/media?parent=18030"}],"wp:term":[{"taxonomy":"product_brand","embeddable":true,"href":"https:\/\/uj.adatbank.ro\/lexikon\/wp-json\/wp\/v2\/product_brand?post=18030"},{"taxonomy":"product_cat","embeddable":true,"href":"https:\/\/uj.adatbank.ro\/lexikon\/wp-json\/wp\/v2\/product_cat?post=18030"},{"taxonomy":"product_tag","embeddable":true,"href":"https:\/\/uj.adatbank.ro\/lexikon\/wp-json\/wp\/v2\/product_tag?post=18030"}],"curies":[{"name":"wp","href":"https:\/\/api.w.org\/{rel}","templated":true}]}}