{"id":18032,"date":"2025-07-16T10:37:03","date_gmt":"2025-07-16T08:37:03","guid":{"rendered":"https:\/\/uj.adatbank.ro\/lexikon\/termek\/peterfi-lorinc\/"},"modified":"2025-07-16T10:37:03","modified_gmt":"2025-07-16T08:37:03","slug":"peterfi-lorinc","status":"publish","type":"product","link":"https:\/\/uj.adatbank.ro\/lexikon\/termek\/peterfi-lorinc\/","title":{"rendered":"P\u00c9TERFI L\u0151rinc"},"content":{"rendered":"<p>K\u00e9zdiszentl\u00e9lek, 1870. v. 1868? \u00e1pr. 2., \u2020\u00a0Sz\u00e9kelyhodos, 1943. aug. 7.: r. k. pap. \u2013 Tanult K\u00e9zdiv\u00e1s\u00e1rhelyen, Sz\u00e9kelyudvarhelyen \u00e9s Gyulafeh\u00e9rv\u00e1ron. Papp\u00e1 szentelt\u00e9k (1893. j\u00fal. 17.).K\u00e1pl\u00e1n Cs\u00edkr\u00e1koson, Cs\u00edknagyboldogasszonyfalv\u00e1n. Lelk\u00e9sz volt Sz\u00e9kelyhodoson (1897), szolg\u00e1lt m\u00e9g V\u00e1g\u00e1son, Kadicsfalv\u00e1n, Sz\u00e9kelyszenttam\u00e1son, Sz\u00e1rhegyen, Gyergy\u00f3csomafalv\u00e1n, Teker\u0151patakon, Dics\u0151szentm\u00e1rtonban, K\u00e9zdisz\u00e1razpatakon pl\u00e9b\u00e1nos \u00e9s f\u0151esperes (1931). Nyugd\u00edjas (1938) \u00e9s ebben a min\u0151s\u00e9g\u00e9ben ell\u00e1tta a sz\u00e9kelyhodosi pl\u00e9b\u00e1ni\u00e1t hal\u00e1l\u00e1ig. <br \/><strong>Irod.:<\/strong> Ferenczi S\u00e1ndor 2009<\/br><\/p>\n","protected":false},"excerpt":{"rendered":"<p>K\u00e9zdiszentl\u00e9lek, 1870. v. 1868? \u00e1pr. 2., \u2020\u00a0Sz\u00e9kelyhodos, 1943. aug. 7.: r. k. pap. \u2013 Tanult K\u00e9zdiv\u00e1s\u00e1rhelyen, Sz\u00e9kelyudvarhelyen \u00e9s Gyulafeh\u00e9rv\u00e1ron. Papp\u00e1 szentelt\u00e9k (1893. j\u00fal. 17.).K\u00e1pl\u00e1n Cs\u00edkr\u00e1koson, Cs\u00edknagyboldogasszonyfalv\u00e1n. Lelk\u00e9sz volt Sz\u00e9kelyhodoson (1897), szolg\u00e1lt m\u00e9g V\u00e1g\u00e1son, Kadicsfalv\u00e1n, Sz\u00e9kelyszenttam\u00e1son, Sz\u00e1rhegyen, Gyergy\u00f3csomafalv\u00e1n, Teker\u0151patakon, Dics\u0151szentm\u00e1rtonban, K\u00e9zdisz\u00e1razpatakon pl\u00e9b\u00e1nos \u00e9s f\u0151esperes (1931). Nyugd\u00edjas (1938) \u00e9s ebben a min\u0151s\u00e9g\u00e9ben ell\u00e1tta a sz\u00e9kelyhodosi pl\u00e9b\u00e1ni\u00e1t hal\u00e1l\u00e1ig. [&hellip;]<\/p>\n","protected":false},"featured_media":0,"comment_status":"open","ping_status":"closed","template":"","meta":[],"product_brand":[],"product_cat":[137],"product_tag":[],"class_list":{"0":"post-18032","1":"product","2":"type-product","3":"status-publish","5":"product_cat-maros-megyei-eletrajzi-lexikon","7":"first","8":"instock","9":"shipping-taxable","10":"product-type-simple"},"_links":{"self":[{"href":"https:\/\/uj.adatbank.ro\/lexikon\/wp-json\/wp\/v2\/product\/18032","targetHints":{"allow":["GET"]}}],"collection":[{"href":"https:\/\/uj.adatbank.ro\/lexikon\/wp-json\/wp\/v2\/product"}],"about":[{"href":"https:\/\/uj.adatbank.ro\/lexikon\/wp-json\/wp\/v2\/types\/product"}],"replies":[{"embeddable":true,"href":"https:\/\/uj.adatbank.ro\/lexikon\/wp-json\/wp\/v2\/comments?post=18032"}],"wp:attachment":[{"href":"https:\/\/uj.adatbank.ro\/lexikon\/wp-json\/wp\/v2\/media?parent=18032"}],"wp:term":[{"taxonomy":"product_brand","embeddable":true,"href":"https:\/\/uj.adatbank.ro\/lexikon\/wp-json\/wp\/v2\/product_brand?post=18032"},{"taxonomy":"product_cat","embeddable":true,"href":"https:\/\/uj.adatbank.ro\/lexikon\/wp-json\/wp\/v2\/product_cat?post=18032"},{"taxonomy":"product_tag","embeddable":true,"href":"https:\/\/uj.adatbank.ro\/lexikon\/wp-json\/wp\/v2\/product_tag?post=18032"}],"curies":[{"name":"wp","href":"https:\/\/api.w.org\/{rel}","templated":true}]}}