{"id":18033,"date":"2025-07-16T10:37:05","date_gmt":"2025-07-16T08:37:05","guid":{"rendered":"https:\/\/uj.adatbank.ro\/lexikon\/termek\/peterfi-marton-kibedi\/"},"modified":"2025-07-16T10:37:05","modified_gmt":"2025-07-16T08:37:05","slug":"peterfi-marton-kibedi","status":"publish","type":"product","link":"https:\/\/uj.adatbank.ro\/lexikon\/termek\/peterfi-marton-kibedi\/","title":{"rendered":"P\u00c9TERFI M\u00e1rton, kib\u00e9di"},"content":{"rendered":"<p>? \u2020 Gernyeszeg, 1783. okt. 5. v. okt. 11.: ref. lelk\u00e9sz. \u2013 Mv.-en subscrib\u00e1lt (1743). L\u00e9vita volt K\u00f3r\u00f3dszentm\u00e1rtonban (1748\u201349), Egrest\u0151n (1750\u201353). A nagyenyedi zsinaton ordin\u00e1lt\u00e1k (1753). Gernyeszegen volt ref. lelk\u00e9sz (1753\u201383. okt. 11.). Az \u0151 idej\u00e9ben \u00e9p\u00fclt a lelk\u00e9szi lak, iskola, megjav\u00edtott\u00e1k a templomot, \u00faj kript\u00e1t emeltek (1764). <br \/><strong>Irod.:<\/strong> B\u00f6jthe Andor; K\u00fck\u00fcll\u0151i Ref. Egyh\u00e1zm. 2.; \u0150sz; P\u00e1lmay<\/br><\/p>\n","protected":false},"excerpt":{"rendered":"<p>? \u2020 Gernyeszeg, 1783. okt. 5. v. okt. 11.: ref. lelk\u00e9sz. \u2013 Mv.-en subscrib\u00e1lt (1743). L\u00e9vita volt K\u00f3r\u00f3dszentm\u00e1rtonban (1748\u201349), Egrest\u0151n (1750\u201353). A nagyenyedi zsinaton ordin\u00e1lt\u00e1k (1753). Gernyeszegen volt ref. lelk\u00e9sz (1753\u201383. okt. 11.). Az \u0151 idej\u00e9ben \u00e9p\u00fclt a lelk\u00e9szi lak, iskola, megjav\u00edtott\u00e1k a templomot, \u00faj kript\u00e1t emeltek (1764). Irod.: B\u00f6jthe Andor; K\u00fck\u00fcll\u0151i Ref. Egyh\u00e1zm. 2.; [&hellip;]<\/p>\n","protected":false},"featured_media":0,"comment_status":"open","ping_status":"closed","template":"","meta":[],"product_brand":[],"product_cat":[137],"product_tag":[],"class_list":{"0":"post-18033","1":"product","2":"type-product","3":"status-publish","5":"product_cat-maros-megyei-eletrajzi-lexikon","7":"first","8":"instock","9":"shipping-taxable","10":"product-type-simple"},"_links":{"self":[{"href":"https:\/\/uj.adatbank.ro\/lexikon\/wp-json\/wp\/v2\/product\/18033","targetHints":{"allow":["GET"]}}],"collection":[{"href":"https:\/\/uj.adatbank.ro\/lexikon\/wp-json\/wp\/v2\/product"}],"about":[{"href":"https:\/\/uj.adatbank.ro\/lexikon\/wp-json\/wp\/v2\/types\/product"}],"replies":[{"embeddable":true,"href":"https:\/\/uj.adatbank.ro\/lexikon\/wp-json\/wp\/v2\/comments?post=18033"}],"wp:attachment":[{"href":"https:\/\/uj.adatbank.ro\/lexikon\/wp-json\/wp\/v2\/media?parent=18033"}],"wp:term":[{"taxonomy":"product_brand","embeddable":true,"href":"https:\/\/uj.adatbank.ro\/lexikon\/wp-json\/wp\/v2\/product_brand?post=18033"},{"taxonomy":"product_cat","embeddable":true,"href":"https:\/\/uj.adatbank.ro\/lexikon\/wp-json\/wp\/v2\/product_cat?post=18033"},{"taxonomy":"product_tag","embeddable":true,"href":"https:\/\/uj.adatbank.ro\/lexikon\/wp-json\/wp\/v2\/product_tag?post=18033"}],"curies":[{"name":"wp","href":"https:\/\/api.w.org\/{rel}","templated":true}]}}