{"id":18034,"date":"2025-07-16T10:37:09","date_gmt":"2025-07-16T08:37:09","guid":{"rendered":"https:\/\/uj.adatbank.ro\/lexikon\/termek\/peterfi-mihaly\/"},"modified":"2025-07-16T10:37:09","modified_gmt":"2025-07-16T08:37:09","slug":"peterfi-mihaly","status":"publish","type":"product","link":"https:\/\/uj.adatbank.ro\/lexikon\/termek\/peterfi-mihaly\/","title":{"rendered":"P\u00c9TERFI Mih\u00e1ly"},"content":{"rendered":"<p>Gyergy\u00f3szentmikl\u00f3s, ? \u2020 Abosfalva, 1793. \u00e1pr. 5.: r. k. pap. \u2013 Pl\u00e9b\u00e1nos Sz\u00e9kelykereszt\u00faron (1777), Abosfalv\u00e1n pl\u00e9b\u00e1nos \u00e9s alesperes (1782\u201393). <br \/><strong>Irod.:<\/strong> Ferenczi S\u00e1ndor 2009<\/br><\/p>\n","protected":false},"excerpt":{"rendered":"<p>Gyergy\u00f3szentmikl\u00f3s, ? \u2020 Abosfalva, 1793. \u00e1pr. 5.: r. k. pap. \u2013 Pl\u00e9b\u00e1nos Sz\u00e9kelykereszt\u00faron (1777), Abosfalv\u00e1n pl\u00e9b\u00e1nos \u00e9s alesperes (1782\u201393). Irod.: Ferenczi S\u00e1ndor 2009<\/p>\n","protected":false},"featured_media":0,"comment_status":"open","ping_status":"closed","template":"","meta":[],"product_brand":[],"product_cat":[137],"product_tag":[],"class_list":{"0":"post-18034","1":"product","2":"type-product","3":"status-publish","5":"product_cat-maros-megyei-eletrajzi-lexikon","7":"first","8":"instock","9":"shipping-taxable","10":"product-type-simple"},"_links":{"self":[{"href":"https:\/\/uj.adatbank.ro\/lexikon\/wp-json\/wp\/v2\/product\/18034","targetHints":{"allow":["GET"]}}],"collection":[{"href":"https:\/\/uj.adatbank.ro\/lexikon\/wp-json\/wp\/v2\/product"}],"about":[{"href":"https:\/\/uj.adatbank.ro\/lexikon\/wp-json\/wp\/v2\/types\/product"}],"replies":[{"embeddable":true,"href":"https:\/\/uj.adatbank.ro\/lexikon\/wp-json\/wp\/v2\/comments?post=18034"}],"wp:attachment":[{"href":"https:\/\/uj.adatbank.ro\/lexikon\/wp-json\/wp\/v2\/media?parent=18034"}],"wp:term":[{"taxonomy":"product_brand","embeddable":true,"href":"https:\/\/uj.adatbank.ro\/lexikon\/wp-json\/wp\/v2\/product_brand?post=18034"},{"taxonomy":"product_cat","embeddable":true,"href":"https:\/\/uj.adatbank.ro\/lexikon\/wp-json\/wp\/v2\/product_cat?post=18034"},{"taxonomy":"product_tag","embeddable":true,"href":"https:\/\/uj.adatbank.ro\/lexikon\/wp-json\/wp\/v2\/product_tag?post=18034"}],"curies":[{"name":"wp","href":"https:\/\/api.w.org\/{rel}","templated":true}]}}