{"id":18035,"date":"2025-07-16T10:37:10","date_gmt":"2025-07-16T08:37:10","guid":{"rendered":"https:\/\/uj.adatbank.ro\/lexikon\/termek\/peterfi-mozes\/"},"modified":"2025-07-16T10:37:10","modified_gmt":"2025-07-16T08:37:10","slug":"peterfi-mozes","status":"publish","type":"product","link":"https:\/\/uj.adatbank.ro\/lexikon\/termek\/peterfi-mozes\/","title":{"rendered":"P\u00c9TERFI M\u00f3zes"},"content":{"rendered":"<p>Kib\u00e9d, 1786. m\u00e1rc. 7..\u2020?: \u00fcgyv\u00e9d.\u2013 Fia, Domokos is \u00fcgyv\u00e9d. <br \/><strong>Irod.:<\/strong> Kib\u00e9d<\/br><\/p>\n","protected":false},"excerpt":{"rendered":"<p>Kib\u00e9d, 1786. m\u00e1rc. 7..\u2020?: \u00fcgyv\u00e9d.\u2013 Fia, Domokos is \u00fcgyv\u00e9d. Irod.: Kib\u00e9d<\/p>\n","protected":false},"featured_media":0,"comment_status":"open","ping_status":"closed","template":"","meta":[],"product_brand":[],"product_cat":[137],"product_tag":[],"class_list":{"0":"post-18035","1":"product","2":"type-product","3":"status-publish","5":"product_cat-maros-megyei-eletrajzi-lexikon","7":"first","8":"instock","9":"shipping-taxable","10":"product-type-simple"},"_links":{"self":[{"href":"https:\/\/uj.adatbank.ro\/lexikon\/wp-json\/wp\/v2\/product\/18035","targetHints":{"allow":["GET"]}}],"collection":[{"href":"https:\/\/uj.adatbank.ro\/lexikon\/wp-json\/wp\/v2\/product"}],"about":[{"href":"https:\/\/uj.adatbank.ro\/lexikon\/wp-json\/wp\/v2\/types\/product"}],"replies":[{"embeddable":true,"href":"https:\/\/uj.adatbank.ro\/lexikon\/wp-json\/wp\/v2\/comments?post=18035"}],"wp:attachment":[{"href":"https:\/\/uj.adatbank.ro\/lexikon\/wp-json\/wp\/v2\/media?parent=18035"}],"wp:term":[{"taxonomy":"product_brand","embeddable":true,"href":"https:\/\/uj.adatbank.ro\/lexikon\/wp-json\/wp\/v2\/product_brand?post=18035"},{"taxonomy":"product_cat","embeddable":true,"href":"https:\/\/uj.adatbank.ro\/lexikon\/wp-json\/wp\/v2\/product_cat?post=18035"},{"taxonomy":"product_tag","embeddable":true,"href":"https:\/\/uj.adatbank.ro\/lexikon\/wp-json\/wp\/v2\/product_tag?post=18035"}],"curies":[{"name":"wp","href":"https:\/\/api.w.org\/{rel}","templated":true}]}}