{"id":18038,"date":"2025-07-16T10:37:17","date_gmt":"2025-07-16T08:37:17","guid":{"rendered":"https:\/\/uj.adatbank.ro\/lexikon\/termek\/peterfi-pal-kibedi-peterffi\/"},"modified":"2025-07-16T10:37:17","modified_gmt":"2025-07-16T08:37:17","slug":"peterfi-pal-kibedi-peterffi","status":"publish","type":"product","link":"https:\/\/uj.adatbank.ro\/lexikon\/termek\/peterfi-pal-kibedi-peterffi\/","title":{"rendered":"P\u00c9TERFI P\u00e1l, kib\u00e9di, P\u00e9terffi"},"content":{"rendered":"<p>S\u00f3v\u00e1rad, 1792. febr.14. \u2020 Mv., 1861. m\u00e1rc. 17.: orvostudor, dr. med. \u2013 Testv\u00e9rei: P. K\u00e1roly, J\u00f3zsef, Istv\u00e1n \u00e9s J\u00fali\u00e1nna K\u00e1llai S\u00e1mueln\u00e9. \u2013 Tanult a mv.-i Ref. Koll.-ban (1803\u20131815), ahol k\u00f6ztan\u00edt\u00f3 \u00e9s ellen\u0151r lett. Bolyai Farkas tan\u00edtv\u00e1nya volt. A ref. egyh\u00e1zi f\u0151tan\u00e1cs t\u00e1mogat\u00e1s\u00e1val, B\u00e9csben orvosi oklevelet szerezett (1924 ) a Die Diabete melio c\u00edm\u0171 szakdolgozat\u00e1val, mint seg\u00e9dorvos b\u00e9csi k\u00f3rh\u00e1zakban szerzett gyakorlatot (\u20131827); S\u00e1rospatakon f\u0151iskolai orvos (1827\u20131829); Udvarhelysz\u00e9k f\u0151orvosa; Mv.-en m\u0171k\u00f6d\u00f6tt (1829\u20131861), ahol letelepedett \u00e9s mint v\u00e1rosi f\u0151gy\u00f3gy\u00e1sz, majd gyakorl\u00f3 orvos m\u0171k\u00f6d\u00f6tt hal\u00e1l\u00e1ig. A koleraj\u00e1rv\u00e9ny idej\u00e9n (1831, 1836, 1839) hasznos \u00e9s fontos szolg\u00e1latot teljes\u00edtett a v\u00e1ros \u00e9s vid\u00e9ke jav\u00e1ra; Bolyai J\u00e1nos egyik kezel\u0151orvosa volt, betegeir\u0151l vezetett napl\u00f3j\u00e1ban Bolyair\u00f3l is feljegyezte a k\u00f3rt\u00f6rt\u00e9neti adatokat. Betegeir\u0151l vezetett jegyz\u0151k\u00f6nyvet, Orvosi napl\u00f3t, ut\u00f3dai felhaszn\u00e1lt\u00e1k gy\u00f3gy\u00edt\u00f3 munk\u00e1jukban, ma a Teleki-Bolyai k\u00f6nyvt\u00e1rban tal\u00e1lhat\u00f3. Beadv\u00e1ny\u00e1ra a v\u00e1rosi tan\u00e1cs elrendelte a p\u00e1linka \u00e9s az ecet el\u0151zetes ellen\u0151rz\u00e9s\u00e9t a hamis\u00edt\u00e1s elker\u00fcl\u00e9se \u00e9rdek\u00e9ben (1842). A Ref. Koll. gondnokak\u00e9nt (1859. m\u00e1j. 29.\u20131861. m\u00e1rc. 11.) sz\u00f3t emelt Bolyai J\u00e1nos k\u00e9ziratainak megment\u00e9s\u00e9\u00e9rt. Hal\u00e1l\u00e1ig b\u0151kez\u0171 t\u00e1mogat\u00f3ja volt a f\u0151iskol\u00e1nak, k\u00f6nyveit testv\u00e9rei a koll.-nak adom\u00e1nyozt\u00e1k *A n\u00e9p \u00e1ld\u00e1sa kis\u00e9rte sirba.*\u2013 <strong>F. m.:<\/strong> Dissertatio innag. med. de diabete (Vindobonae, 1824); <strong>K\u00e9ziratban:<\/strong> Pastoralis medicina, vagy lelkip\u00e1sztoroknak sz\u00fcks\u00e9ges orvosi ismeretek summ\u00e1ja, 13 \u00edv; \u00c9szrev\u00e9telek M.-V\u00e1s\u00e1rhely sz. kir. v\u00e1rosr\u00f3l \u00e9s vid\u00e9k\u00e9r\u0151l eg\u00e9szs\u00e9gi tekintetben, s n\u00e9mely ottan honoskod\u00f3 betegs\u00e9gekr\u0151l, melyekhez j\u00e1rul egy-k\u00e9t sz\u00f3 a mostan uralkodni szokott betegs\u00e9gi nemt\u0151r\u0151l \u00e9s n\u00e9mely e vid\u00e9ken a n\u00e9p k\u00f6z\u00f6tt forg\u00f3 gy\u00f3gym\u00f3dokr\u00f3l \u00e9s orvosszerekr\u0151l. Minden \u00e9vben jegyz\u00e9ket vitt arr\u00f3l, hogy kiket \u00e9s min\u0151 betegs\u00e9gekben \u00e9s milyen szerekkel gy\u00f3gy\u00edtott.; Napl\u00f3ja (Teleki T\u00e9ka, MTA K\u00e9ziratt\u00e1r). <br \/><strong>Irod.:<\/strong> Apa \u00e9s fi\u00fa k\u00fczdelme a k\u00f3rokkal: Ol\u00e1h Anna: Bolyai Farkas gy\u00f3gy\u00e1szati munk\u00e1ss\u00e1ga; Vofkori J\u00f3zsef: Bolyai J\u00e1nos betegs\u00e9gei kordokumentumok \u00e9s a modern orvostudom\u00e1ny t\u00fckr\u00e9ben (Mv., 2005); Benk\u0151; F\u00fcl\u00f6p\u2013Ferencz; Gy\u00e1szjelent\u0151; Gy\u0151ry; Id\u0151t\u00e1r 1; Id\u0151t\u00e1r 2; Kiss\u2013P\u00e9terffy\u2013P\u00e9terffy; Koncz; Kr\u00f3n. F\u00fcz. (1939. 4\/4); Magyar Orvosok \u00e9s Term\u00e9szetvizsg\u00e1l\u00f3k 1864. aug. 24-szept. 2. Mv.-en tartott X. Nagygy\u0171l\u00e9s\u00e9nek r\u00f6vid t\u00f6rt\u00e9neti v\u00e1zlata \u00e9s munk\u00e1latai (P\u00e9terfi K\u00e1roly: \u00c9letrajza orvostudor kib\u00e9di P. P\u00e1lnak, Pest, 1865); Ol\u00e1h-G\u00e1l; Ol\u00e1h-G\u00e1l R\u00f3bert: P. doktor \u00e9s Bolyai J\u00e1nos (N\u00fa., 2002. jan. 24.); P\u00e1l-Antal 2009; P\u00e1lmay; Par\u00e1di; Rugonfalvi Kiss, Szab\u00f3-Sz\u00f6gi; Sz\u00e9kely tud\u00f3sok; Szinnyei; Todea\u2013F\u00fcl\u00f6p\u2013Avram<\/br><\/p>\n","protected":false},"excerpt":{"rendered":"<p>S\u00f3v\u00e1rad, 1792. febr.14. \u2020 Mv., 1861. m\u00e1rc. 17.: orvostudor, dr. med. \u2013 Testv\u00e9rei: P. K\u00e1roly, J\u00f3zsef, Istv\u00e1n \u00e9s J\u00fali\u00e1nna K\u00e1llai S\u00e1mueln\u00e9. \u2013 Tanult a mv.-i Ref. Koll.-ban (1803\u20131815), ahol k\u00f6ztan\u00edt\u00f3 \u00e9s ellen\u0151r lett. Bolyai Farkas tan\u00edtv\u00e1nya volt. A ref. egyh\u00e1zi f\u0151tan\u00e1cs t\u00e1mogat\u00e1s\u00e1val, B\u00e9csben orvosi oklevelet szerezett (1924 ) a Die Diabete melio c\u00edm\u0171 szakdolgozat\u00e1val, mint [&hellip;]<\/p>\n","protected":false},"featured_media":0,"comment_status":"open","ping_status":"closed","template":"","meta":[],"product_brand":[],"product_cat":[137],"product_tag":[],"class_list":{"0":"post-18038","1":"product","2":"type-product","3":"status-publish","5":"product_cat-maros-megyei-eletrajzi-lexikon","7":"first","8":"instock","9":"shipping-taxable","10":"product-type-simple"},"_links":{"self":[{"href":"https:\/\/uj.adatbank.ro\/lexikon\/wp-json\/wp\/v2\/product\/18038","targetHints":{"allow":["GET"]}}],"collection":[{"href":"https:\/\/uj.adatbank.ro\/lexikon\/wp-json\/wp\/v2\/product"}],"about":[{"href":"https:\/\/uj.adatbank.ro\/lexikon\/wp-json\/wp\/v2\/types\/product"}],"replies":[{"embeddable":true,"href":"https:\/\/uj.adatbank.ro\/lexikon\/wp-json\/wp\/v2\/comments?post=18038"}],"wp:attachment":[{"href":"https:\/\/uj.adatbank.ro\/lexikon\/wp-json\/wp\/v2\/media?parent=18038"}],"wp:term":[{"taxonomy":"product_brand","embeddable":true,"href":"https:\/\/uj.adatbank.ro\/lexikon\/wp-json\/wp\/v2\/product_brand?post=18038"},{"taxonomy":"product_cat","embeddable":true,"href":"https:\/\/uj.adatbank.ro\/lexikon\/wp-json\/wp\/v2\/product_cat?post=18038"},{"taxonomy":"product_tag","embeddable":true,"href":"https:\/\/uj.adatbank.ro\/lexikon\/wp-json\/wp\/v2\/product_tag?post=18038"}],"curies":[{"name":"wp","href":"https:\/\/api.w.org\/{rel}","templated":true}]}}