{"id":1804,"date":"2025-06-28T11:53:39","date_gmt":"2025-06-28T09:53:39","guid":{"rendered":"https:\/\/uj.adatbank.ro\/lexikon\/termek\/baccalaureus-hermann-aegidus-hermann-aegidus-baccalaureus\/"},"modified":"2025-06-28T11:53:39","modified_gmt":"2025-06-28T09:53:39","slug":"baccalaureus-hermann-aegidus-hermann-aegidus-baccalaureus","status":"publish","type":"product","link":"https:\/\/uj.adatbank.ro\/lexikon\/termek\/baccalaureus-hermann-aegidus-hermann-aegidus-baccalaureus\/","title":{"rendered":"BACCALAUREUS Hermann Aegidus, Hermann Aegidus, Baccalaureus"},"content":{"rendered":"<p>? \u2020 ?: ev. lelk\u00e9sz \u2013 Sz\u00e1szk\u00e9zden szolg\u00e1lt (1554 -ig). A vall\u00e1si reformok egyik kezdem\u00e9nyez\u0151je, Sz\u00e1szk\u00e9zd k\u00e9pvisel\u0151je volt az els\u0151 szebeni ev.- sz\u00e1sz szinoduson (1545). <br \/><strong>Irod.:<\/strong> Saschiz<\/br><\/p>\n","protected":false},"excerpt":{"rendered":"<p>? \u2020 ?: ev. lelk\u00e9sz \u2013 Sz\u00e1szk\u00e9zden szolg\u00e1lt (1554 -ig). A vall\u00e1si reformok egyik kezdem\u00e9nyez\u0151je, Sz\u00e1szk\u00e9zd k\u00e9pvisel\u0151je volt az els\u0151 szebeni ev.- sz\u00e1sz szinoduson (1545). Irod.: Saschiz<\/p>\n","protected":false},"featured_media":0,"comment_status":"open","ping_status":"closed","template":"","meta":[],"product_brand":[],"product_cat":[137],"product_tag":[],"class_list":{"0":"post-1804","1":"product","2":"type-product","3":"status-publish","5":"product_cat-maros-megyei-eletrajzi-lexikon","7":"first","8":"instock","9":"shipping-taxable","10":"product-type-simple"},"_links":{"self":[{"href":"https:\/\/uj.adatbank.ro\/lexikon\/wp-json\/wp\/v2\/product\/1804","targetHints":{"allow":["GET"]}}],"collection":[{"href":"https:\/\/uj.adatbank.ro\/lexikon\/wp-json\/wp\/v2\/product"}],"about":[{"href":"https:\/\/uj.adatbank.ro\/lexikon\/wp-json\/wp\/v2\/types\/product"}],"replies":[{"embeddable":true,"href":"https:\/\/uj.adatbank.ro\/lexikon\/wp-json\/wp\/v2\/comments?post=1804"}],"wp:attachment":[{"href":"https:\/\/uj.adatbank.ro\/lexikon\/wp-json\/wp\/v2\/media?parent=1804"}],"wp:term":[{"taxonomy":"product_brand","embeddable":true,"href":"https:\/\/uj.adatbank.ro\/lexikon\/wp-json\/wp\/v2\/product_brand?post=1804"},{"taxonomy":"product_cat","embeddable":true,"href":"https:\/\/uj.adatbank.ro\/lexikon\/wp-json\/wp\/v2\/product_cat?post=1804"},{"taxonomy":"product_tag","embeddable":true,"href":"https:\/\/uj.adatbank.ro\/lexikon\/wp-json\/wp\/v2\/product_tag?post=1804"}],"curies":[{"name":"wp","href":"https:\/\/api.w.org\/{rel}","templated":true}]}}