{"id":18040,"date":"2025-07-16T10:37:20","date_gmt":"2025-07-16T08:37:20","guid":{"rendered":"https:\/\/uj.adatbank.ro\/lexikon\/termek\/peterfi-v-laszlo\/"},"modified":"2025-07-16T10:37:20","modified_gmt":"2025-07-16T08:37:20","slug":"peterfi-v-laszlo","status":"publish","type":"product","link":"https:\/\/uj.adatbank.ro\/lexikon\/termek\/peterfi-v-laszlo\/","title":{"rendered":"P\u00c9TERFI V. L\u00e1szl\u00f3"},"content":{"rendered":"<p>1788. j\u00fan. 3.\u2020?: tan\u00e1r. \u2013 Tan\u00edtani az apja kezdte, Mv.-en a koll.-ban tanult (1800\u2013), a Degenfeld Miksa gr. fiai nevel\u0151je \u00e9s vel\u00fck egy\u00fctt n\u00e9metorsz\u00e1gi egyetemeken folytatta tanulm\u00e1nyait.Tan\u00e1r S\u00e1rospatakon (1826), Nagyenyeden (1829\u20131848), Boros-Bocs\u00e1rdon a felkelt rom\u00e1nok meg\u00f6lt\u00e9k.- <strong>F. m.:<\/strong> Oratio\u20131825 (S\u00e1rospatak). <br \/><strong>Irod.:<\/strong> Kib\u00e9d<\/br><\/p>\n","protected":false},"excerpt":{"rendered":"<p>1788. j\u00fan. 3.\u2020?: tan\u00e1r. \u2013 Tan\u00edtani az apja kezdte, Mv.-en a koll.-ban tanult (1800\u2013), a Degenfeld Miksa gr. fiai nevel\u0151je \u00e9s vel\u00fck egy\u00fctt n\u00e9metorsz\u00e1gi egyetemeken folytatta tanulm\u00e1nyait.Tan\u00e1r S\u00e1rospatakon (1826), Nagyenyeden (1829\u20131848), Boros-Bocs\u00e1rdon a felkelt rom\u00e1nok meg\u00f6lt\u00e9k.- F. m.: Oratio\u20131825 (S\u00e1rospatak). Irod.: Kib\u00e9d<\/p>\n","protected":false},"featured_media":0,"comment_status":"open","ping_status":"closed","template":"","meta":[],"product_brand":[],"product_cat":[137],"product_tag":[],"class_list":{"0":"post-18040","1":"product","2":"type-product","3":"status-publish","5":"product_cat-maros-megyei-eletrajzi-lexikon","7":"first","8":"instock","9":"shipping-taxable","10":"product-type-simple"},"_links":{"self":[{"href":"https:\/\/uj.adatbank.ro\/lexikon\/wp-json\/wp\/v2\/product\/18040","targetHints":{"allow":["GET"]}}],"collection":[{"href":"https:\/\/uj.adatbank.ro\/lexikon\/wp-json\/wp\/v2\/product"}],"about":[{"href":"https:\/\/uj.adatbank.ro\/lexikon\/wp-json\/wp\/v2\/types\/product"}],"replies":[{"embeddable":true,"href":"https:\/\/uj.adatbank.ro\/lexikon\/wp-json\/wp\/v2\/comments?post=18040"}],"wp:attachment":[{"href":"https:\/\/uj.adatbank.ro\/lexikon\/wp-json\/wp\/v2\/media?parent=18040"}],"wp:term":[{"taxonomy":"product_brand","embeddable":true,"href":"https:\/\/uj.adatbank.ro\/lexikon\/wp-json\/wp\/v2\/product_brand?post=18040"},{"taxonomy":"product_cat","embeddable":true,"href":"https:\/\/uj.adatbank.ro\/lexikon\/wp-json\/wp\/v2\/product_cat?post=18040"},{"taxonomy":"product_tag","embeddable":true,"href":"https:\/\/uj.adatbank.ro\/lexikon\/wp-json\/wp\/v2\/product_tag?post=18040"}],"curies":[{"name":"wp","href":"https:\/\/api.w.org\/{rel}","templated":true}]}}