{"id":18041,"date":"2025-07-16T10:37:21","date_gmt":"2025-07-16T08:37:21","guid":{"rendered":"https:\/\/uj.adatbank.ro\/lexikon\/termek\/peterfy-anna-kibedi\/"},"modified":"2025-07-16T10:37:21","modified_gmt":"2025-07-16T08:37:21","slug":"peterfy-anna-kibedi","status":"publish","type":"product","link":"https:\/\/uj.adatbank.ro\/lexikon\/termek\/peterfy-anna-kibedi\/","title":{"rendered":"P\u00c9TERFY Anna, kib\u00e9di"},"content":{"rendered":"<p>1824.\u00a0?, \u2020 Mv., 1911. \u00e1pr. 3.: jot\u00e9konykod\u00f3. \u2013 Testv\u00e9rei: P. J\u00f3zs\u00e9fa, Bednai Andr\u00e1sn\u00e9; P. B\u00e9la. \u2013 A mv.-i jot\u00e9kony N\u0151egylet alap\u00edt\u00f3ja, a Klotild \u00e1rvah\u00e1z v\u00e1lasztm\u00e1nyi tagja volt. <br \/><strong>Irod.:<\/strong> Gy\u00e1szjelent\u0151<\/br><\/p>\n","protected":false},"excerpt":{"rendered":"<p>1824.\u00a0?, \u2020 Mv., 1911. \u00e1pr. 3.: jot\u00e9konykod\u00f3. \u2013 Testv\u00e9rei: P. J\u00f3zs\u00e9fa, Bednai Andr\u00e1sn\u00e9; P. B\u00e9la. \u2013 A mv.-i jot\u00e9kony N\u0151egylet alap\u00edt\u00f3ja, a Klotild \u00e1rvah\u00e1z v\u00e1lasztm\u00e1nyi tagja volt. Irod.: Gy\u00e1szjelent\u0151<\/p>\n","protected":false},"featured_media":0,"comment_status":"open","ping_status":"closed","template":"","meta":[],"product_brand":[],"product_cat":[137],"product_tag":[],"class_list":{"0":"post-18041","1":"product","2":"type-product","3":"status-publish","5":"product_cat-maros-megyei-eletrajzi-lexikon","7":"first","8":"instock","9":"shipping-taxable","10":"product-type-simple"},"_links":{"self":[{"href":"https:\/\/uj.adatbank.ro\/lexikon\/wp-json\/wp\/v2\/product\/18041","targetHints":{"allow":["GET"]}}],"collection":[{"href":"https:\/\/uj.adatbank.ro\/lexikon\/wp-json\/wp\/v2\/product"}],"about":[{"href":"https:\/\/uj.adatbank.ro\/lexikon\/wp-json\/wp\/v2\/types\/product"}],"replies":[{"embeddable":true,"href":"https:\/\/uj.adatbank.ro\/lexikon\/wp-json\/wp\/v2\/comments?post=18041"}],"wp:attachment":[{"href":"https:\/\/uj.adatbank.ro\/lexikon\/wp-json\/wp\/v2\/media?parent=18041"}],"wp:term":[{"taxonomy":"product_brand","embeddable":true,"href":"https:\/\/uj.adatbank.ro\/lexikon\/wp-json\/wp\/v2\/product_brand?post=18041"},{"taxonomy":"product_cat","embeddable":true,"href":"https:\/\/uj.adatbank.ro\/lexikon\/wp-json\/wp\/v2\/product_cat?post=18041"},{"taxonomy":"product_tag","embeddable":true,"href":"https:\/\/uj.adatbank.ro\/lexikon\/wp-json\/wp\/v2\/product_tag?post=18041"}],"curies":[{"name":"wp","href":"https:\/\/api.w.org\/{rel}","templated":true}]}}