{"id":18042,"date":"2025-07-16T10:37:22","date_gmt":"2025-07-16T08:37:22","guid":{"rendered":"https:\/\/uj.adatbank.ro\/lexikon\/termek\/peterfy-denes-kibedi\/"},"modified":"2025-07-16T10:37:22","modified_gmt":"2025-07-16T08:37:22","slug":"peterfy-denes-kibedi","status":"publish","type":"product","link":"https:\/\/uj.adatbank.ro\/lexikon\/termek\/peterfy-denes-kibedi\/","title":{"rendered":"P\u00c9TERFY D\u00e9nes, kib\u00e9di"},"content":{"rendered":"<p>1876.?, \u2020 Mv., 1930. dec. 6.: m\u00e9rn\u00f6k, m\u0171szaki tan\u00e1csos. \u2013 N\u0151v\u00e9re. P. Emma Jakab D\u00e9nesn\u00e9. Feles\u00e9ge: kissolymosi Magyari Ir\u00e9n. Gyermekeik: P. K\u00e1roly, P. Erzs\u00e9bet. \u2013 Okl. m\u00e9rn\u00f6k. Mv.-en m\u0171szaki tan\u00e1csos. <br \/><strong>Irod.:<\/strong> Almanah Tg.M.; Gy\u00e1szjelent\u0151<\/br><\/p>\n","protected":false},"excerpt":{"rendered":"<p>1876.?, \u2020 Mv., 1930. dec. 6.: m\u00e9rn\u00f6k, m\u0171szaki tan\u00e1csos. \u2013 N\u0151v\u00e9re. P. Emma Jakab D\u00e9nesn\u00e9. Feles\u00e9ge: kissolymosi Magyari Ir\u00e9n. Gyermekeik: P. K\u00e1roly, P. Erzs\u00e9bet. \u2013 Okl. m\u00e9rn\u00f6k. Mv.-en m\u0171szaki tan\u00e1csos. Irod.: Almanah Tg.M.; Gy\u00e1szjelent\u0151<\/p>\n","protected":false},"featured_media":0,"comment_status":"open","ping_status":"closed","template":"","meta":[],"product_brand":[],"product_cat":[137],"product_tag":[],"class_list":{"0":"post-18042","1":"product","2":"type-product","3":"status-publish","5":"product_cat-maros-megyei-eletrajzi-lexikon","7":"first","8":"instock","9":"shipping-taxable","10":"product-type-simple"},"_links":{"self":[{"href":"https:\/\/uj.adatbank.ro\/lexikon\/wp-json\/wp\/v2\/product\/18042","targetHints":{"allow":["GET"]}}],"collection":[{"href":"https:\/\/uj.adatbank.ro\/lexikon\/wp-json\/wp\/v2\/product"}],"about":[{"href":"https:\/\/uj.adatbank.ro\/lexikon\/wp-json\/wp\/v2\/types\/product"}],"replies":[{"embeddable":true,"href":"https:\/\/uj.adatbank.ro\/lexikon\/wp-json\/wp\/v2\/comments?post=18042"}],"wp:attachment":[{"href":"https:\/\/uj.adatbank.ro\/lexikon\/wp-json\/wp\/v2\/media?parent=18042"}],"wp:term":[{"taxonomy":"product_brand","embeddable":true,"href":"https:\/\/uj.adatbank.ro\/lexikon\/wp-json\/wp\/v2\/product_brand?post=18042"},{"taxonomy":"product_cat","embeddable":true,"href":"https:\/\/uj.adatbank.ro\/lexikon\/wp-json\/wp\/v2\/product_cat?post=18042"},{"taxonomy":"product_tag","embeddable":true,"href":"https:\/\/uj.adatbank.ro\/lexikon\/wp-json\/wp\/v2\/product_tag?post=18042"}],"curies":[{"name":"wp","href":"https:\/\/api.w.org\/{rel}","templated":true}]}}