{"id":18044,"date":"2025-07-16T10:37:26","date_gmt":"2025-07-16T08:37:26","guid":{"rendered":"https:\/\/uj.adatbank.ro\/lexikon\/termek\/peterfy-gizella\/"},"modified":"2025-07-16T10:37:26","modified_gmt":"2025-07-16T08:37:26","slug":"peterfy-gizella","status":"publish","type":"product","link":"https:\/\/uj.adatbank.ro\/lexikon\/termek\/peterfy-gizella\/","title":{"rendered":"P\u00c9TERFY Gizella"},"content":{"rendered":"<p>Mv., 1943. \u2020, ?, :fest\u0151. \u2013A bp.-i K\u00e9pz\u0151m\u0171v\u00e9szeti F\u0151iskol\u00e1n Bern\u00e1th Aur\u00e9l volt a mestere. Ki\u00e1ll\u00edt\u00e1sokon vett r\u00e9szt 1970-es \u00e9vekt\u0151l. <br \/><strong>Irod.:<\/strong> Szab\u00f3 \u2013 K\u00e1llai<\/br><\/p>\n","protected":false},"excerpt":{"rendered":"<p>Mv., 1943. \u2020, ?, :fest\u0151. \u2013A bp.-i K\u00e9pz\u0151m\u0171v\u00e9szeti F\u0151iskol\u00e1n Bern\u00e1th Aur\u00e9l volt a mestere. Ki\u00e1ll\u00edt\u00e1sokon vett r\u00e9szt 1970-es \u00e9vekt\u0151l. Irod.: Szab\u00f3 \u2013 K\u00e1llai<\/p>\n","protected":false},"featured_media":0,"comment_status":"open","ping_status":"closed","template":"","meta":[],"product_brand":[],"product_cat":[137],"product_tag":[],"class_list":{"0":"post-18044","1":"product","2":"type-product","3":"status-publish","5":"product_cat-maros-megyei-eletrajzi-lexikon","7":"first","8":"instock","9":"shipping-taxable","10":"product-type-simple"},"_links":{"self":[{"href":"https:\/\/uj.adatbank.ro\/lexikon\/wp-json\/wp\/v2\/product\/18044","targetHints":{"allow":["GET"]}}],"collection":[{"href":"https:\/\/uj.adatbank.ro\/lexikon\/wp-json\/wp\/v2\/product"}],"about":[{"href":"https:\/\/uj.adatbank.ro\/lexikon\/wp-json\/wp\/v2\/types\/product"}],"replies":[{"embeddable":true,"href":"https:\/\/uj.adatbank.ro\/lexikon\/wp-json\/wp\/v2\/comments?post=18044"}],"wp:attachment":[{"href":"https:\/\/uj.adatbank.ro\/lexikon\/wp-json\/wp\/v2\/media?parent=18044"}],"wp:term":[{"taxonomy":"product_brand","embeddable":true,"href":"https:\/\/uj.adatbank.ro\/lexikon\/wp-json\/wp\/v2\/product_brand?post=18044"},{"taxonomy":"product_cat","embeddable":true,"href":"https:\/\/uj.adatbank.ro\/lexikon\/wp-json\/wp\/v2\/product_cat?post=18044"},{"taxonomy":"product_tag","embeddable":true,"href":"https:\/\/uj.adatbank.ro\/lexikon\/wp-json\/wp\/v2\/product_tag?post=18044"}],"curies":[{"name":"wp","href":"https:\/\/api.w.org\/{rel}","templated":true}]}}