{"id":18047,"date":"2025-07-16T10:37:33","date_gmt":"2025-07-16T08:37:33","guid":{"rendered":"https:\/\/uj.adatbank.ro\/lexikon\/termek\/peterfy-istvan\/"},"modified":"2025-07-16T10:37:33","modified_gmt":"2025-07-16T08:37:33","slug":"peterfy-istvan","status":"publish","type":"product","link":"https:\/\/uj.adatbank.ro\/lexikon\/termek\/peterfy-istvan\/","title":{"rendered":"P\u00c9TERFY Istv\u00e1n"},"content":{"rendered":"<p>1870., \u2020 Mv., 1963: orvos. \u2013 P\u00e9terfy Ferenc marosv\u00e9csi ref. lelk\u00e9sz fia. Feles\u00e9ge: Kathonay Erzs\u00e9bet (1875\u20131957); P\u00e9terfy Erzs\u00e9bet (1902\u20131967). \u2013 J\u00e1r\u00e1si orvos Radn\u00f3ton, majd Mv.-en belgy\u00f3gy\u00e1sz. A Ref. Koll\u00e9gium iskolaorvosa. Mag\u00e1nrendel\u0151je volt Mv.-en hossz\u00fa \u00e9veken kereszt\u00fcl. <br \/><strong>Irod.:<\/strong> Kiss\u2013P\u00e9terffy\u2013P\u00e9terffy<\/br><\/p>\n","protected":false},"excerpt":{"rendered":"<p>1870., \u2020 Mv., 1963: orvos. \u2013 P\u00e9terfy Ferenc marosv\u00e9csi ref. lelk\u00e9sz fia. Feles\u00e9ge: Kathonay Erzs\u00e9bet (1875\u20131957); P\u00e9terfy Erzs\u00e9bet (1902\u20131967). \u2013 J\u00e1r\u00e1si orvos Radn\u00f3ton, majd Mv.-en belgy\u00f3gy\u00e1sz. A Ref. Koll\u00e9gium iskolaorvosa. Mag\u00e1nrendel\u0151je volt Mv.-en hossz\u00fa \u00e9veken kereszt\u00fcl. Irod.: Kiss\u2013P\u00e9terffy\u2013P\u00e9terffy<\/p>\n","protected":false},"featured_media":0,"comment_status":"open","ping_status":"closed","template":"","meta":[],"product_brand":[],"product_cat":[137],"product_tag":[],"class_list":{"0":"post-18047","1":"product","2":"type-product","3":"status-publish","5":"product_cat-maros-megyei-eletrajzi-lexikon","7":"first","8":"instock","9":"shipping-taxable","10":"product-type-simple"},"_links":{"self":[{"href":"https:\/\/uj.adatbank.ro\/lexikon\/wp-json\/wp\/v2\/product\/18047","targetHints":{"allow":["GET"]}}],"collection":[{"href":"https:\/\/uj.adatbank.ro\/lexikon\/wp-json\/wp\/v2\/product"}],"about":[{"href":"https:\/\/uj.adatbank.ro\/lexikon\/wp-json\/wp\/v2\/types\/product"}],"replies":[{"embeddable":true,"href":"https:\/\/uj.adatbank.ro\/lexikon\/wp-json\/wp\/v2\/comments?post=18047"}],"wp:attachment":[{"href":"https:\/\/uj.adatbank.ro\/lexikon\/wp-json\/wp\/v2\/media?parent=18047"}],"wp:term":[{"taxonomy":"product_brand","embeddable":true,"href":"https:\/\/uj.adatbank.ro\/lexikon\/wp-json\/wp\/v2\/product_brand?post=18047"},{"taxonomy":"product_cat","embeddable":true,"href":"https:\/\/uj.adatbank.ro\/lexikon\/wp-json\/wp\/v2\/product_cat?post=18047"},{"taxonomy":"product_tag","embeddable":true,"href":"https:\/\/uj.adatbank.ro\/lexikon\/wp-json\/wp\/v2\/product_tag?post=18047"}],"curies":[{"name":"wp","href":"https:\/\/api.w.org\/{rel}","templated":true}]}}