{"id":18048,"date":"2025-07-16T10:37:36","date_gmt":"2025-07-16T08:37:36","guid":{"rendered":"https:\/\/uj.adatbank.ro\/lexikon\/termek\/peterfy-istvan-kibedi-peterfy-stefan\/"},"modified":"2025-07-16T10:37:36","modified_gmt":"2025-07-16T08:37:36","slug":"peterfy-istvan-kibedi-peterfy-stefan","status":"publish","type":"product","link":"https:\/\/uj.adatbank.ro\/lexikon\/termek\/peterfy-istvan-kibedi-peterfy-stefan\/","title":{"rendered":"P\u00c9TERFY Istv\u00e1n, kib\u00e9di, P\u00e9terfy \u015etefan"},"content":{"rendered":"<p>1870, \u2020\u00a01963\u00a0:orvos. \u2013 J\u00e1r\u00e1si orvos Radn\u00f3ton. A Mv.-i Kaszin\u00f3 v\u00e1lasztm\u00e1nyi tagja (1932). <br \/><strong>Irod.:<\/strong> Almanah Tg.M.; Bi\u00e1s Istv\u00e1n; Csekme; P\u00e1lmay<\/br><\/p>\n","protected":false},"excerpt":{"rendered":"<p>1870, \u2020\u00a01963\u00a0:orvos. \u2013 J\u00e1r\u00e1si orvos Radn\u00f3ton. A Mv.-i Kaszin\u00f3 v\u00e1lasztm\u00e1nyi tagja (1932). Irod.: Almanah Tg.M.; Bi\u00e1s Istv\u00e1n; Csekme; P\u00e1lmay<\/p>\n","protected":false},"featured_media":0,"comment_status":"open","ping_status":"closed","template":"","meta":[],"product_brand":[],"product_cat":[137],"product_tag":[],"class_list":{"0":"post-18048","1":"product","2":"type-product","3":"status-publish","5":"product_cat-maros-megyei-eletrajzi-lexikon","7":"first","8":"instock","9":"shipping-taxable","10":"product-type-simple"},"_links":{"self":[{"href":"https:\/\/uj.adatbank.ro\/lexikon\/wp-json\/wp\/v2\/product\/18048","targetHints":{"allow":["GET"]}}],"collection":[{"href":"https:\/\/uj.adatbank.ro\/lexikon\/wp-json\/wp\/v2\/product"}],"about":[{"href":"https:\/\/uj.adatbank.ro\/lexikon\/wp-json\/wp\/v2\/types\/product"}],"replies":[{"embeddable":true,"href":"https:\/\/uj.adatbank.ro\/lexikon\/wp-json\/wp\/v2\/comments?post=18048"}],"wp:attachment":[{"href":"https:\/\/uj.adatbank.ro\/lexikon\/wp-json\/wp\/v2\/media?parent=18048"}],"wp:term":[{"taxonomy":"product_brand","embeddable":true,"href":"https:\/\/uj.adatbank.ro\/lexikon\/wp-json\/wp\/v2\/product_brand?post=18048"},{"taxonomy":"product_cat","embeddable":true,"href":"https:\/\/uj.adatbank.ro\/lexikon\/wp-json\/wp\/v2\/product_cat?post=18048"},{"taxonomy":"product_tag","embeddable":true,"href":"https:\/\/uj.adatbank.ro\/lexikon\/wp-json\/wp\/v2\/product_tag?post=18048"}],"curies":[{"name":"wp","href":"https:\/\/api.w.org\/{rel}","templated":true}]}}