{"id":1805,"date":"2025-06-28T11:53:42","date_gmt":"2025-06-28T09:53:42","guid":{"rendered":"https:\/\/uj.adatbank.ro\/lexikon\/termek\/bach-ede\/"},"modified":"2025-06-28T11:53:42","modified_gmt":"2025-06-28T09:53:42","slug":"bach-ede","status":"publish","type":"product","link":"https:\/\/uj.adatbank.ro\/lexikon\/termek\/bach-ede\/","title":{"rendered":"BACH Ede"},"content":{"rendered":"<p>? \u2020 ? : k\u00f6lt\u0151, szerk. \u2013 Dics\u0151szentm\u00e1rtonban a Kis- K\u00fck\u00fcll\u0151 c. lap szerk.-je (1936\u201338), amely ezut\u00e1n V\u00e1rmegyei \u00dajs\u00e1g n\u00e9ven \u00e9lt tov\u00e1bb (\u20131938). \u2013 <strong>F. m.:<\/strong> Csendes akkordok: K\u00f6ltem\u00e9nyek (Dics\u0151szentm\u00e1rton, 1914). <br \/><strong>Irod.:<\/strong> F\u00fcl\u00f6p\u2013Ferencz<\/br><\/p>\n","protected":false},"excerpt":{"rendered":"<p>? \u2020 ? : k\u00f6lt\u0151, szerk. \u2013 Dics\u0151szentm\u00e1rtonban a Kis- K\u00fck\u00fcll\u0151 c. lap szerk.-je (1936\u201338), amely ezut\u00e1n V\u00e1rmegyei \u00dajs\u00e1g n\u00e9ven \u00e9lt tov\u00e1bb (\u20131938). \u2013 F. m.: Csendes akkordok: K\u00f6ltem\u00e9nyek (Dics\u0151szentm\u00e1rton, 1914). Irod.: F\u00fcl\u00f6p\u2013Ferencz<\/p>\n","protected":false},"featured_media":0,"comment_status":"open","ping_status":"closed","template":"","meta":[],"product_brand":[],"product_cat":[137],"product_tag":[],"class_list":{"0":"post-1805","1":"product","2":"type-product","3":"status-publish","5":"product_cat-maros-megyei-eletrajzi-lexikon","7":"first","8":"instock","9":"shipping-taxable","10":"product-type-simple"},"_links":{"self":[{"href":"https:\/\/uj.adatbank.ro\/lexikon\/wp-json\/wp\/v2\/product\/1805","targetHints":{"allow":["GET"]}}],"collection":[{"href":"https:\/\/uj.adatbank.ro\/lexikon\/wp-json\/wp\/v2\/product"}],"about":[{"href":"https:\/\/uj.adatbank.ro\/lexikon\/wp-json\/wp\/v2\/types\/product"}],"replies":[{"embeddable":true,"href":"https:\/\/uj.adatbank.ro\/lexikon\/wp-json\/wp\/v2\/comments?post=1805"}],"wp:attachment":[{"href":"https:\/\/uj.adatbank.ro\/lexikon\/wp-json\/wp\/v2\/media?parent=1805"}],"wp:term":[{"taxonomy":"product_brand","embeddable":true,"href":"https:\/\/uj.adatbank.ro\/lexikon\/wp-json\/wp\/v2\/product_brand?post=1805"},{"taxonomy":"product_cat","embeddable":true,"href":"https:\/\/uj.adatbank.ro\/lexikon\/wp-json\/wp\/v2\/product_cat?post=1805"},{"taxonomy":"product_tag","embeddable":true,"href":"https:\/\/uj.adatbank.ro\/lexikon\/wp-json\/wp\/v2\/product_tag?post=1805"}],"curies":[{"name":"wp","href":"https:\/\/api.w.org\/{rel}","templated":true}]}}