{"id":18050,"date":"2025-07-16T10:37:40","date_gmt":"2025-07-16T08:37:40","guid":{"rendered":"https:\/\/uj.adatbank.ro\/lexikon\/termek\/peterfy-jozsef-peterfi-jozsef-kibedi\/"},"modified":"2025-07-16T10:37:40","modified_gmt":"2025-07-16T08:37:40","slug":"peterfy-jozsef-peterfi-jozsef-kibedi","status":"publish","type":"product","link":"https:\/\/uj.adatbank.ro\/lexikon\/termek\/peterfy-jozsef-peterfi-jozsef-kibedi\/","title":{"rendered":"P\u00c9TERFY J\u00f3zsef, P\u00e9terfi J\u00f3zsef, kib\u00e9di"},"content":{"rendered":"<p>1790., \u2020 Mv., 1873. j\u00fal.11.: ref. esperes. \u2013 Testv\u00e9re: J\u00fali\u00e1nna K\u00e1lai S\u00e1mueln\u00e9. Feles\u00e9ge: 1. Marosi K\u00e1rolina. Gyerekeik: orvos P. J\u00f3zsef; P. Anna; K\u00e1rolina Pap S\u00e1ndorn\u00e9; P. Roz\u00e1lia Tolvaly Ferencn\u00e9; 2. B\u00f6sz\u00f6rm\u00e9nyi Anna. Gyermekeik: P.J\u00f3z\u00e9fa Bednay Andr\u00e1sn\u00e9; P. M\u00e1ria ref. lelk\u00e9sz T\u00f3th M\u00e1rtonn\u00e9; Le\u00e1nyuk: P. \u00c1gnes (1843.\u00a0? \u2013 1865. aug. 28.). 3. Nagy Anna (1818., \u2020 1881. m\u00e1rc. 15.). \u2013 Kib\u00e9di P\u00e9terfy J\u00f3zsef mv.-i ev. ref. pap (1819\u20131873), a marosi egyh\u00e1zmegyei esperes (1850\u20131873). A mv.-i egyh\u00e1zk\u00f6zs\u00e9g megv\u00e1lasztotta a gy\u00fclekezet lelkip\u00e1sztor\u00e1nak. Az egyh\u00e1zmegye f\u0151jegyz\u0151je (1848), esperese (1849\u20131873).Fogarasi papp\u00e1 v\u00e1lasztott\u00e1k (1837\u2013) Mv.-en lelk\u00e9sz, a Marosi ref. Egyh\u00e1zmegye esperese (1850\u201373). <br \/><strong>Irod.:<\/strong> Gy\u00e1szjelent\u0151; P\u00e1lmay J\u00f3zsef<\/br><\/p>\n","protected":false},"excerpt":{"rendered":"<p>1790., \u2020 Mv., 1873. j\u00fal.11.: ref. esperes. \u2013 Testv\u00e9re: J\u00fali\u00e1nna K\u00e1lai S\u00e1mueln\u00e9. Feles\u00e9ge: 1. Marosi K\u00e1rolina. Gyerekeik: orvos P. J\u00f3zsef; P. Anna; K\u00e1rolina Pap S\u00e1ndorn\u00e9; P. Roz\u00e1lia Tolvaly Ferencn\u00e9; 2. B\u00f6sz\u00f6rm\u00e9nyi Anna. Gyermekeik: P.J\u00f3z\u00e9fa Bednay Andr\u00e1sn\u00e9; P. M\u00e1ria ref. lelk\u00e9sz T\u00f3th M\u00e1rtonn\u00e9; Le\u00e1nyuk: P. \u00c1gnes (1843.\u00a0? \u2013 1865. aug. 28.). 3. Nagy Anna (1818., \u2020 [&hellip;]<\/p>\n","protected":false},"featured_media":0,"comment_status":"open","ping_status":"closed","template":"","meta":[],"product_brand":[],"product_cat":[137],"product_tag":[],"class_list":{"0":"post-18050","1":"product","2":"type-product","3":"status-publish","5":"product_cat-maros-megyei-eletrajzi-lexikon","7":"first","8":"instock","9":"shipping-taxable","10":"product-type-simple"},"_links":{"self":[{"href":"https:\/\/uj.adatbank.ro\/lexikon\/wp-json\/wp\/v2\/product\/18050","targetHints":{"allow":["GET"]}}],"collection":[{"href":"https:\/\/uj.adatbank.ro\/lexikon\/wp-json\/wp\/v2\/product"}],"about":[{"href":"https:\/\/uj.adatbank.ro\/lexikon\/wp-json\/wp\/v2\/types\/product"}],"replies":[{"embeddable":true,"href":"https:\/\/uj.adatbank.ro\/lexikon\/wp-json\/wp\/v2\/comments?post=18050"}],"wp:attachment":[{"href":"https:\/\/uj.adatbank.ro\/lexikon\/wp-json\/wp\/v2\/media?parent=18050"}],"wp:term":[{"taxonomy":"product_brand","embeddable":true,"href":"https:\/\/uj.adatbank.ro\/lexikon\/wp-json\/wp\/v2\/product_brand?post=18050"},{"taxonomy":"product_cat","embeddable":true,"href":"https:\/\/uj.adatbank.ro\/lexikon\/wp-json\/wp\/v2\/product_cat?post=18050"},{"taxonomy":"product_tag","embeddable":true,"href":"https:\/\/uj.adatbank.ro\/lexikon\/wp-json\/wp\/v2\/product_tag?post=18050"}],"curies":[{"name":"wp","href":"https:\/\/api.w.org\/{rel}","templated":true}]}}