{"id":18051,"date":"2025-07-16T10:37:41","date_gmt":"2025-07-16T08:37:41","guid":{"rendered":"https:\/\/uj.adatbank.ro\/lexikon\/termek\/peterfy-karoly\/"},"modified":"2025-07-16T10:37:41","modified_gmt":"2025-07-16T08:37:41","slug":"peterfy-karoly","status":"publish","type":"product","link":"https:\/\/uj.adatbank.ro\/lexikon\/termek\/peterfy-karoly\/","title":{"rendered":"P\u00c9TERFY K\u00e1roly"},"content":{"rendered":"<p>M\u00e1ja, 1868 m\u00e1rc.6 \u2020 Torboszl\u00f3 ( Maros), 1941 nov.: ref. lelk\u00e9sz. Kor\u00e1n \u00e1rv\u00e1n maradt, parajdi nagyn\u00e9nj\u00e9hez ke\u00fclt. Ott v\u00e9gezte az elemi iskol\u00e1t, azut\u00e1n a sz\u00e9kelyudvarhelyi Ref. Koll.-ba \u00edratt\u00e1k.Teol\u00f3gi\u00e1t Enyeden v\u00e9gzett, ott is szentelt\u00e9k papp\u00e1 (1880). Szolg\u00e1lat\u00e1t Pusztakamar\u00e1son (Kolozs) kezdte, azut\u00e1n Abodra (Maros), onnan Ny\u00e1r\u00e1dsely\u00e9be (Maros) ker\u00fclt.(1910\u20131934). Legjelent\u0151sebb megval\u00f3s\u00edt\u00e1sa a selyei templom fel\u00e9p\u00edt\u00e9se (1932\u201334).Az \u0151 idej\u00e9ben alakult a N\u0151sz\u00f6vets\u00e9g is (1926), amelynek nagy szerepe volt a h\u00edvek adakoz\u00e1s\u00e1ban a templom\u00e9p\u00edt\u00e9s c\u00e9lj\u00e1ra. A lelk\u00e9sz Torboszl\u00f3ra k\u00f6lt\u00f6z\u00f6tt, ahol h\u00e1zat \u00e9p\u00edtett (1934 okt.7). Ott is temett\u00e9k el..Irod.: Ny\u00e1r\u00e1dselye \u00e9s egyh\u00e1zai<\/br><\/p>\n","protected":false},"excerpt":{"rendered":"<p>M\u00e1ja, 1868 m\u00e1rc.6 \u2020 Torboszl\u00f3 ( Maros), 1941 nov.: ref. lelk\u00e9sz. Kor\u00e1n \u00e1rv\u00e1n maradt, parajdi nagyn\u00e9nj\u00e9hez ke\u00fclt. Ott v\u00e9gezte az elemi iskol\u00e1t, azut\u00e1n a sz\u00e9kelyudvarhelyi Ref. Koll.-ba \u00edratt\u00e1k.Teol\u00f3gi\u00e1t Enyeden v\u00e9gzett, ott is szentelt\u00e9k papp\u00e1 (1880). Szolg\u00e1lat\u00e1t Pusztakamar\u00e1son (Kolozs) kezdte, azut\u00e1n Abodra (Maros), onnan Ny\u00e1r\u00e1dsely\u00e9be (Maros) ker\u00fclt.(1910\u20131934). Legjelent\u0151sebb megval\u00f3s\u00edt\u00e1sa a selyei templom fel\u00e9p\u00edt\u00e9se (1932\u201334).Az \u0151 idej\u00e9ben [&hellip;]<\/p>\n","protected":false},"featured_media":0,"comment_status":"open","ping_status":"closed","template":"","meta":[],"product_brand":[],"product_cat":[137],"product_tag":[],"class_list":{"0":"post-18051","1":"product","2":"type-product","3":"status-publish","5":"product_cat-maros-megyei-eletrajzi-lexikon","7":"first","8":"instock","9":"shipping-taxable","10":"product-type-simple"},"_links":{"self":[{"href":"https:\/\/uj.adatbank.ro\/lexikon\/wp-json\/wp\/v2\/product\/18051","targetHints":{"allow":["GET"]}}],"collection":[{"href":"https:\/\/uj.adatbank.ro\/lexikon\/wp-json\/wp\/v2\/product"}],"about":[{"href":"https:\/\/uj.adatbank.ro\/lexikon\/wp-json\/wp\/v2\/types\/product"}],"replies":[{"embeddable":true,"href":"https:\/\/uj.adatbank.ro\/lexikon\/wp-json\/wp\/v2\/comments?post=18051"}],"wp:attachment":[{"href":"https:\/\/uj.adatbank.ro\/lexikon\/wp-json\/wp\/v2\/media?parent=18051"}],"wp:term":[{"taxonomy":"product_brand","embeddable":true,"href":"https:\/\/uj.adatbank.ro\/lexikon\/wp-json\/wp\/v2\/product_brand?post=18051"},{"taxonomy":"product_cat","embeddable":true,"href":"https:\/\/uj.adatbank.ro\/lexikon\/wp-json\/wp\/v2\/product_cat?post=18051"},{"taxonomy":"product_tag","embeddable":true,"href":"https:\/\/uj.adatbank.ro\/lexikon\/wp-json\/wp\/v2\/product_tag?post=18051"}],"curies":[{"name":"wp","href":"https:\/\/api.w.org\/{rel}","templated":true}]}}