{"id":18053,"date":"2025-07-16T10:37:44","date_gmt":"2025-07-16T08:37:44","guid":{"rendered":"https:\/\/uj.adatbank.ro\/lexikon\/termek\/peterfy-karoly-%c2%a7-kibedi-peterfi-karoly-peterffy-peterffi\/"},"modified":"2025-07-16T10:37:44","modified_gmt":"2025-07-16T08:37:44","slug":"peterfy-karoly-%c2%a7-kibedi-peterfi-karoly-peterffy-peterffi","status":"publish","type":"product","link":"https:\/\/uj.adatbank.ro\/lexikon\/termek\/peterfy-karoly-%c2%a7-kibedi-peterfi-karoly-peterffy-peterffi\/","title":{"rendered":"P\u00c9TERFY K\u00e1roly, \u00a7; Kib\u00e9di P\u00e9terfi K\u00e1roly; P\u00e9terffy, P\u00e9terffi"},"content":{"rendered":"<p>S\u00f3v\u00e1rad, 1790. \u00e1pr. 17., \u2020 Mv., 1873. jan. 23.: filo\u00adz\u00f3fus, ref. lelk\u00e9sz, tan\u00e1r, a M. Akad. levelez\u0151 tagja. \u2013 P. L\u00e1szl\u00f3 (1749\u20131829) s\u00f3v\u00e1radi ref pap fia. Testv\u00e9rei: P. J\u00f3zsef esperes; J\u00falianna K\u00e1llai S\u00e1mueln\u00e9; P. L\u00e1szl\u00f3 (1788\u20131848) pedag\u00f3gus. Gyermekeik: P. L\u00e1szl\u00f3, feles\u00e9ge Trautenbach Anna; J\u00fali\u00e1nna Eisenegg Lip\u00f3tn\u00e9; P. K\u00e1roly, feles\u00e9ge Bakcsi \u00c1gnes; P. P\u00e1l, feles\u00e9ge Eisenegg K\u00e1rolina; P. Albert, feles\u00e9ge Madar J\u00fali\u00e1nna; P. D\u00e9nes, feles\u00e9ge Simai Vetti; P. Lina Koncz J\u00f3zsefn\u00e9; P. Victoria Jakab K\u00e1rolyn\u00e9. \u2013 Elemi \u00e9s gimn\u00e1ziumi als\u00f3 oszt\u00e1lyainak tanul\u00e1s\u00e1t \u00e9desapja vezette. A a mv.-i kol\u00adl\u00e9giumba ker\u00fclt (1803 \u2013), ahol jeles tan\u00e1rai voltak D\u00f3sa Gergely, K\u00f6teles S\u00e1muel, Antal J\u00e1nos, Tompa J\u00e1nos \u00e9s Bolyai J\u00e1nos voltak. Hat \u00e9v alatt v\u00e9gezte el a de\u00e1ki kurzusokat, mialatt megtanult n\u00e9met\u00fcl \u00e9s franci\u00e1ul is, majd br. B\u00e1nffy P\u00e1l (1810\u201311), gr. Degenfeld Miksa h\u00e1z\u00e1ban nevel\u0151 (1812\u201314); ezut\u00e1n a b\u00e9csi egy.-en ta\u00adnult (1814\u201315). Mv.-en lelk\u00e9sz a v\u00e1rtemplomban, ahol felt\u0171n\u00e9st kelt\u0151 pr\u00e9dik\u00e1ci\u00f3val k\u00f6sz\u00f6nt\u00f6tt be (1815. j\u00fal.\u20131818. j\u00fan.); a ref. kistemplom \u00e9p\u00edtkez\u00e9s\u00e9nek k\u00f6lts\u00e9geihez mozgalmat ind\u00edtott. E c\u00e9lb\u00f3l leford\u00edtotta Kotzebue : Octavia \u00e9s Lessing : Miss Sara Samponson c. sz\u00ednm\u0171veket \u00e9s ez ut\u00f3bbit el\u0151adta a Mv.-en vend\u00e9gszerepl\u0151 kv.-i Nemzeti Sz\u00ednj\u00e1tsz\u00f3 T\u00e1rsas\u00e1g, az el\u0151ad\u00e1s el\u0151tti napokban szem\u00e9lyesen j\u00e1rta el a vagyonosabb csal\u00e1dokat, a templomban buzd\u00edt\u00f3 besz\u00e9dett tartott \u00e9s \u00e9p\u00edt\u00e9si c\u00e9lra 1100 frt. gy\u0171jt\u00f6tt. Ezut\u00e1n a mv.-i Ref. Koll. filoz\u00f3fia tan\u00e1ra (1818. j\u00fan. 29. \u2013 1837. j\u00fan. 28.), latin irodalmat is tan\u00edtott, \u00e9s K\u00f6teles S\u00e1muel nyomdokait k\u00f6vetve nagy s\u00falyt helyezett a m. nyelv\u0171 tan\u00edt\u00e1si rendszerre val\u00f3 \u00e1tt\u00e9r\u00e9sre. A V\u00e1rtemplom toronygombirat\u00e1ban (1822), mint filoz\u00f3fia prof.-t eml\u00edtett\u00e9k. \u00c9rdemeit a Nemzeti Tud\u00f3st\u00e1rsas\u00e1g m\u00e9lt\u00e1nyolta amikor a m. nyelv \u00e9s literatura \u00e1pol\u00e1s\u00e1\u00e9rt levelez\u0151 tagj\u00e1v\u00e1 v\u00e1lasztotta (1834). 19 \u00e9vi tan\u00e1rs\u00e1g\u00e1b\u00f3l 6 \u00e9vig tanvezet\u0151 \u00e9s 3 \u00e9vig igazgat\u00f3 volt, amellett a Teleki-k\u00f6nyvr\u00e1r ellen\u0151rz\u00e9s\u00e9t is v\u00e1llalta. A mv.-i szinoduson egyh\u00e1zi besz\u00e9d tart\u00e1s\u00e1ra kapott p\u00fcsp\u00f6ki megb\u00edz\u00e1st (1827); a bonyhai szinodus k\u00f6nyvszerkeszt\u0151 bizotts\u00e1g\u00e1ban vett r\u00e9szt (1829). Ezut\u00e1n 3 \u00e9vig Tordoson (Hunyad vm.) lelk\u00e9sz (1837\u2013), ahol ez\u00fattal is fontos misszi\u00f3 bet\u00f6lt\u00e9se h\u00e1rult r\u00e1: az egyh\u00e1zk\u00f6zs\u00e9g rendbehoz\u00e1sa, \u00faj\u00e9letre kelt\u00e9se, a temlpomot, harangl\u00e1bot, cintermet, a papi telek ker\u00edt\u00e9seit \u00e9s mell\u00e9k \u00e9p\u00fcleteit kijav\u00edtatta, magyar n\u00e9piskol\u00e1t \u00e9s papilakot \u00e9p\u00edttetett, valamit a lelki \u00e9letet \u00e9s nemzeti szellemet \u00e1polta. Innen a forradalmi napokban a rom\u00e1n fel\u00adkel\u0151k el\u0151l Sz\u00e1szv\u00e1rosra menek\u00fclt (1849 febr.), r\u00f6vid ideig a sz\u00e1szv\u00e1rosi b\u00fcntet\u0151 t\u00f6rv\u00e9nysz\u00e9k tisztvisel\u0151je (1849), ez\u00e9rt k\u00e9t h\u00f3napig vizs\u00adg\u00e1lati fogs\u00e1gban tartott\u00e1k (1850). Ezut\u00e1n lelk\u00e9sz D\u00e9v\u00e1n (1850\u2013), majd ism\u00e9t Mv.-en nyugd\u00edjaz\u00e1s\u00e1ig volt (1855\u201367). I.Ferenc J\u00f3zsef mv.-i l\u00e1togat\u00e1sa idej\u00e9n hivatalos volt az udvari eb\u00e9den is (1852. j\u00fal.31). Eml\u00e9kiratban k\u00e9rte a megsz\u00fcntetett \u00f6n\u00e1ll\u00f3 elemi l\u00e9\u00e1nyiskola helyre\u00e1ll\u00edt\u00e1s\u00e1t a Ref. Egyh\u00e1zt\u00f3l (1856. Kanti\u00e1nus filoz\u00f3fiai n\u00e9zeteket vallott. A m. nyelv\u0171 eszt\u00e9tikai irod. egyik megteremt\u0151je. Filoz\u00f3fiai m\u0171vei r\u00e9szint nyomtat\u00e1sban, nagyobbr\u00e9szt k\u00e9ziratban (14 drb), egyh\u00e1zi \u00e9s alkalmi besz\u00e9dei nyomtat\u00e1sban (8. drb.), k\u00e9ziratban (64 drb.), elegyes m\u0171vei (14 drb.), ford\u00edt\u00e1sok \u00e9s kivonatok (4. drb), nyelv\u00e9szeti munk\u00e1i (3. drb). T\u00f6bb, k\u00e9ziratban maradt filoz\u00f3fiai m\u0171v\u00e9t a mv.-i ref. koll\u00e9\u00adgium k\u00f6nyvt\u00e1ra (ma Teleki-Bolya K\u00f6nyvt\u00e1r) \u0151rzi. Az MTA tagja (l.1834). A Magyarhoni F\u00f6ld\u00adtani T\u00e1rsulat alap\u00edt\u00f3 tagja (1850). \u2013 <strong>F. m.:<\/strong> Az igaz filoz\u00f3fus kharaktere (Debrecen, 1820); A tan\u00edt\u00f3nak \u00fajabbani elk\u00fcldet\u00e9se vagy egy pr\u00e9dik\u00e1ci\u00f3 mellyet mid\u0151n Mv.-i Ref. Szent Ekl\u00e9si\u00e1t\u00f3l b\u00facs\u00fat venne, a reform\u00e1tusok v\u00e1rbeli templom\u00e1ban 1818. j\u00fan. 7-napj\u00e1n elmondott (S\u00e1rospatak, 1920); Az Istennek orsz\u00e1ga, nem a set\u00e9ts\u00e9gnek, hanem a vil\u00e1goss\u00e1gnak, nem a hazugs\u00e1gnak, hanem az igazs\u00e1gnak, nem a v\u00e9teknek, hanem a virtusnak orsz\u00e1ga, melynek f\u00e9nyes napja J\u00e9zus (a mv.i v\u00e1rbeli nagytemplomban elmondott 1827. j\u00fan. 24.-\u00e9n, Nagyenyed, 1830); Filoz\u00f3fusok \u00e9s a filoz\u00f3fia hist\u00f3ri\u00e1ja, I. k (Mv., 1833); Alapfiloz\u00f3fia (Nagyenyed, 1841); K\u00f6z\u00f6ns\u00e9\u00adges \u00e9s alkalmi egyh\u00e1zi besz\u00e9dek (Mv., 1871); Egyezs\u00e9g \u00e1llam- \u00e9s egyh\u00e1zban (Pest, 1871); A vizsg\u00e1l\u00f3d\u00f3 filoz\u00f3fi\u00e1nak syst\u00e9-m\u00e1ja. III. Izl\u00e9studom\u00e1ny avagy eszt\u00e9tika (Kv., 1940). <br \/><strong>Irod.:<\/strong> Cs\u00e1ky; Csekme; Czirj\u00e1k Erd\u00e9lyi arcok; Er\u0151s v\u00e1runk; Ferenczy-Danielik; Filep; F\u00fcl\u00f6p\u2013Ferencz; G\u00e1l Istv\u00e1n: Ungarn und die Nachbarv\u00f6lker (Bp., s.a.); Gy\u00e1szjelent\u0151; Id\u0151t\u00e1r 1; Id\u0151t\u00e1r 2; Kelemen Lajos; Keszeg; Kib\u00e9d; Kib\u00e9d 2.; Kiss \u00c1ron: P. K. \u00e9lete \u00e9s munk\u00e1i (M. Philosophiai Szle, 1882); Kiss-K\u00e1lm\u00e1n-Bierbrunner; Koncz; Kozma; Krist\u00f3f Gy\u00f6rgy: P. K. eszt\u00e9tik\u00e1ja (Irod.t\u00f6rt. K\u00f6zlm., 1934); Kr\u00f3n. F\u00fcz. (1939. 4\/7); M\u00c9L; MNL; Nagy \u2013Bod\u00f3 Tibor: A v\u00e1s\u00e1rhelyi Ref. Kistemplom (K\u00f6zpont, 2014. m\u00e1rc. 20\u201326); P\u00e1lmay J\u00f3zsef; Par\u00e1di; RNL; Rugonfalvi Kiss; Sz. Szab\u00f3 L\u00e1szl\u00f3: Az els\u0151 eredeti magyar nyelv\u0171 eszt\u00e9tikai rend\u00adszer: P. K. \u00edzl\u00e9studom\u00e1nya vagy eszt\u00e9tik\u00e1ja (M\u0171vel\u0151d\u00e9stud. Tan., 1997); Szab\u00f3-Sz\u00f6gi; Szinnyei; \u00dajabb kori ismeretek t\u00e1ra (Pest, 1850\u201355); Toldy; \u00daM\u00c9L; Zov\u00e1nyi; Zsigmond Irma: A Teleki T\u00e9ka m\u00falt sz\u00e1zadi olvas\u00f3napl\u00f3i = Mv. T\u00f6rt\u00e9net\u00e9b\u0151l; V\u00e1rtemplomi lelk\u00e9szek n\u00e9vsora, 1571\u20132000 (\u00daj Kezdet, 2. sz., 2000)<\/br><\/p>\n","protected":false},"excerpt":{"rendered":"<p>S\u00f3v\u00e1rad, 1790. \u00e1pr. 17., \u2020 Mv., 1873. jan. 23.: filo\u00adz\u00f3fus, ref. lelk\u00e9sz, tan\u00e1r, a M. Akad. levelez\u0151 tagja. \u2013 P. L\u00e1szl\u00f3 (1749\u20131829) s\u00f3v\u00e1radi ref pap fia. Testv\u00e9rei: P. J\u00f3zsef esperes; J\u00falianna K\u00e1llai S\u00e1mueln\u00e9; P. L\u00e1szl\u00f3 (1788\u20131848) pedag\u00f3gus. Gyermekeik: P. L\u00e1szl\u00f3, feles\u00e9ge Trautenbach Anna; J\u00fali\u00e1nna Eisenegg Lip\u00f3tn\u00e9; P. K\u00e1roly, feles\u00e9ge Bakcsi \u00c1gnes; P. P\u00e1l, feles\u00e9ge Eisenegg [&hellip;]<\/p>\n","protected":false},"featured_media":0,"comment_status":"open","ping_status":"closed","template":"","meta":[],"product_brand":[],"product_cat":[137],"product_tag":[],"class_list":{"0":"post-18053","1":"product","2":"type-product","3":"status-publish","5":"product_cat-maros-megyei-eletrajzi-lexikon","7":"first","8":"instock","9":"shipping-taxable","10":"product-type-simple"},"_links":{"self":[{"href":"https:\/\/uj.adatbank.ro\/lexikon\/wp-json\/wp\/v2\/product\/18053","targetHints":{"allow":["GET"]}}],"collection":[{"href":"https:\/\/uj.adatbank.ro\/lexikon\/wp-json\/wp\/v2\/product"}],"about":[{"href":"https:\/\/uj.adatbank.ro\/lexikon\/wp-json\/wp\/v2\/types\/product"}],"replies":[{"embeddable":true,"href":"https:\/\/uj.adatbank.ro\/lexikon\/wp-json\/wp\/v2\/comments?post=18053"}],"wp:attachment":[{"href":"https:\/\/uj.adatbank.ro\/lexikon\/wp-json\/wp\/v2\/media?parent=18053"}],"wp:term":[{"taxonomy":"product_brand","embeddable":true,"href":"https:\/\/uj.adatbank.ro\/lexikon\/wp-json\/wp\/v2\/product_brand?post=18053"},{"taxonomy":"product_cat","embeddable":true,"href":"https:\/\/uj.adatbank.ro\/lexikon\/wp-json\/wp\/v2\/product_cat?post=18053"},{"taxonomy":"product_tag","embeddable":true,"href":"https:\/\/uj.adatbank.ro\/lexikon\/wp-json\/wp\/v2\/product_tag?post=18053"}],"curies":[{"name":"wp","href":"https:\/\/api.w.org\/{rel}","templated":true}]}}