{"id":18054,"date":"2025-07-16T10:37:47","date_gmt":"2025-07-16T08:37:47","guid":{"rendered":"https:\/\/uj.adatbank.ro\/lexikon\/termek\/peterfy-karoly-kibedi-peterfi\/"},"modified":"2025-07-16T10:37:47","modified_gmt":"2025-07-16T08:37:47","slug":"peterfy-karoly-kibedi-peterfi","status":"publish","type":"product","link":"https:\/\/uj.adatbank.ro\/lexikon\/termek\/peterfy-karoly-kibedi-peterfi\/","title":{"rendered":"P\u00c9TERFY K\u00e1roly, kib\u00e9di; P\u00e9terfi"},"content":{"rendered":"<p>Mv., 1826. szept. 22., \u2020 Mv., 1910. febr. 15.: rajztan\u00e1r, fest\u0151. \u2013 P. K\u00e1roly lelk\u00e9sz (1790\u20131873) \u00e9s B\u00f6sz\u00f6rm\u00e9nyi M\u00e1ria fia. Feles\u00e9ge: albisi Bakcsi \u00c1gnes (1822.? \u2013 Mv., 1888. m\u00e1rc. 7.). \u2013 A B\u00e9csi K\u00e9pz\u0151m\u0171v\u00e9szeti Akad, Fest\u00e9szeti Kar\u00e1n tanult (1851\u201352) beiratkoz\u00e1sakor 20 \u00e9ves. Az 1848\/49. \u2013es forradalomban honv\u00e9d \u0151rmester. Rajztan\u00e1r volt Mv.-en a Ref. Koll.- ban (1861\u20131900). Kib\u00e9di P\u00e9terfi P\u00e1lt \u00e1br\u00e1zol\u00f3 arck\u00e9p\u00e9t Pesten Masz\u00e1k Hug\u00f3 rajzolta k\u0151re (1861). <br \/><strong>Irod.:<\/strong> Csekme; \u00c9ber (1935); Filep; Gy\u00e1szjelent\u0151; A kib\u00e9di P\u00e9terfi csal\u00e1d \u00e9s jeles tagjai, Kib\u00e9di P\u00e9terfi K\u00e1roly=Kib\u00e9d; P\u00e1lmay; Szab\u00f3\u2013Simon\u2013Sz\u00f6gi<\/br><\/p>\n","protected":false},"excerpt":{"rendered":"<p>Mv., 1826. szept. 22., \u2020 Mv., 1910. febr. 15.: rajztan\u00e1r, fest\u0151. \u2013 P. K\u00e1roly lelk\u00e9sz (1790\u20131873) \u00e9s B\u00f6sz\u00f6rm\u00e9nyi M\u00e1ria fia. Feles\u00e9ge: albisi Bakcsi \u00c1gnes (1822.? \u2013 Mv., 1888. m\u00e1rc. 7.). \u2013 A B\u00e9csi K\u00e9pz\u0151m\u0171v\u00e9szeti Akad, Fest\u00e9szeti Kar\u00e1n tanult (1851\u201352) beiratkoz\u00e1sakor 20 \u00e9ves. Az 1848\/49. \u2013es forradalomban honv\u00e9d \u0151rmester. Rajztan\u00e1r volt Mv.-en a Ref. Koll.- ban [&hellip;]<\/p>\n","protected":false},"featured_media":0,"comment_status":"open","ping_status":"closed","template":"","meta":[],"product_brand":[],"product_cat":[137],"product_tag":[],"class_list":{"0":"post-18054","1":"product","2":"type-product","3":"status-publish","5":"product_cat-maros-megyei-eletrajzi-lexikon","7":"first","8":"instock","9":"shipping-taxable","10":"product-type-simple"},"_links":{"self":[{"href":"https:\/\/uj.adatbank.ro\/lexikon\/wp-json\/wp\/v2\/product\/18054","targetHints":{"allow":["GET"]}}],"collection":[{"href":"https:\/\/uj.adatbank.ro\/lexikon\/wp-json\/wp\/v2\/product"}],"about":[{"href":"https:\/\/uj.adatbank.ro\/lexikon\/wp-json\/wp\/v2\/types\/product"}],"replies":[{"embeddable":true,"href":"https:\/\/uj.adatbank.ro\/lexikon\/wp-json\/wp\/v2\/comments?post=18054"}],"wp:attachment":[{"href":"https:\/\/uj.adatbank.ro\/lexikon\/wp-json\/wp\/v2\/media?parent=18054"}],"wp:term":[{"taxonomy":"product_brand","embeddable":true,"href":"https:\/\/uj.adatbank.ro\/lexikon\/wp-json\/wp\/v2\/product_brand?post=18054"},{"taxonomy":"product_cat","embeddable":true,"href":"https:\/\/uj.adatbank.ro\/lexikon\/wp-json\/wp\/v2\/product_cat?post=18054"},{"taxonomy":"product_tag","embeddable":true,"href":"https:\/\/uj.adatbank.ro\/lexikon\/wp-json\/wp\/v2\/product_tag?post=18054"}],"curies":[{"name":"wp","href":"https:\/\/api.w.org\/{rel}","templated":true}]}}