{"id":18055,"date":"2025-07-16T10:37:49","date_gmt":"2025-07-16T08:37:49","guid":{"rendered":"https:\/\/uj.adatbank.ro\/lexikon\/termek\/peterfy-lajos\/"},"modified":"2025-07-16T10:37:49","modified_gmt":"2025-07-16T08:37:49","slug":"peterfy-lajos","status":"publish","type":"product","link":"https:\/\/uj.adatbank.ro\/lexikon\/termek\/peterfy-lajos\/","title":{"rendered":"P\u00c9TERFY Lajos"},"content":{"rendered":"<p>? \u2020 ?: ref. lek\u00e9sz.- M\u00e1j\u00e1ban volt lelk\u00e9sz (1861- 1896 ), majd Torboszl\u00f3n (1896- ) volt lelk\u00e9sz. P\u00e9terfy L\u00e1szl\u00f3 nagyapja. <br \/><strong>Irod.:<\/strong> M\u00e1ja<\/br><\/p>\n","protected":false},"excerpt":{"rendered":"<p>? \u2020 ?: ref. lek\u00e9sz.- M\u00e1j\u00e1ban volt lelk\u00e9sz (1861- 1896 ), majd Torboszl\u00f3n (1896- ) volt lelk\u00e9sz. P\u00e9terfy L\u00e1szl\u00f3 nagyapja. Irod.: M\u00e1ja<\/p>\n","protected":false},"featured_media":0,"comment_status":"open","ping_status":"closed","template":"","meta":[],"product_brand":[],"product_cat":[137],"product_tag":[],"class_list":{"0":"post-18055","1":"product","2":"type-product","3":"status-publish","5":"product_cat-maros-megyei-eletrajzi-lexikon","7":"first","8":"instock","9":"shipping-taxable","10":"product-type-simple"},"_links":{"self":[{"href":"https:\/\/uj.adatbank.ro\/lexikon\/wp-json\/wp\/v2\/product\/18055","targetHints":{"allow":["GET"]}}],"collection":[{"href":"https:\/\/uj.adatbank.ro\/lexikon\/wp-json\/wp\/v2\/product"}],"about":[{"href":"https:\/\/uj.adatbank.ro\/lexikon\/wp-json\/wp\/v2\/types\/product"}],"replies":[{"embeddable":true,"href":"https:\/\/uj.adatbank.ro\/lexikon\/wp-json\/wp\/v2\/comments?post=18055"}],"wp:attachment":[{"href":"https:\/\/uj.adatbank.ro\/lexikon\/wp-json\/wp\/v2\/media?parent=18055"}],"wp:term":[{"taxonomy":"product_brand","embeddable":true,"href":"https:\/\/uj.adatbank.ro\/lexikon\/wp-json\/wp\/v2\/product_brand?post=18055"},{"taxonomy":"product_cat","embeddable":true,"href":"https:\/\/uj.adatbank.ro\/lexikon\/wp-json\/wp\/v2\/product_cat?post=18055"},{"taxonomy":"product_tag","embeddable":true,"href":"https:\/\/uj.adatbank.ro\/lexikon\/wp-json\/wp\/v2\/product_tag?post=18055"}],"curies":[{"name":"wp","href":"https:\/\/api.w.org\/{rel}","templated":true}]}}