{"id":18056,"date":"2025-07-16T10:37:53","date_gmt":"2025-07-16T08:37:53","guid":{"rendered":"https:\/\/uj.adatbank.ro\/lexikon\/termek\/peterfy-laszlo\/"},"modified":"2025-07-16T10:37:53","modified_gmt":"2025-07-16T08:37:53","slug":"peterfy-laszlo","status":"publish","type":"product","link":"https:\/\/uj.adatbank.ro\/lexikon\/termek\/peterfy-laszlo\/","title":{"rendered":"P\u00c9TERFY L\u00e1szl\u00f3"},"content":{"rendered":"<p>Ny\u00e1r\u00e1dselye, 1936- \u2020\u00a0?: szobr\u00e1szm\u0171v\u00e9sz. \u2013 F\u0151iskol\u00e1t fest\u0151 szakon v\u00e9gzett Kv.-on, majd Mv.-en tan\u00edtott (1966-ig). Feles\u00e9ge J\u00e9kely Zolt\u00e1n k\u00f6lt\u0151 le\u00e1nya, miatta telep\u00fclt \u00e1t Mo.-ra. Tan\u00edtott a bp.-i M\u0171v\u00e9szeti Gimn\u00e1ziumban, , n\u00e9pm\u0171v\u00e9szeti fafarag\u00f3 szakk\u00f6r\u00f6ket, t\u00e1borokat szervezett \u00e9s vezetett. Szobrai Si\u00f3fokon, Bp.-en, S\u00e1rospatakon, Pakson, Piliscsab\u00e1n, Gy\u0151rben. K\u00f3s K\u00e1roly-, Betlen G\u00e1bor-\u00e9rmet k\u00e9sz\u00edtett.<br \/><strong>Irod.:<\/strong> Frigyes \u00c1gnes\u00a0: H\u00fasz reform\u00e1tus lelk\u00e9sz egy csal\u00e1dban (Er\u00e9lyi Napl\u00f3, 12. wsz., 2006.); Szab\u00f3 \u2013 K\u00e1llai<\/br><\/p>\n","protected":false},"excerpt":{"rendered":"<p>Ny\u00e1r\u00e1dselye, 1936- \u2020\u00a0?: szobr\u00e1szm\u0171v\u00e9sz. \u2013 F\u0151iskol\u00e1t fest\u0151 szakon v\u00e9gzett Kv.-on, majd Mv.-en tan\u00edtott (1966-ig). Feles\u00e9ge J\u00e9kely Zolt\u00e1n k\u00f6lt\u0151 le\u00e1nya, miatta telep\u00fclt \u00e1t Mo.-ra. Tan\u00edtott a bp.-i M\u0171v\u00e9szeti Gimn\u00e1ziumban, , n\u00e9pm\u0171v\u00e9szeti fafarag\u00f3 szakk\u00f6r\u00f6ket, t\u00e1borokat szervezett \u00e9s vezetett. Szobrai Si\u00f3fokon, Bp.-en, S\u00e1rospatakon, Pakson, Piliscsab\u00e1n, Gy\u0151rben. K\u00f3s K\u00e1roly-, Betlen G\u00e1bor-\u00e9rmet k\u00e9sz\u00edtett.Irod.: Frigyes \u00c1gnes\u00a0: H\u00fasz reform\u00e1tus lelk\u00e9sz egy csal\u00e1dban [&hellip;]<\/p>\n","protected":false},"featured_media":0,"comment_status":"open","ping_status":"closed","template":"","meta":[],"product_brand":[],"product_cat":[137],"product_tag":[],"class_list":{"0":"post-18056","1":"product","2":"type-product","3":"status-publish","5":"product_cat-maros-megyei-eletrajzi-lexikon","7":"first","8":"instock","9":"shipping-taxable","10":"product-type-simple"},"_links":{"self":[{"href":"https:\/\/uj.adatbank.ro\/lexikon\/wp-json\/wp\/v2\/product\/18056","targetHints":{"allow":["GET"]}}],"collection":[{"href":"https:\/\/uj.adatbank.ro\/lexikon\/wp-json\/wp\/v2\/product"}],"about":[{"href":"https:\/\/uj.adatbank.ro\/lexikon\/wp-json\/wp\/v2\/types\/product"}],"replies":[{"embeddable":true,"href":"https:\/\/uj.adatbank.ro\/lexikon\/wp-json\/wp\/v2\/comments?post=18056"}],"wp:attachment":[{"href":"https:\/\/uj.adatbank.ro\/lexikon\/wp-json\/wp\/v2\/media?parent=18056"}],"wp:term":[{"taxonomy":"product_brand","embeddable":true,"href":"https:\/\/uj.adatbank.ro\/lexikon\/wp-json\/wp\/v2\/product_brand?post=18056"},{"taxonomy":"product_cat","embeddable":true,"href":"https:\/\/uj.adatbank.ro\/lexikon\/wp-json\/wp\/v2\/product_cat?post=18056"},{"taxonomy":"product_tag","embeddable":true,"href":"https:\/\/uj.adatbank.ro\/lexikon\/wp-json\/wp\/v2\/product_tag?post=18056"}],"curies":[{"name":"wp","href":"https:\/\/api.w.org\/{rel}","templated":true}]}}