{"id":18057,"date":"2025-07-16T10:37:56","date_gmt":"2025-07-16T08:37:56","guid":{"rendered":"https:\/\/uj.adatbank.ro\/lexikon\/termek\/peterfy-laszlo-%c2%a7\/"},"modified":"2025-07-16T10:37:56","modified_gmt":"2025-07-16T08:37:56","slug":"peterfy-laszlo-%c2%a7","status":"publish","type":"product","link":"https:\/\/uj.adatbank.ro\/lexikon\/termek\/peterfy-laszlo-%c2%a7\/","title":{"rendered":"P\u00c9TERFY L\u00e1szl\u00f3, \u00a7"},"content":{"rendered":"<p>Ny\u00e1r\u00e1dselye, 1910. febr. 2., \u2020 Nagykend, 2005. okt. 26 : ref. lelk\u00e9sz, tan\u00e1r, \u00edr\u00f3. \u2013 Kib\u00e9di sz\u00e9kely nemes csal\u00e1db\u00f3l sz\u00e1rmazott. P. Lajos m\u00e1jai ref. lelk\u00e9sz unok\u00e1ja. Gyermekei: L\u00e1szl\u00f3 (szobr\u00e1sz Bp.\u2013), Ir\u00e9n, \u00c9va (tan\u00e1rn\u00f4k). \u2013 Tanult Nagyenyeden, a mv.-i Ref. Koll.-ban ahol \u00e9retts\u00e9gizett (1928); Kv.-on v\u00e9gezte a protest\u00e1ns teol\u00f3gi\u00e1t (1932) \u00e9s azzal p\u00e1rhuzamosan t\u00f6rt\u00e9nelem\u2013f\u00f6ldrajz-m. szakos tan\u00e1ri diplom\u00e1t szerzett. Erd\u0151sz\u00e1d\u00e1n D\u00e9genfeld gr. nevel\u0151je (1933\u201334). Lelk\u00e9sz \u00e9desapja nyugd\u00edjaz\u00e1sa ut\u00e1n ker\u00fclt hely\u00e9be Ny\u00e1r\u00e1dsely\u00e9be (1934\u201342). Ott \u00faj papi \u00e9s tan\u00edt\u00f3i lak\u00e1st \u00e9p\u00edttetett, megn\u0151s\u00fclt. Hossz\u00fa id\u0151n \u00e1t t\u00f6bb egyh\u00e1zmegyei tiszts\u00e9get t\u00f6lt\u00f6tt be (szolg\u00e1l\u00f3 misszi\u00f3i el\u0151ad\u00f3, lelk\u00e9sz\u00e9rtekezletek eln\u00f6ke). Nagykendre t\u00e1vozott (1942\u201374); ahol feladatait v\u00e9gezte: a gy\u00fclekezet pasztoriz\u00e1ci\u00f3j\u00e1t, bibliak\u00f6ri tev.-t, vas\u00e1rnapi iskola, stb. Anyagi t\u00e9ren eml\u00edt\u00e9sre m\u00e9lt\u00f3 megval\u00f3s\u00edt\u00e1sai: a templom \u00e9s papilak renov\u00e1l\u00e1sa, b\u0151v\u00edt\u00e9se, harangv\u00e1s\u00e1r, \u00faj sz\u0151l\u0151 telep\u00edt\u00e9s stb. R\u00e9szt vett a k\u00f6z\u00fcgyekben, el\u0151ad\u00e1sokat tartott, egyh\u00e1zmegyei vizsg\u00e1l\u00f3bizotts\u00e1g tagja, a lelk\u00e9szi k\u00f6z\u00f6ss\u00e9g ir\u00e1ny\u00edt\u00f3ja; polg\u00e1ri iskolai tan\u00e1r, a m. nyelv, t\u00f6rt\u00e9nelem, f\u00f6ldrajz, alkotm\u00e1nytan el\u0151ad\u00f3ja \u00e9s igazgat\u00f3 Makfalv\u00e1n az akkor indul\u00f3 ref. iskol\u00e1ban (1942\u201344), \u00e9s Bonyh\u00e1n (1946\u201348). 40 \u00e9vi szolg\u00e1lat ut\u00e1n (1974. j\u00fal. 30) k\u00e9rte nyugd\u00edjaz\u00e1s\u00e1t, \u00e9s Kiskendre k\u00f6lt\u00f6z\u00f6tt. Kutat\u00e1sainak forr\u00e1sa az egyh\u00e1zi iratok, a lev\u00e9lt\u00e1rak, ter\u00fclete: az erd\u00e9lyi m. ref. egyh\u00e1zk\u00f6zs\u00e9g t\u00f6rt\u00e9nete, els\u0151sorban azoknak a telep\u00fcl\u00e9seknek \u00e9s egyh\u00e1zaiknak a t\u00f6rt\u00e9net\u00e9t tanulm\u00e1nyozta, ahol \u00e9lt \u00e9s dolgozott. Els\u0151nek meg\u00edrta Ny\u00e1r\u00e1dselye t\u00f6rt\u00e9net\u00e9t. Nyugd\u00edjaz\u00e1sa ut\u00e1n \u00edrta meg Kend, Bonyha, Sikl\u00f3d, Makfalva, Gyulakuta, H\u00e9derf\u00e1ja, Kib\u00e9d \u00e9s Balav\u00e1s\u00e1r monogr\u00e1fi\u00e1j\u00e1t. Dr. Nagy G\u00e9za teol\u00f3giai tan\u00e1r 70. sz\u00fclet\u00e9snapj\u00e1ra kiadott eml\u00e9kk\u00f6nyvbe dolgozatot \u00edrt \u201eA k\u00fck\u00fcll\u0151i egyh\u00e1zmegye fegyelmez\u00e9se a XVIII. sz\u00e1zadban\u201dc.-mel. Ir\u00e1sai megjelentek a : Ref. Szemle, N\u00e9prajzi \u00c9rtes\u00edt\u0151-ben. Balav\u00e1s\u00e1r d\u00edszpolg\u00e1ra (2003. febr.). Kendi Kalend\u00e1riumot is \u00edrt, szerkesztett. \u2013 <strong>F. m.:<\/strong> Kib\u00e9d \u00e9s egyh\u00e1za (Sz\u00e9kelyudvarhely, 1999, 2001); Kend \u00e9s egyh\u00e1za (Sz\u00e9kelyudvarhely, 1999); Bonyha \u00e9s egyh\u00e1za (Sz\u00e9kelyudvarhely, 2000); Ny\u00e1r\u00e1dselye \u00e9s egyh\u00e1za (Sz\u00e9kelyudvarhely, 2000); Balav\u00e1s\u00e1r \u00e9s egyh\u00e1za (Sz\u00e9kelyudvarhely, 2001), Gyulakuta \u00e9s egyh\u00e1za (Sz\u00e9kelyudvarhely, 2001); H\u00e9derf\u00e1ja \u00e9s egyh\u00e1za (Sz\u00e9kelyudvarhely, 2001); Makkfalva egyh\u00e1za \u00e9s a Wessel\u00e9nyi Koll\u00e9gium (Sz\u00e9kelyudvarhely, 2003); Sikl\u00f3d monogr\u00e1fi\u00e1ja. <br \/><strong>Irod.:<\/strong> Bartos 2012; B\u00f6l\u00f6ni Domokos: Elment a penn\u00e1s lelk\u00e9sz: Imm\u00e1r a Bekecs fel\u0151l n\u00e9z re\u00e1nk (N\u00fa., 2005. okt. 29.); B\u00f6l\u00f6ni Domokos: A kende f\u00f6ldj\u00e9n (N\u00fa., 1995. aug. 1.); KKACs; Makfalvi okt. t\u00f6rt.; M\u00e1tyus Andr\u00e1s: Hittel, tollal, sz\u00edvvel (Sz\u00e9kelyudvarhely, 2001); (N\u00fa., 2005. aug. 31); M\u00e1tyus Andr\u00e1s, M\u00e1tyus Gyula, B\u00e1lint M\u00f3zes: K\u00f6sz\u00f6nt\u0151 (N\u00fa. 2000. febr. 2.); Ny\u00e1r\u00e1dselye \u00e9s egyh\u00e1zai; RMKK; Ref. egyetemes n\u00e9vt\u00e1r; Sepsisz\u00e9ki, Sz\u00e9kelyf\u00f6ld \u00ed.k.; Todea 2013<\/br><\/p>\n","protected":false},"excerpt":{"rendered":"<p>Ny\u00e1r\u00e1dselye, 1910. febr. 2., \u2020 Nagykend, 2005. okt. 26 : ref. lelk\u00e9sz, tan\u00e1r, \u00edr\u00f3. \u2013 Kib\u00e9di sz\u00e9kely nemes csal\u00e1db\u00f3l sz\u00e1rmazott. P. Lajos m\u00e1jai ref. lelk\u00e9sz unok\u00e1ja. Gyermekei: L\u00e1szl\u00f3 (szobr\u00e1sz Bp.\u2013), Ir\u00e9n, \u00c9va (tan\u00e1rn\u00f4k). \u2013 Tanult Nagyenyeden, a mv.-i Ref. Koll.-ban ahol \u00e9retts\u00e9gizett (1928); Kv.-on v\u00e9gezte a protest\u00e1ns teol\u00f3gi\u00e1t (1932) \u00e9s azzal p\u00e1rhuzamosan t\u00f6rt\u00e9nelem\u2013f\u00f6ldrajz-m. szakos tan\u00e1ri [&hellip;]<\/p>\n","protected":false},"featured_media":0,"comment_status":"open","ping_status":"closed","template":"","meta":[],"product_brand":[],"product_cat":[137],"product_tag":[],"class_list":{"0":"post-18057","1":"product","2":"type-product","3":"status-publish","5":"product_cat-maros-megyei-eletrajzi-lexikon","7":"first","8":"instock","9":"shipping-taxable","10":"product-type-simple"},"_links":{"self":[{"href":"https:\/\/uj.adatbank.ro\/lexikon\/wp-json\/wp\/v2\/product\/18057","targetHints":{"allow":["GET"]}}],"collection":[{"href":"https:\/\/uj.adatbank.ro\/lexikon\/wp-json\/wp\/v2\/product"}],"about":[{"href":"https:\/\/uj.adatbank.ro\/lexikon\/wp-json\/wp\/v2\/types\/product"}],"replies":[{"embeddable":true,"href":"https:\/\/uj.adatbank.ro\/lexikon\/wp-json\/wp\/v2\/comments?post=18057"}],"wp:attachment":[{"href":"https:\/\/uj.adatbank.ro\/lexikon\/wp-json\/wp\/v2\/media?parent=18057"}],"wp:term":[{"taxonomy":"product_brand","embeddable":true,"href":"https:\/\/uj.adatbank.ro\/lexikon\/wp-json\/wp\/v2\/product_brand?post=18057"},{"taxonomy":"product_cat","embeddable":true,"href":"https:\/\/uj.adatbank.ro\/lexikon\/wp-json\/wp\/v2\/product_cat?post=18057"},{"taxonomy":"product_tag","embeddable":true,"href":"https:\/\/uj.adatbank.ro\/lexikon\/wp-json\/wp\/v2\/product_tag?post=18057"}],"curies":[{"name":"wp","href":"https:\/\/api.w.org\/{rel}","templated":true}]}}