{"id":18058,"date":"2025-07-16T10:37:59","date_gmt":"2025-07-16T08:37:59","guid":{"rendered":"https:\/\/uj.adatbank.ro\/lexikon\/termek\/peterfy-laszlone-daboczi-iren\/"},"modified":"2025-07-16T10:37:59","modified_gmt":"2025-07-16T08:37:59","slug":"peterfy-laszlone-daboczi-iren","status":"publish","type":"product","link":"https:\/\/uj.adatbank.ro\/lexikon\/termek\/peterfy-laszlone-daboczi-iren\/","title":{"rendered":"P\u00c9TERFY L\u00e1szl\u00f3n\u00e9; Dab\u00f3czi Ir\u00e9n"},"content":{"rendered":"<p>Petrozs\u00e9ny, 1914. dec. 2., \u2020 ? 2009\u00a0: tan\u00edt\u00f3n\u0151. \u2013 Kv-on \u00e9retts\u00e9gizett a Ref. Le\u00e1nygimn\u00e1ziumban (1929), majd Sz\u00e9kelyudvarhelyen a Tan\u00edt\u00f3k\u00e9pz\u0151ben nyert k\u00e9pes\u00edt\u00e9st (1933). Tan\u00edtott Ny\u00e1r\u00e1dsely\u00e1ben (1933\u201342), Nagykenden (1942\u201352). <br \/><strong>Irod.:<\/strong> KKACs<\/br><\/p>\n","protected":false},"excerpt":{"rendered":"<p>Petrozs\u00e9ny, 1914. dec. 2., \u2020 ? 2009\u00a0: tan\u00edt\u00f3n\u0151. \u2013 Kv-on \u00e9retts\u00e9gizett a Ref. Le\u00e1nygimn\u00e1ziumban (1929), majd Sz\u00e9kelyudvarhelyen a Tan\u00edt\u00f3k\u00e9pz\u0151ben nyert k\u00e9pes\u00edt\u00e9st (1933). Tan\u00edtott Ny\u00e1r\u00e1dsely\u00e1ben (1933\u201342), Nagykenden (1942\u201352). Irod.: KKACs<\/p>\n","protected":false},"featured_media":0,"comment_status":"open","ping_status":"closed","template":"","meta":[],"product_brand":[],"product_cat":[137],"product_tag":[],"class_list":{"0":"post-18058","1":"product","2":"type-product","3":"status-publish","5":"product_cat-maros-megyei-eletrajzi-lexikon","7":"first","8":"instock","9":"shipping-taxable","10":"product-type-simple"},"_links":{"self":[{"href":"https:\/\/uj.adatbank.ro\/lexikon\/wp-json\/wp\/v2\/product\/18058","targetHints":{"allow":["GET"]}}],"collection":[{"href":"https:\/\/uj.adatbank.ro\/lexikon\/wp-json\/wp\/v2\/product"}],"about":[{"href":"https:\/\/uj.adatbank.ro\/lexikon\/wp-json\/wp\/v2\/types\/product"}],"replies":[{"embeddable":true,"href":"https:\/\/uj.adatbank.ro\/lexikon\/wp-json\/wp\/v2\/comments?post=18058"}],"wp:attachment":[{"href":"https:\/\/uj.adatbank.ro\/lexikon\/wp-json\/wp\/v2\/media?parent=18058"}],"wp:term":[{"taxonomy":"product_brand","embeddable":true,"href":"https:\/\/uj.adatbank.ro\/lexikon\/wp-json\/wp\/v2\/product_brand?post=18058"},{"taxonomy":"product_cat","embeddable":true,"href":"https:\/\/uj.adatbank.ro\/lexikon\/wp-json\/wp\/v2\/product_cat?post=18058"},{"taxonomy":"product_tag","embeddable":true,"href":"https:\/\/uj.adatbank.ro\/lexikon\/wp-json\/wp\/v2\/product_tag?post=18058"}],"curies":[{"name":"wp","href":"https:\/\/api.w.org\/{rel}","templated":true}]}}