{"id":18059,"date":"2025-07-16T10:38:02","date_gmt":"2025-07-16T08:38:02","guid":{"rendered":"https:\/\/uj.adatbank.ro\/lexikon\/termek\/peterfy-tamas\/"},"modified":"2025-07-16T10:38:02","modified_gmt":"2025-07-16T08:38:02","slug":"peterfy-tamas","status":"publish","type":"product","link":"https:\/\/uj.adatbank.ro\/lexikon\/termek\/peterfy-tamas\/","title":{"rendered":"P\u00c9TERFY Tam\u00e1s"},"content":{"rendered":"<p>Nagyajta, 1871. m\u00e1rc. 22., \u2020\u00a0Bp., 1955. nov. 29.: \u00edr\u00f3. \u2013 Nagyajt\u00e1n v\u00e9\u00adgezte az elemi isk. 5 oszt\u00e1ly\u00e1t, majd Bar\u00f3ton boltosinask\u00e9nt a gazd. fels\u0151 n\u00e9pisk. 3 oszt\u00e1\u00adly\u00e1t. Ezut\u00e1n Parajdon \u00e9s Fogarasban boltosse\u00adg\u00e9d, Fogarasban megtanult n\u00e9met\u00fcl \u00e9s rom\u00e1\u00adnul. Sz\u00e9kelykereszt\u00faron, Sepsiszentgy\u00f6rgy\u00adben, Tord\u00e1n \u00e9s Mv.-en \u00e9lt, ekkor m\u00e1r \u00edr\u00e1saival egyre nagyobb ismerts\u00e9get szer\u00adzett. Mv.-i \u00e9rtelmi\u00ads\u00e9giek t\u00e1mogat\u00e1s\u00e1val a kereskedelmi \u00e9s ipar\u00adkamara tisztvisel\u0151je lett (1899\u2013), de Bp.-re k\u00f6lt\u00f6z\u00f6tt. A K\u00f6ztelek c. lapn\u00e1l kiseg\u00edt\u0151 (1900\u2013), majd gyakornok, bels\u0151 munkat\u00e1rs, f\u0151munkat\u00e1rs, k\u00e9s\u0151bb a F\u00fcggetlen \u00dajs\u00e1g seg\u00e9dszerk., a Friss \u00dajs\u00e1g rovatvezet\u0151\u00adje volt (1926\u2013). Hat \u00e9v alatt bej\u00e1rta Erd\u00e9lyt, s n\u00e9prajzi ismeretszerz\u00e9s c\u00e9lj\u00e1b\u00f3l alaposan megismerte a sz\u00e9kelyek, rom\u00e1nok \u00e9s cig\u00e1nyok \u00e9let\u00e9t. Erd\u00e9lyi, ut\u00f3bb f\u0151k\u00e9nt bp.-i lapokban jelen\u00adtek meg elbesz\u00e9l\u00e9sei, t\u00e1rc\u00e1i, versei \u00e9s humoros gazd. \u00cdr\u00e1sai (1892\u2013). Dalai k\u00f6z\u00fcl 20 szerzem\u00e9ny\u00e9t Dank\u00f3 Pista zen\u00e9s\u00edtette meg. Bp.-en a Sz\u00e9kely Kvt\u00e1r szerk. (1904-t\u0151l). \u2013 <strong>F. m.:<\/strong> Sz\u00e9kely atya\u00adfiak (elb., n\u00e9pdalok, eml\u00e9kversek; Sepsiszent\u00adgy\u00f6rgy, 1894); 201 magyar \u00e9s sz\u00e9kely n\u00e9pdal (Torda, 1895); Sz\u00e9kelyf\u00f6ldr\u0151l (elb.; Maros\u00fajv\u00e1r, 1896); Feny\u0151v\u00e1ry Ibolyka (reg.; Mv., 1897); Moln\u00e1r csal\u00e1d (reg.; Sz\u00e9kelyudvarhely, 1897); Parasztdr\u00e1ma (reg.; Mv., 1898); A kis v\u0151f\u00e9ly (sz\u00e9kely ma\u00adg\u00e1njelenet; Bp., 1899); Szittya dalok (n\u00e9pda\u00adlok, versek; Mv., 1899); Pet\u0151fi-re\u00adg\u00e9k (Mv., 1899; 2. kiad. Bp., 1904); K\u00f6z\u00f6s sors, I\u2014II. (reg.; Mv., 1899\u20131900; Bp., 1900; 2. kiad. 1906); Szeg\u00e9ny Bard\u00f3czn\u00e9 (reg.; Bp., 1900); Gy\u00e1szkir\u00e1ly (reg.; Bp., 1901); Kis-Sz\u00e9kely pusztul\u00e1sa (reg.; 2. kiad. Bp., 1901); G\u00f3\u00adb\u00e9s\u00e1gok. Kacagtat\u00f3 sz\u00e9kely hist\u00f3ri\u00e1k \u00e9s elbe\u00adsz\u00e9l\u00e9sek (2. kiad. Bp., 1903); Sz\u00e9kely mes\u00e9k (Bp., 1903; 3. kiad. Bp., 1907); K\u00e9t legenda. Szaval\u00f3k r\u00e9sz\u00e9re (R\u00e1kosliget, \u00e9. n.); A g\u00f3b\u00e9 a gazdas\u00e1gban. Humoros gazdas\u00e1gi t\u00e1rc\u00e1k (Bp., 1906; 2. kiad. 1909); Vir\u00e1gmes\u00e9k (Bp., 1907); Cig\u00e1nymes\u00e9k (Bp., 1907); Kacag\u00f3 sz\u00f6vetke\u00adzetek. Sz\u00f6vetkezeti vid\u00e1ms\u00e1gok (Bp., 1911); Ne te ne! Eredeti sz\u00e9kely g\u00f3b\u00e9s\u00e1gok, anekdo\u00adt\u00e1k \u00e9s kacagtat\u00f3 hist\u00f3ri\u00e1k (Bp., 1911); K\u00e9z a k\u00e9zben. Sz\u00f6vetkezeti \u00e9s m\u00e1s hasznos olvasm\u00e1\u00adnyok a magyar n\u00e9p sz\u00e1m\u00e1ra (Bp., 1912); A Gell\u00e9rt dolomit (reg.; Bp., 1923); A sz\u0151ll\u0151si boszork\u00e1ny (reg.; Bp., 1925), <strong>t\u00e1rssz.:<\/strong> Pet\u0151fi a ponyv\u00e1n \u00e9s a n\u00e9pirodalomban; Pet\u0151fi reg\u00e9k (Bar\u00f3ti Lajossal; Bp., 1910); <strong>antol\u00f3g.:<\/strong> Sz\u00e9kelyek a k\u00f6lt\u0151k dalaiban (Bp., 1918). <br \/><strong>Irod.:<\/strong> Gondo\u00adlatok P. T. munk\u00e1ib\u00f3l. H\u00fasz \u00e9vi m\u0171k\u00f6d\u00e9se \u00e9s 20-ik k\u00f6nyv\u00e9nek megjelen\u00e9se alkalm\u00e1b\u00f3l ki\u00adadta a \u201eP\u00e9terfy Eml\u00e9kalbum bizotts\u00e1g&#8221; (Bp., 1909); \u00d6kr\u00f6s; Szinnyei<\/br><\/p>\n","protected":false},"excerpt":{"rendered":"<p>Nagyajta, 1871. m\u00e1rc. 22., \u2020\u00a0Bp., 1955. nov. 29.: \u00edr\u00f3. \u2013 Nagyajt\u00e1n v\u00e9\u00adgezte az elemi isk. 5 oszt\u00e1ly\u00e1t, majd Bar\u00f3ton boltosinask\u00e9nt a gazd. fels\u0151 n\u00e9pisk. 3 oszt\u00e1\u00adly\u00e1t. Ezut\u00e1n Parajdon \u00e9s Fogarasban boltosse\u00adg\u00e9d, Fogarasban megtanult n\u00e9met\u00fcl \u00e9s rom\u00e1\u00adnul. Sz\u00e9kelykereszt\u00faron, Sepsiszentgy\u00f6rgy\u00adben, Tord\u00e1n \u00e9s Mv.-en \u00e9lt, ekkor m\u00e1r \u00edr\u00e1saival egyre nagyobb ismerts\u00e9get szer\u00adzett. Mv.-i \u00e9rtelmi\u00ads\u00e9giek t\u00e1mogat\u00e1s\u00e1val a kereskedelmi \u00e9s [&hellip;]<\/p>\n","protected":false},"featured_media":0,"comment_status":"open","ping_status":"closed","template":"","meta":[],"product_brand":[],"product_cat":[137],"product_tag":[],"class_list":{"0":"post-18059","1":"product","2":"type-product","3":"status-publish","5":"product_cat-maros-megyei-eletrajzi-lexikon","7":"first","8":"instock","9":"shipping-taxable","10":"product-type-simple"},"_links":{"self":[{"href":"https:\/\/uj.adatbank.ro\/lexikon\/wp-json\/wp\/v2\/product\/18059","targetHints":{"allow":["GET"]}}],"collection":[{"href":"https:\/\/uj.adatbank.ro\/lexikon\/wp-json\/wp\/v2\/product"}],"about":[{"href":"https:\/\/uj.adatbank.ro\/lexikon\/wp-json\/wp\/v2\/types\/product"}],"replies":[{"embeddable":true,"href":"https:\/\/uj.adatbank.ro\/lexikon\/wp-json\/wp\/v2\/comments?post=18059"}],"wp:attachment":[{"href":"https:\/\/uj.adatbank.ro\/lexikon\/wp-json\/wp\/v2\/media?parent=18059"}],"wp:term":[{"taxonomy":"product_brand","embeddable":true,"href":"https:\/\/uj.adatbank.ro\/lexikon\/wp-json\/wp\/v2\/product_brand?post=18059"},{"taxonomy":"product_cat","embeddable":true,"href":"https:\/\/uj.adatbank.ro\/lexikon\/wp-json\/wp\/v2\/product_cat?post=18059"},{"taxonomy":"product_tag","embeddable":true,"href":"https:\/\/uj.adatbank.ro\/lexikon\/wp-json\/wp\/v2\/product_tag?post=18059"}],"curies":[{"name":"wp","href":"https:\/\/api.w.org\/{rel}","templated":true}]}}