{"id":1806,"date":"2025-06-28T11:53:46","date_gmt":"2025-06-28T09:53:46","guid":{"rendered":"https:\/\/uj.adatbank.ro\/lexikon\/termek\/bachner-jeno\/"},"modified":"2025-06-28T11:53:46","modified_gmt":"2025-06-28T09:53:46","slug":"bachner-jeno","status":"publish","type":"product","link":"https:\/\/uj.adatbank.ro\/lexikon\/termek\/bachner-jeno\/","title":{"rendered":"BACHNER Jen\u0151"},"content":{"rendered":"<p>1930., \u2020 Cs\u00edkszereda, 2005. m\u00e1j. 9. Mv.-en temett\u00e9k: egyetemi tan\u00e1r. \u2013 A mv.-i Ref. Koll.-ban \u00e9retts\u00e9gizett (1950). A MOGYI Gy\u00f3gyszer\u00e9szeti-Fizika tansz\u00e9k\u00e9n m. nyelven oktat\u00f3 tan\u00e1r (1965 ut\u00e1n); adjunktus (1973\u2013), matematik\u00e1t is oktatott az egyetemi hallgat\u00f3knak (1965\u201385). <br \/><strong>Irod.:<\/strong> Facultatea de Farmacie; Genersich; Komj\u00e1tszegi; Nekrol\u00f3g (N\u00fa., 2005. m\u00e1j. 11.<\/br><\/p>\n","protected":false},"excerpt":{"rendered":"<p>1930., \u2020 Cs\u00edkszereda, 2005. m\u00e1j. 9. Mv.-en temett\u00e9k: egyetemi tan\u00e1r. \u2013 A mv.-i Ref. Koll.-ban \u00e9retts\u00e9gizett (1950). A MOGYI Gy\u00f3gyszer\u00e9szeti-Fizika tansz\u00e9k\u00e9n m. nyelven oktat\u00f3 tan\u00e1r (1965 ut\u00e1n); adjunktus (1973\u2013), matematik\u00e1t is oktatott az egyetemi hallgat\u00f3knak (1965\u201385). Irod.: Facultatea de Farmacie; Genersich; Komj\u00e1tszegi; Nekrol\u00f3g (N\u00fa., 2005. m\u00e1j. 11.<\/p>\n","protected":false},"featured_media":0,"comment_status":"open","ping_status":"closed","template":"","meta":[],"product_brand":[],"product_cat":[137],"product_tag":[],"class_list":{"0":"post-1806","1":"product","2":"type-product","3":"status-publish","5":"product_cat-maros-megyei-eletrajzi-lexikon","7":"first","8":"instock","9":"shipping-taxable","10":"product-type-simple"},"_links":{"self":[{"href":"https:\/\/uj.adatbank.ro\/lexikon\/wp-json\/wp\/v2\/product\/1806","targetHints":{"allow":["GET"]}}],"collection":[{"href":"https:\/\/uj.adatbank.ro\/lexikon\/wp-json\/wp\/v2\/product"}],"about":[{"href":"https:\/\/uj.adatbank.ro\/lexikon\/wp-json\/wp\/v2\/types\/product"}],"replies":[{"embeddable":true,"href":"https:\/\/uj.adatbank.ro\/lexikon\/wp-json\/wp\/v2\/comments?post=1806"}],"wp:attachment":[{"href":"https:\/\/uj.adatbank.ro\/lexikon\/wp-json\/wp\/v2\/media?parent=1806"}],"wp:term":[{"taxonomy":"product_brand","embeddable":true,"href":"https:\/\/uj.adatbank.ro\/lexikon\/wp-json\/wp\/v2\/product_brand?post=1806"},{"taxonomy":"product_cat","embeddable":true,"href":"https:\/\/uj.adatbank.ro\/lexikon\/wp-json\/wp\/v2\/product_cat?post=1806"},{"taxonomy":"product_tag","embeddable":true,"href":"https:\/\/uj.adatbank.ro\/lexikon\/wp-json\/wp\/v2\/product_tag?post=1806"}],"curies":[{"name":"wp","href":"https:\/\/api.w.org\/{rel}","templated":true}]}}