{"id":18060,"date":"2025-07-16T10:38:03","date_gmt":"2025-07-16T08:38:03","guid":{"rendered":"https:\/\/uj.adatbank.ro\/lexikon\/termek\/peter-perl-sandor\/"},"modified":"2025-07-16T10:38:03","modified_gmt":"2025-07-16T08:38:03","slug":"peter-perl-sandor","status":"publish","type":"product","link":"https:\/\/uj.adatbank.ro\/lexikon\/termek\/peter-perl-sandor\/","title":{"rendered":"P\u00c9TER-PERL S\u00e1ndor"},"content":{"rendered":"<p>? \u2020\u00a0?: k\u00e9pz\u0151m\u0171v\u00e9sz v. iparm\u0171v\u00e9sz. \u2013 A mv.-i Kult\u00farpalota T\u00fck\u00f6rterm\u00e9nek b\u00fatorait tervezte. <br \/><strong>Irod.:<\/strong> Mv.-i kult\u00farpalota 2013<\/br><\/p>\n","protected":false},"excerpt":{"rendered":"<p>? \u2020\u00a0?: k\u00e9pz\u0151m\u0171v\u00e9sz v. iparm\u0171v\u00e9sz. \u2013 A mv.-i Kult\u00farpalota T\u00fck\u00f6rterm\u00e9nek b\u00fatorait tervezte. Irod.: Mv.-i kult\u00farpalota 2013<\/p>\n","protected":false},"featured_media":0,"comment_status":"open","ping_status":"closed","template":"","meta":[],"product_brand":[],"product_cat":[137],"product_tag":[],"class_list":{"0":"post-18060","1":"product","2":"type-product","3":"status-publish","5":"product_cat-maros-megyei-eletrajzi-lexikon","7":"first","8":"instock","9":"shipping-taxable","10":"product-type-simple"},"_links":{"self":[{"href":"https:\/\/uj.adatbank.ro\/lexikon\/wp-json\/wp\/v2\/product\/18060","targetHints":{"allow":["GET"]}}],"collection":[{"href":"https:\/\/uj.adatbank.ro\/lexikon\/wp-json\/wp\/v2\/product"}],"about":[{"href":"https:\/\/uj.adatbank.ro\/lexikon\/wp-json\/wp\/v2\/types\/product"}],"replies":[{"embeddable":true,"href":"https:\/\/uj.adatbank.ro\/lexikon\/wp-json\/wp\/v2\/comments?post=18060"}],"wp:attachment":[{"href":"https:\/\/uj.adatbank.ro\/lexikon\/wp-json\/wp\/v2\/media?parent=18060"}],"wp:term":[{"taxonomy":"product_brand","embeddable":true,"href":"https:\/\/uj.adatbank.ro\/lexikon\/wp-json\/wp\/v2\/product_brand?post=18060"},{"taxonomy":"product_cat","embeddable":true,"href":"https:\/\/uj.adatbank.ro\/lexikon\/wp-json\/wp\/v2\/product_cat?post=18060"},{"taxonomy":"product_tag","embeddable":true,"href":"https:\/\/uj.adatbank.ro\/lexikon\/wp-json\/wp\/v2\/product_tag?post=18060"}],"curies":[{"name":"wp","href":"https:\/\/api.w.org\/{rel}","templated":true}]}}