{"id":18068,"date":"2025-07-16T10:38:20","date_gmt":"2025-07-16T08:38:20","guid":{"rendered":"https:\/\/uj.adatbank.ro\/lexikon\/termek\/petho-aron\/"},"modified":"2025-07-16T10:38:20","modified_gmt":"2025-07-16T08:38:20","slug":"petho-aron","status":"publish","type":"product","link":"https:\/\/uj.adatbank.ro\/lexikon\/termek\/petho-aron\/","title":{"rendered":"PETH\u0150 \u00c1ron"},"content":{"rendered":"<p>Mv., 1928. feb. 3., \u2020\u00a0Mv., 2000. m\u00e1rc., 12.: g\u00e9p\u00e9szm\u00e9rn\u00f6k, tervez\u0151. \u2013 Diplom\u00e1t Kv.-on a M\u0171szaki F\u0151iskol\u00e1n szerzett (1952). Dolgozott Kudzsirban (1952\u201356); Mv.-en az Encsel M\u00f3r, majd a Metalotechnica tervez\u0151m\u00e9rn\u00f6ke (1956\u201380), oszt\u00e1lyvezet\u0151, igazgat\u00f3 (1966\u201372),. <br \/><strong>Irod.:<\/strong> [Nekrol\u00f3g] (N\u00fa., 2000. m\u00e1rc., 13); RMKK<\/br><\/p>\n","protected":false},"excerpt":{"rendered":"<p>Mv., 1928. feb. 3., \u2020\u00a0Mv., 2000. m\u00e1rc., 12.: g\u00e9p\u00e9szm\u00e9rn\u00f6k, tervez\u0151. \u2013 Diplom\u00e1t Kv.-on a M\u0171szaki F\u0151iskol\u00e1n szerzett (1952). Dolgozott Kudzsirban (1952\u201356); Mv.-en az Encsel M\u00f3r, majd a Metalotechnica tervez\u0151m\u00e9rn\u00f6ke (1956\u201380), oszt\u00e1lyvezet\u0151, igazgat\u00f3 (1966\u201372),. Irod.: [Nekrol\u00f3g] (N\u00fa., 2000. m\u00e1rc., 13); RMKK<\/p>\n","protected":false},"featured_media":0,"comment_status":"open","ping_status":"closed","template":"","meta":[],"product_brand":[],"product_cat":[137],"product_tag":[],"class_list":{"0":"post-18068","1":"product","2":"type-product","3":"status-publish","5":"product_cat-maros-megyei-eletrajzi-lexikon","7":"first","8":"instock","9":"shipping-taxable","10":"product-type-simple"},"_links":{"self":[{"href":"https:\/\/uj.adatbank.ro\/lexikon\/wp-json\/wp\/v2\/product\/18068","targetHints":{"allow":["GET"]}}],"collection":[{"href":"https:\/\/uj.adatbank.ro\/lexikon\/wp-json\/wp\/v2\/product"}],"about":[{"href":"https:\/\/uj.adatbank.ro\/lexikon\/wp-json\/wp\/v2\/types\/product"}],"replies":[{"embeddable":true,"href":"https:\/\/uj.adatbank.ro\/lexikon\/wp-json\/wp\/v2\/comments?post=18068"}],"wp:attachment":[{"href":"https:\/\/uj.adatbank.ro\/lexikon\/wp-json\/wp\/v2\/media?parent=18068"}],"wp:term":[{"taxonomy":"product_brand","embeddable":true,"href":"https:\/\/uj.adatbank.ro\/lexikon\/wp-json\/wp\/v2\/product_brand?post=18068"},{"taxonomy":"product_cat","embeddable":true,"href":"https:\/\/uj.adatbank.ro\/lexikon\/wp-json\/wp\/v2\/product_cat?post=18068"},{"taxonomy":"product_tag","embeddable":true,"href":"https:\/\/uj.adatbank.ro\/lexikon\/wp-json\/wp\/v2\/product_tag?post=18068"}],"curies":[{"name":"wp","href":"https:\/\/api.w.org\/{rel}","templated":true}]}}