{"id":18069,"date":"2025-07-16T10:38:22","date_gmt":"2025-07-16T08:38:22","guid":{"rendered":"https:\/\/uj.adatbank.ro\/lexikon\/termek\/petho-attila\/"},"modified":"2025-07-16T10:38:22","modified_gmt":"2025-07-16T08:38:22","slug":"petho-attila","status":"publish","type":"product","link":"https:\/\/uj.adatbank.ro\/lexikon\/termek\/petho-attila\/","title":{"rendered":"PETH\u0150 Attila"},"content":{"rendered":"<p>1929., \u2020 M\u00fcnchen, 2010. m\u00e1j. 4, Gyergy\u00f3sz\u00e1rhegyen temett\u00e9k el.: sz\u00fcl\u00e9sz-n\u0151gy\u00f3gy\u00e1sz f\u0151orvos. \u2013 Mv.-en a Ref Koll.-ban \u00e9retts\u00e9gizett (1948) \u00e9s a MOGYI-n v\u00e9gzett (1955). <br \/><strong>Irod.:<\/strong> [Nekrol\u00f3g] (N\u00fa., 2010. m\u00e1j. 12.)<\/br><\/p>\n","protected":false},"excerpt":{"rendered":"<p>1929., \u2020 M\u00fcnchen, 2010. m\u00e1j. 4, Gyergy\u00f3sz\u00e1rhegyen temett\u00e9k el.: sz\u00fcl\u00e9sz-n\u0151gy\u00f3gy\u00e1sz f\u0151orvos. \u2013 Mv.-en a Ref Koll.-ban \u00e9retts\u00e9gizett (1948) \u00e9s a MOGYI-n v\u00e9gzett (1955). Irod.: [Nekrol\u00f3g] (N\u00fa., 2010. m\u00e1j. 12.)<\/p>\n","protected":false},"featured_media":0,"comment_status":"open","ping_status":"closed","template":"","meta":[],"product_brand":[],"product_cat":[137],"product_tag":[],"class_list":{"0":"post-18069","1":"product","2":"type-product","3":"status-publish","5":"product_cat-maros-megyei-eletrajzi-lexikon","7":"first","8":"instock","9":"shipping-taxable","10":"product-type-simple"},"_links":{"self":[{"href":"https:\/\/uj.adatbank.ro\/lexikon\/wp-json\/wp\/v2\/product\/18069","targetHints":{"allow":["GET"]}}],"collection":[{"href":"https:\/\/uj.adatbank.ro\/lexikon\/wp-json\/wp\/v2\/product"}],"about":[{"href":"https:\/\/uj.adatbank.ro\/lexikon\/wp-json\/wp\/v2\/types\/product"}],"replies":[{"embeddable":true,"href":"https:\/\/uj.adatbank.ro\/lexikon\/wp-json\/wp\/v2\/comments?post=18069"}],"wp:attachment":[{"href":"https:\/\/uj.adatbank.ro\/lexikon\/wp-json\/wp\/v2\/media?parent=18069"}],"wp:term":[{"taxonomy":"product_brand","embeddable":true,"href":"https:\/\/uj.adatbank.ro\/lexikon\/wp-json\/wp\/v2\/product_brand?post=18069"},{"taxonomy":"product_cat","embeddable":true,"href":"https:\/\/uj.adatbank.ro\/lexikon\/wp-json\/wp\/v2\/product_cat?post=18069"},{"taxonomy":"product_tag","embeddable":true,"href":"https:\/\/uj.adatbank.ro\/lexikon\/wp-json\/wp\/v2\/product_tag?post=18069"}],"curies":[{"name":"wp","href":"https:\/\/api.w.org\/{rel}","templated":true}]}}