{"id":18074,"date":"2025-07-16T10:38:31","date_gmt":"2025-07-16T08:38:31","guid":{"rendered":"https:\/\/uj.adatbank.ro\/lexikon\/termek\/petho-gyula-%c2%a7\/"},"modified":"2025-07-16T10:38:31","modified_gmt":"2025-07-16T08:38:31","slug":"petho-gyula-%c2%a7","status":"publish","type":"product","link":"https:\/\/uj.adatbank.ro\/lexikon\/termek\/petho-gyula-%c2%a7\/","title":{"rendered":"PETH\u0150 Gyula, \u00a7"},"content":{"rendered":"<p>? \u2020 Dics\u0151szentm\u00e1rton, 1983. m\u00e1rc. 1.: k\u00e1ntortan\u00edt\u00f3, tan\u00e1r. \u2013 P. Mih\u00e1ly fia. Testv\u00e9re P. Istv\u00e1n. A cs\u00e1v\u00e1si ref. egyh\u00e1zk\u00f6zs\u00e9g k\u00e1ntortan\u00edt\u00f3ja (1937\u201350). Hadifogs\u00e1ga idej\u00e9n \u0151t M\u00e9der Istv\u00e1n k\u00e1ntor helyettes\u00edtette. Sikeresen szerepelt a f\u00e9rfik\u00f3r\u00fassal a dalosversenyen (1934) \u00e9s sikeres volt a vegyesk\u00f3rus bem\u00fatatkoz\u00e1sa is (1938). Az iskol\u00e1k \u00e1llamos\u00edt\u00e1sa ut\u00e1n Dics\u0151szentm\u00e1rtonba t\u00e1vozott, ahol testv\u00e9r\u00e9vel tan\u00edtott. A kv.-i BTE levelez\u0151 szak\u00e1n szerzett tan\u00e1ri diplom\u00e1t \u00e9s a dics\u0151szentm\u00e1rtoni k\u00f6z\u00e9piskol\u00e1ban tan\u00edtott tov\u00e1bb. <br \/><strong>Irod.:<\/strong> B\u00f6l\u00f6ni Domokos: Eln\u00e9mul a sz\u00e1szcs\u00e1v\u00e1si dal\u00e1rda? (N\u00fa., 2003. j\u00fal. 30.); Cs\u00e1v\u00e1si eml\u00e9kk\u00f6nyv; [Nekrol\u00f3g] (V. Z., 1983. m\u00e1rc. 2.)<\/br><\/p>\n","protected":false},"excerpt":{"rendered":"<p>? \u2020 Dics\u0151szentm\u00e1rton, 1983. m\u00e1rc. 1.: k\u00e1ntortan\u00edt\u00f3, tan\u00e1r. \u2013 P. Mih\u00e1ly fia. Testv\u00e9re P. Istv\u00e1n. A cs\u00e1v\u00e1si ref. egyh\u00e1zk\u00f6zs\u00e9g k\u00e1ntortan\u00edt\u00f3ja (1937\u201350). Hadifogs\u00e1ga idej\u00e9n \u0151t M\u00e9der Istv\u00e1n k\u00e1ntor helyettes\u00edtette. Sikeresen szerepelt a f\u00e9rfik\u00f3r\u00fassal a dalosversenyen (1934) \u00e9s sikeres volt a vegyesk\u00f3rus bem\u00fatatkoz\u00e1sa is (1938). Az iskol\u00e1k \u00e1llamos\u00edt\u00e1sa ut\u00e1n Dics\u0151szentm\u00e1rtonba t\u00e1vozott, ahol testv\u00e9r\u00e9vel tan\u00edtott. A kv.-i BTE [&hellip;]<\/p>\n","protected":false},"featured_media":0,"comment_status":"open","ping_status":"closed","template":"","meta":[],"product_brand":[],"product_cat":[137],"product_tag":[],"class_list":{"0":"post-18074","1":"product","2":"type-product","3":"status-publish","5":"product_cat-maros-megyei-eletrajzi-lexikon","7":"first","8":"instock","9":"shipping-taxable","10":"product-type-simple"},"_links":{"self":[{"href":"https:\/\/uj.adatbank.ro\/lexikon\/wp-json\/wp\/v2\/product\/18074","targetHints":{"allow":["GET"]}}],"collection":[{"href":"https:\/\/uj.adatbank.ro\/lexikon\/wp-json\/wp\/v2\/product"}],"about":[{"href":"https:\/\/uj.adatbank.ro\/lexikon\/wp-json\/wp\/v2\/types\/product"}],"replies":[{"embeddable":true,"href":"https:\/\/uj.adatbank.ro\/lexikon\/wp-json\/wp\/v2\/comments?post=18074"}],"wp:attachment":[{"href":"https:\/\/uj.adatbank.ro\/lexikon\/wp-json\/wp\/v2\/media?parent=18074"}],"wp:term":[{"taxonomy":"product_brand","embeddable":true,"href":"https:\/\/uj.adatbank.ro\/lexikon\/wp-json\/wp\/v2\/product_brand?post=18074"},{"taxonomy":"product_cat","embeddable":true,"href":"https:\/\/uj.adatbank.ro\/lexikon\/wp-json\/wp\/v2\/product_cat?post=18074"},{"taxonomy":"product_tag","embeddable":true,"href":"https:\/\/uj.adatbank.ro\/lexikon\/wp-json\/wp\/v2\/product_tag?post=18074"}],"curies":[{"name":"wp","href":"https:\/\/api.w.org\/{rel}","templated":true}]}}