{"id":18075,"date":"2025-07-16T10:38:32","date_gmt":"2025-07-16T08:38:32","guid":{"rendered":"https:\/\/uj.adatbank.ro\/lexikon\/termek\/petho-istvan\/"},"modified":"2025-07-16T10:38:32","modified_gmt":"2025-07-16T08:38:32","slug":"petho-istvan","status":"publish","type":"product","link":"https:\/\/uj.adatbank.ro\/lexikon\/termek\/petho-istvan\/","title":{"rendered":"PETH\u0150 Istv\u00e1n"},"content":{"rendered":"<p>V\u00e1mosg\u00e1lfalva, 1918., \u2020\u00a0?: tan\u00edt\u00f3. \u2013 Nagyenyeden nyert oklevelet. V\u00e1rhegyen tan\u00edtott (1938\u2013). Sz\u00e1mos munk\u00e1ja jelent meg nyomtat\u00e1sban, t\u00f6bb tanulm\u00e1nyt \u00e9s pedag\u00f3giai m\u0171vet \u00edrt amelyek szaklapokban jelentek meg. <br \/><strong>Irod.:<\/strong> Sz\u00e9kelyf\u00f6ld \u00ed.k.<\/br><\/p>\n","protected":false},"excerpt":{"rendered":"<p>V\u00e1mosg\u00e1lfalva, 1918., \u2020\u00a0?: tan\u00edt\u00f3. \u2013 Nagyenyeden nyert oklevelet. V\u00e1rhegyen tan\u00edtott (1938\u2013). Sz\u00e1mos munk\u00e1ja jelent meg nyomtat\u00e1sban, t\u00f6bb tanulm\u00e1nyt \u00e9s pedag\u00f3giai m\u0171vet \u00edrt amelyek szaklapokban jelentek meg. Irod.: Sz\u00e9kelyf\u00f6ld \u00ed.k.<\/p>\n","protected":false},"featured_media":0,"comment_status":"open","ping_status":"closed","template":"","meta":[],"product_brand":[],"product_cat":[137],"product_tag":[],"class_list":{"0":"post-18075","1":"product","2":"type-product","3":"status-publish","5":"product_cat-maros-megyei-eletrajzi-lexikon","7":"first","8":"instock","9":"shipping-taxable","10":"product-type-simple"},"_links":{"self":[{"href":"https:\/\/uj.adatbank.ro\/lexikon\/wp-json\/wp\/v2\/product\/18075","targetHints":{"allow":["GET"]}}],"collection":[{"href":"https:\/\/uj.adatbank.ro\/lexikon\/wp-json\/wp\/v2\/product"}],"about":[{"href":"https:\/\/uj.adatbank.ro\/lexikon\/wp-json\/wp\/v2\/types\/product"}],"replies":[{"embeddable":true,"href":"https:\/\/uj.adatbank.ro\/lexikon\/wp-json\/wp\/v2\/comments?post=18075"}],"wp:attachment":[{"href":"https:\/\/uj.adatbank.ro\/lexikon\/wp-json\/wp\/v2\/media?parent=18075"}],"wp:term":[{"taxonomy":"product_brand","embeddable":true,"href":"https:\/\/uj.adatbank.ro\/lexikon\/wp-json\/wp\/v2\/product_brand?post=18075"},{"taxonomy":"product_cat","embeddable":true,"href":"https:\/\/uj.adatbank.ro\/lexikon\/wp-json\/wp\/v2\/product_cat?post=18075"},{"taxonomy":"product_tag","embeddable":true,"href":"https:\/\/uj.adatbank.ro\/lexikon\/wp-json\/wp\/v2\/product_tag?post=18075"}],"curies":[{"name":"wp","href":"https:\/\/api.w.org\/{rel}","templated":true}]}}