{"id":18076,"date":"2025-07-16T10:38:33","date_gmt":"2025-07-16T08:38:33","guid":{"rendered":"https:\/\/uj.adatbank.ro\/lexikon\/termek\/petho-janos\/"},"modified":"2025-07-16T10:38:33","modified_gmt":"2025-07-16T08:38:33","slug":"petho-janos","status":"publish","type":"product","link":"https:\/\/uj.adatbank.ro\/lexikon\/termek\/petho-janos\/","title":{"rendered":"PETH\u0150 J\u00e1nos"},"content":{"rendered":"<p>? \u2020\u00a0?: iskolaigazgat\u00f3. \u2013 A Szent Gy\u00f6rgy- t\u00e9ri \/ Constantin Romanu t\u00e9ri 4-es sz. \u00e1llami magyar tannyelv\u0171 elemi iskola igazgat\u00f3ja (1944\u201346). <br \/><strong>Irod.:<\/strong> Standavid-Tam\u00e1si<\/br><\/p>\n","protected":false},"excerpt":{"rendered":"<p>? \u2020\u00a0?: iskolaigazgat\u00f3. \u2013 A Szent Gy\u00f6rgy- t\u00e9ri \/ Constantin Romanu t\u00e9ri 4-es sz. \u00e1llami magyar tannyelv\u0171 elemi iskola igazgat\u00f3ja (1944\u201346). Irod.: Standavid-Tam\u00e1si<\/p>\n","protected":false},"featured_media":0,"comment_status":"open","ping_status":"closed","template":"","meta":[],"product_brand":[],"product_cat":[137],"product_tag":[],"class_list":{"0":"post-18076","1":"product","2":"type-product","3":"status-publish","5":"product_cat-maros-megyei-eletrajzi-lexikon","7":"first","8":"instock","9":"shipping-taxable","10":"product-type-simple"},"_links":{"self":[{"href":"https:\/\/uj.adatbank.ro\/lexikon\/wp-json\/wp\/v2\/product\/18076","targetHints":{"allow":["GET"]}}],"collection":[{"href":"https:\/\/uj.adatbank.ro\/lexikon\/wp-json\/wp\/v2\/product"}],"about":[{"href":"https:\/\/uj.adatbank.ro\/lexikon\/wp-json\/wp\/v2\/types\/product"}],"replies":[{"embeddable":true,"href":"https:\/\/uj.adatbank.ro\/lexikon\/wp-json\/wp\/v2\/comments?post=18076"}],"wp:attachment":[{"href":"https:\/\/uj.adatbank.ro\/lexikon\/wp-json\/wp\/v2\/media?parent=18076"}],"wp:term":[{"taxonomy":"product_brand","embeddable":true,"href":"https:\/\/uj.adatbank.ro\/lexikon\/wp-json\/wp\/v2\/product_brand?post=18076"},{"taxonomy":"product_cat","embeddable":true,"href":"https:\/\/uj.adatbank.ro\/lexikon\/wp-json\/wp\/v2\/product_cat?post=18076"},{"taxonomy":"product_tag","embeddable":true,"href":"https:\/\/uj.adatbank.ro\/lexikon\/wp-json\/wp\/v2\/product_tag?post=18076"}],"curies":[{"name":"wp","href":"https:\/\/api.w.org\/{rel}","templated":true}]}}