{"id":18077,"date":"2025-07-16T10:38:37","date_gmt":"2025-07-16T08:38:37","guid":{"rendered":"https:\/\/uj.adatbank.ro\/lexikon\/termek\/petho-janos-2\/"},"modified":"2025-07-16T10:38:37","modified_gmt":"2025-07-16T08:38:37","slug":"petho-janos-2","status":"publish","type":"product","link":"https:\/\/uj.adatbank.ro\/lexikon\/termek\/petho-janos-2\/","title":{"rendered":"PETH\u0150 J\u00e1nos"},"content":{"rendered":"<p>Dics\u0151szentm\u00e1rton, 1888., \u2020\u00a0?: ref. ig.-tan\u00edt\u00f3. \u2013 Tan\u00edt\u00f3i oklevel\u00e9t M\u00e1ramarosszigeten szerezte (1908). K\u00fck\u00fcll\u0151telk\u00e9n, Gog\u00e1n, majd Nagyteremiben tan\u00edtott. Az els\u0151 vh.-ban az 50. gy. e.-ben az orosz \u00e9s az olasz fronton harcolt, megsebes\u00fclt. A Hitelsz\u00f6vetkezet igazgat\u00f3ja, a MP \u00e9s az EGE tagja, minden kult\u00farint\u00e9zm\u00e9ny t\u00e1mogat\u00f3ja volt. Feles\u00e9ge Kerekes Irma galambodi, okl. tan\u00edt\u00f3n\u0151. Sz\u00fcletett Mv.-en 1886, apja S\u00e1muel tan\u00e1r, anyja Ajtay Nina mv.-i polg\u00e1rmester le\u00e1nya.Tanulm\u00e1nyait Kv.-on v\u00e9gezte Nagyteremiben tan\u00edtott (1908\u2013). <br \/><strong>Irod.:<\/strong> Sz\u00e9kelyf\u00f6ld \u00ed.k<\/br><\/p>\n","protected":false},"excerpt":{"rendered":"<p>Dics\u0151szentm\u00e1rton, 1888., \u2020\u00a0?: ref. ig.-tan\u00edt\u00f3. \u2013 Tan\u00edt\u00f3i oklevel\u00e9t M\u00e1ramarosszigeten szerezte (1908). K\u00fck\u00fcll\u0151telk\u00e9n, Gog\u00e1n, majd Nagyteremiben tan\u00edtott. Az els\u0151 vh.-ban az 50. gy. e.-ben az orosz \u00e9s az olasz fronton harcolt, megsebes\u00fclt. A Hitelsz\u00f6vetkezet igazgat\u00f3ja, a MP \u00e9s az EGE tagja, minden kult\u00farint\u00e9zm\u00e9ny t\u00e1mogat\u00f3ja volt. Feles\u00e9ge Kerekes Irma galambodi, okl. tan\u00edt\u00f3n\u0151. Sz\u00fcletett Mv.-en 1886, apja S\u00e1muel [&hellip;]<\/p>\n","protected":false},"featured_media":0,"comment_status":"open","ping_status":"closed","template":"","meta":[],"product_brand":[],"product_cat":[137],"product_tag":[],"class_list":{"0":"post-18077","1":"product","2":"type-product","3":"status-publish","5":"product_cat-maros-megyei-eletrajzi-lexikon","7":"first","8":"instock","9":"shipping-taxable","10":"product-type-simple"},"_links":{"self":[{"href":"https:\/\/uj.adatbank.ro\/lexikon\/wp-json\/wp\/v2\/product\/18077","targetHints":{"allow":["GET"]}}],"collection":[{"href":"https:\/\/uj.adatbank.ro\/lexikon\/wp-json\/wp\/v2\/product"}],"about":[{"href":"https:\/\/uj.adatbank.ro\/lexikon\/wp-json\/wp\/v2\/types\/product"}],"replies":[{"embeddable":true,"href":"https:\/\/uj.adatbank.ro\/lexikon\/wp-json\/wp\/v2\/comments?post=18077"}],"wp:attachment":[{"href":"https:\/\/uj.adatbank.ro\/lexikon\/wp-json\/wp\/v2\/media?parent=18077"}],"wp:term":[{"taxonomy":"product_brand","embeddable":true,"href":"https:\/\/uj.adatbank.ro\/lexikon\/wp-json\/wp\/v2\/product_brand?post=18077"},{"taxonomy":"product_cat","embeddable":true,"href":"https:\/\/uj.adatbank.ro\/lexikon\/wp-json\/wp\/v2\/product_cat?post=18077"},{"taxonomy":"product_tag","embeddable":true,"href":"https:\/\/uj.adatbank.ro\/lexikon\/wp-json\/wp\/v2\/product_tag?post=18077"}],"curies":[{"name":"wp","href":"https:\/\/api.w.org\/{rel}","templated":true}]}}