{"id":18081,"date":"2025-07-16T10:38:43","date_gmt":"2025-07-16T08:38:43","guid":{"rendered":"https:\/\/uj.adatbank.ro\/lexikon\/termek\/petho-mihaly-%c2%a7\/"},"modified":"2025-07-16T10:38:43","modified_gmt":"2025-07-16T08:38:43","slug":"petho-mihaly-%c2%a7","status":"publish","type":"product","link":"https:\/\/uj.adatbank.ro\/lexikon\/termek\/petho-mihaly-%c2%a7\/","title":{"rendered":"PETH\u0150 Mih\u00e1ly, \u00a7"},"content":{"rendered":"<p>? \u2020 ?: k\u00e1ntortan\u00edt\u00f3. \u2013 Feles\u00e9ge: Dali Istv\u00e1n lelkip\u00e1sztor le\u00e1ny\u00e1t vette feles\u00e9g\u00fcl. K\u00e9t fi\u00fak: Gyula \u00e9s Istv\u00e1n. Cs\u00e1v\u00e1son k\u00e1ntortan\u00edt\u00f3 (1895\u201317), ahol a k\u00f3rus vezet\u0151je (1895\u201313). Majd V\u00e1mosg\u00e1lfalv\u00e1n folytatta tev\u00e9kenys\u00e9g\u00e9t. <br \/><strong>Irod.:<\/strong> Cs\u00e1v\u00e1si eml\u00e9kk\u00f6nyv<\/br><\/p>\n","protected":false},"excerpt":{"rendered":"<p>? \u2020 ?: k\u00e1ntortan\u00edt\u00f3. \u2013 Feles\u00e9ge: Dali Istv\u00e1n lelkip\u00e1sztor le\u00e1ny\u00e1t vette feles\u00e9g\u00fcl. K\u00e9t fi\u00fak: Gyula \u00e9s Istv\u00e1n. Cs\u00e1v\u00e1son k\u00e1ntortan\u00edt\u00f3 (1895\u201317), ahol a k\u00f3rus vezet\u0151je (1895\u201313). Majd V\u00e1mosg\u00e1lfalv\u00e1n folytatta tev\u00e9kenys\u00e9g\u00e9t. Irod.: Cs\u00e1v\u00e1si eml\u00e9kk\u00f6nyv<\/p>\n","protected":false},"featured_media":0,"comment_status":"open","ping_status":"closed","template":"","meta":[],"product_brand":[],"product_cat":[137],"product_tag":[],"class_list":{"0":"post-18081","1":"product","2":"type-product","3":"status-publish","5":"product_cat-maros-megyei-eletrajzi-lexikon","7":"first","8":"instock","9":"shipping-taxable","10":"product-type-simple"},"_links":{"self":[{"href":"https:\/\/uj.adatbank.ro\/lexikon\/wp-json\/wp\/v2\/product\/18081","targetHints":{"allow":["GET"]}}],"collection":[{"href":"https:\/\/uj.adatbank.ro\/lexikon\/wp-json\/wp\/v2\/product"}],"about":[{"href":"https:\/\/uj.adatbank.ro\/lexikon\/wp-json\/wp\/v2\/types\/product"}],"replies":[{"embeddable":true,"href":"https:\/\/uj.adatbank.ro\/lexikon\/wp-json\/wp\/v2\/comments?post=18081"}],"wp:attachment":[{"href":"https:\/\/uj.adatbank.ro\/lexikon\/wp-json\/wp\/v2\/media?parent=18081"}],"wp:term":[{"taxonomy":"product_brand","embeddable":true,"href":"https:\/\/uj.adatbank.ro\/lexikon\/wp-json\/wp\/v2\/product_brand?post=18081"},{"taxonomy":"product_cat","embeddable":true,"href":"https:\/\/uj.adatbank.ro\/lexikon\/wp-json\/wp\/v2\/product_cat?post=18081"},{"taxonomy":"product_tag","embeddable":true,"href":"https:\/\/uj.adatbank.ro\/lexikon\/wp-json\/wp\/v2\/product_tag?post=18081"}],"curies":[{"name":"wp","href":"https:\/\/api.w.org\/{rel}","templated":true}]}}