{"id":18083,"date":"2025-07-16T10:38:48","date_gmt":"2025-07-16T08:38:48","guid":{"rendered":"https:\/\/uj.adatbank.ro\/lexikon\/termek\/petica-mihai\/"},"modified":"2025-07-16T10:38:48","modified_gmt":"2025-07-16T08:38:48","slug":"petica-mihai","status":"publish","type":"product","link":"https:\/\/uj.adatbank.ro\/lexikon\/termek\/petica-mihai\/","title":{"rendered":"PETIC\u0102, Mihai"},"content":{"rendered":"<p>Mv., 1948. m\u00e1rc. 19., \u2020 Mv., 2004. nov. 27.: t\u00f6rt\u00e9n\u00e9sz, m\u00fazeogr\u00e1fus. \u2013 Elemi iskol\u00e1t \u00e9s l\u00edc.-ot Mv.-en a Papiu Ilarian L\u00edc.-ban; h\u00e1rom \u00e9ves Ped. F\u0151iskol\u00e1t Mv.-en (1969\u20131973); BBTE T\u00f6rt\u00e9nelem- filot\u00f3fia szak\u00e1n Kv.-on v\u00e9gzett (1978). Mv.-en a Megyei Tervez\u0151int\u00e9zetben m\u0171szaki rajzol\u00f3 (1969\u20131975), ezut\u00e1n a Maros Megyei M\u00fazeum restaur\u00e1tora, majd a T\u00f6rt\u00e9nelem Szakoszt\u00e1ly r\u00e9g\u00e9szeti m\u00fazeogr\u00e1fusa. A Maros Megyei M\u00fazeum aligazgat\u00f3ja (1994 j\u00fan.1.\u2013) A szebeni Lucian Blaga Egyetem doktorandusa (1996). Disszert\u00e1ci\u00f3j\u00e1nak c\u00edme : Habitatul roman pe limesul de nord-est al Daciei. Jelent\u0151s \u00e9s rendszeres \u00e1sat\u00e1sokat, sz\u00far\u00f3pr\u00f3b\u00e1kat v\u00e9gzett Maros megye r\u00e9g\u00e9szeti leleteinek felt\u00e1r\u00e1sa \u00e9s \u00e9rt\u00e9kes\u00edt\u00e9se \u00e9rdek\u00e9ben: Mez\u0151s\u00e1msondon a \u201ePog\u00e1ny v\u00e1rn\u00e1l\u201d(5 kamp\u00e1ny dr. V. Laz\u0103r vezet\u00e9s\u00e9vel, 1975\u20131978); Vajdaszentiv\u00e1nyon (1977\u20131980); Segesv\u00e1ron, Dealul Viilor (egy\u00fctt dr. R. Harhoiu- \u00e9s dr.Gh. Baltaggal, 1981\u20131988); Kutyfalv\u00e1n (1978); a Kelemen \u00e9s G\u00f6rg\u00e9nyi Havasokban (egy\u00fctt Ferenczi I.-vel Kv.-r\u00f3l, 1979); Lib\u00e1nfalv\u00e1n; Mez\u0151z\u00e1hon; D\u00e9da-Bisztr\u00e1n; Als\u00f3idecsen; Ny\u00e1r\u00e1dmagyaroson; V\u00e1rmez\u0151n; Teleken \u00e9s Enyeden (1982 egy\u00fctt D. Ursutiuval Kv.-r\u00f3l); Szentp\u00e1lon (1987); Segesv\u00e1ron a T\u00f6r\u00f6k hegyen (1995); Gernyeszegen (1992\u20131994, 1966 egy\u00fctt Zrinyi Endr\u00e9vel); Marosv\u00e9csen (1997 egy\u00fctt Zrinyi E.-vel); Mv.-en a v\u00e1rban (1999, 2001, 2002, vezet\u0151 dr. A. A. Rusu). Kutat\u00e1sainak eredm\u00e9nyeit 73 nemzeti \u00e9s nemzetk\u00f6zi tudom\u00e1nyos \u00e9rtekezleten tudom\u00e1nyos dolgozatokban mutatta be. R\u00e9szt vett a m\u00fazeum \u00e1lland\u00f3 \u00e9s id\u0151szakos ki\u00e1ll\u00edt\u00e1sainak megszervez\u00e9s\u00e9ben. <br \/><strong>Irod.:<\/strong> In memoriam: M. P. (Marisia, 28, 2006.); Mv. t\u00f6rt. 2.<\/br><\/p>\n","protected":false},"excerpt":{"rendered":"<p>Mv., 1948. m\u00e1rc. 19., \u2020 Mv., 2004. nov. 27.: t\u00f6rt\u00e9n\u00e9sz, m\u00fazeogr\u00e1fus. \u2013 Elemi iskol\u00e1t \u00e9s l\u00edc.-ot Mv.-en a Papiu Ilarian L\u00edc.-ban; h\u00e1rom \u00e9ves Ped. F\u0151iskol\u00e1t Mv.-en (1969\u20131973); BBTE T\u00f6rt\u00e9nelem- filot\u00f3fia szak\u00e1n Kv.-on v\u00e9gzett (1978). Mv.-en a Megyei Tervez\u0151int\u00e9zetben m\u0171szaki rajzol\u00f3 (1969\u20131975), ezut\u00e1n a Maros Megyei M\u00fazeum restaur\u00e1tora, majd a T\u00f6rt\u00e9nelem Szakoszt\u00e1ly r\u00e9g\u00e9szeti m\u00fazeogr\u00e1fusa. A Maros [&hellip;]<\/p>\n","protected":false},"featured_media":0,"comment_status":"open","ping_status":"closed","template":"","meta":[],"product_brand":[],"product_cat":[137],"product_tag":[],"class_list":{"0":"post-18083","1":"product","2":"type-product","3":"status-publish","5":"product_cat-maros-megyei-eletrajzi-lexikon","7":"first","8":"instock","9":"shipping-taxable","10":"product-type-simple"},"_links":{"self":[{"href":"https:\/\/uj.adatbank.ro\/lexikon\/wp-json\/wp\/v2\/product\/18083","targetHints":{"allow":["GET"]}}],"collection":[{"href":"https:\/\/uj.adatbank.ro\/lexikon\/wp-json\/wp\/v2\/product"}],"about":[{"href":"https:\/\/uj.adatbank.ro\/lexikon\/wp-json\/wp\/v2\/types\/product"}],"replies":[{"embeddable":true,"href":"https:\/\/uj.adatbank.ro\/lexikon\/wp-json\/wp\/v2\/comments?post=18083"}],"wp:attachment":[{"href":"https:\/\/uj.adatbank.ro\/lexikon\/wp-json\/wp\/v2\/media?parent=18083"}],"wp:term":[{"taxonomy":"product_brand","embeddable":true,"href":"https:\/\/uj.adatbank.ro\/lexikon\/wp-json\/wp\/v2\/product_brand?post=18083"},{"taxonomy":"product_cat","embeddable":true,"href":"https:\/\/uj.adatbank.ro\/lexikon\/wp-json\/wp\/v2\/product_cat?post=18083"},{"taxonomy":"product_tag","embeddable":true,"href":"https:\/\/uj.adatbank.ro\/lexikon\/wp-json\/wp\/v2\/product_tag?post=18083"}],"curies":[{"name":"wp","href":"https:\/\/api.w.org\/{rel}","templated":true}]}}