{"id":18084,"date":"2025-07-16T10:38:50","date_gmt":"2025-07-16T08:38:50","guid":{"rendered":"https:\/\/uj.adatbank.ro\/lexikon\/termek\/petki-kiralyhalmi-gr-csalad\/"},"modified":"2025-07-16T10:38:50","modified_gmt":"2025-07-16T08:38:50","slug":"petki-kiralyhalmi-gr-csalad","status":"publish","type":"product","link":"https:\/\/uj.adatbank.ro\/lexikon\/termek\/petki-kiralyhalmi-gr-csalad\/","title":{"rendered":"PETKI, kir\u00e1lyhalmi gr. csal\u00e1d"},"content":{"rendered":"<p>Udvarhelysz\u00e9ki \u0151snemes csal\u00e1d. K\u00e9t \u00e1ga k\u00fcz\u00fcl a derzsiek sok ismert k\u00f6zjogi m\u00e9lt\u00f3s\u00e1got viseltek: Farkas cs\u00edki f\u0151kapit\u00e1ny, Farkas fogarasi v\u00e1rkapit\u00e1ny, J\u00e1nos Udvarhelysz\u00e9ki f\u0151kir\u00e1lyb\u00edr\u00f3, sz\u00e9kely f\u0151gener\u00e1lis, fejedelmi tan\u00e1csos, diplomata, erd\u00e9lyi kancell\u00e1r, Mih\u00e1ly udvarhelysz\u00e9ki f\u0151kir\u00e1lyb\u00edr\u00f3, Ferenc I. R\u00e1k\u00f3czi Gy\u00f6rgy diplomat\u00e1ja, k\u00f6vete. A kir\u00e1lyhalmi \u00e1gb\u00f3l D\u00e1vid gr\u00f3fi c\u00edmet nyert (1700. dec. 23). J\u00f3zseffel (\u2020 1817), a csal\u00e1d fi\u00fa\u00e1gon kihalt a lev\u00e9lt\u00e1rat le\u00e1ny\u00e1gon \u00f6r\u00f6k\u00f6lte a t\u00f6visi B\u00e1lintitt \u00e9s a maksai M\u00e1riaffy csal\u00e1d. Birtokaik voltak Nagyernye, Jobb\u00e1gytelke Marosszentgy\u00f6rgy\u00f6n, ezek a B\u00e1lintitt-okkal val\u00f3 h\u00e1zass\u00e1gok r\u00e9v\u00e9n a B\u00e1lintitt tulajdonba mentek \u00e1t. A gr. Petky csal\u00e1d kihal\u00e1s\u00e1val a lev\u00e9lt\u00e1ruk, csal\u00e1di s\u00edrboltjuk \u00e9s a temet\u0151beli kisk\u00e1polna Nagyerny\u00e9n a B\u00e1lintitt \u00e9s a M\u00e1riaffy csal\u00e1d tulajdona lett.- Irod : Bicsok-Orb\u00e1n; Keresztes 1895; Marosszentgy\u00f6rgy<\/br><\/p>\n","protected":false},"excerpt":{"rendered":"<p>Udvarhelysz\u00e9ki \u0151snemes csal\u00e1d. K\u00e9t \u00e1ga k\u00fcz\u00fcl a derzsiek sok ismert k\u00f6zjogi m\u00e9lt\u00f3s\u00e1got viseltek: Farkas cs\u00edki f\u0151kapit\u00e1ny, Farkas fogarasi v\u00e1rkapit\u00e1ny, J\u00e1nos Udvarhelysz\u00e9ki f\u0151kir\u00e1lyb\u00edr\u00f3, sz\u00e9kely f\u0151gener\u00e1lis, fejedelmi tan\u00e1csos, diplomata, erd\u00e9lyi kancell\u00e1r, Mih\u00e1ly udvarhelysz\u00e9ki f\u0151kir\u00e1lyb\u00edr\u00f3, Ferenc I. R\u00e1k\u00f3czi Gy\u00f6rgy diplomat\u00e1ja, k\u00f6vete. A kir\u00e1lyhalmi \u00e1gb\u00f3l D\u00e1vid gr\u00f3fi c\u00edmet nyert (1700. dec. 23). J\u00f3zseffel (\u2020 1817), a csal\u00e1d fi\u00fa\u00e1gon kihalt [&hellip;]<\/p>\n","protected":false},"featured_media":0,"comment_status":"open","ping_status":"closed","template":"","meta":[],"product_brand":[],"product_cat":[137],"product_tag":[],"class_list":{"0":"post-18084","1":"product","2":"type-product","3":"status-publish","5":"product_cat-maros-megyei-eletrajzi-lexikon","7":"first","8":"instock","9":"shipping-taxable","10":"product-type-simple"},"_links":{"self":[{"href":"https:\/\/uj.adatbank.ro\/lexikon\/wp-json\/wp\/v2\/product\/18084","targetHints":{"allow":["GET"]}}],"collection":[{"href":"https:\/\/uj.adatbank.ro\/lexikon\/wp-json\/wp\/v2\/product"}],"about":[{"href":"https:\/\/uj.adatbank.ro\/lexikon\/wp-json\/wp\/v2\/types\/product"}],"replies":[{"embeddable":true,"href":"https:\/\/uj.adatbank.ro\/lexikon\/wp-json\/wp\/v2\/comments?post=18084"}],"wp:attachment":[{"href":"https:\/\/uj.adatbank.ro\/lexikon\/wp-json\/wp\/v2\/media?parent=18084"}],"wp:term":[{"taxonomy":"product_brand","embeddable":true,"href":"https:\/\/uj.adatbank.ro\/lexikon\/wp-json\/wp\/v2\/product_brand?post=18084"},{"taxonomy":"product_cat","embeddable":true,"href":"https:\/\/uj.adatbank.ro\/lexikon\/wp-json\/wp\/v2\/product_cat?post=18084"},{"taxonomy":"product_tag","embeddable":true,"href":"https:\/\/uj.adatbank.ro\/lexikon\/wp-json\/wp\/v2\/product_tag?post=18084"}],"curies":[{"name":"wp","href":"https:\/\/api.w.org\/{rel}","templated":true}]}}