{"id":18086,"date":"2025-07-16T10:38:54","date_gmt":"2025-07-16T08:38:54","guid":{"rendered":"https:\/\/uj.adatbank.ro\/lexikon\/termek\/petki-borbala-derzsi-apafi-gyorgyne\/"},"modified":"2025-07-16T10:38:54","modified_gmt":"2025-07-16T08:38:54","slug":"petki-borbala-derzsi-apafi-gyorgyne","status":"publish","type":"product","link":"https:\/\/uj.adatbank.ro\/lexikon\/termek\/petki-borbala-derzsi-apafi-gyorgyne\/","title":{"rendered":"PETKI Borb\u00e1la, derzsi, Apafi Gy\u00f6rgyn\u00e9"},"content":{"rendered":"<p>\u20201660: f\u00f6ldbirtokos, Apafi Mih\u00e1ly fejedelem anyja. \u2013 J\u00e1nos (1572\u20131612) udvarhelysz\u00e9ki f\u0151kir. B\u00edr\u00f3, erd\u00e9lyi kancell\u00e1r, k\u00f6lt\u0151 \u00e9s homor\u00f3dszentp\u00e1li Kornis Kata l\u00e1nya. F\u00e9rje Apafi Gy\u00f6rgy (1588\u20131635), marossz\u00e9ki kapit\u00e1ny, K\u00fck\u00fcll\u0151 vm. f\u0151isp\u00e1nja, portai k\u00f6vet. Gyermekei: Gy\u00f6rgy (\u2020\u00a01637. j\u00fal. 18.), Istv\u00e1n (\u2020 1668. \u00e1pr. 5.), Boldizs\u00e1r, Mih\u00e1ly Erd\u00e9ly fejedelme (1632\u20131690), Krisztina, Anna (\u2020 1686), Kata, Erzse, Ferenc, Mikl\u00f3s, Margit&#8230; <br \/><strong>Irod.:<\/strong> B\u00edr\u00f3 J\u00f3zsef 1941; Keresztes Gyula: A Mez\u0151s\u00e9g udvarh\u00e1zai 1. (N\u00fa., 1994. j\u00fan. 17); Kiss G\u00e1bor; Kov\u00e1cs Andr\u00e1s; K\u0151v\u00e1ry 1866; Kraus: Erd\u00e9lyi kr\u00f3nika; Mo. f\u0151isp\u00e1njai; Nagy Iv\u00e1n; SzOkl, 2; Szov\u00e1ta; Wessel\u00e9nyi Isv\u00e1n<\/br><\/p>\n","protected":false},"excerpt":{"rendered":"<p>\u20201660: f\u00f6ldbirtokos, Apafi Mih\u00e1ly fejedelem anyja. \u2013 J\u00e1nos (1572\u20131612) udvarhelysz\u00e9ki f\u0151kir. B\u00edr\u00f3, erd\u00e9lyi kancell\u00e1r, k\u00f6lt\u0151 \u00e9s homor\u00f3dszentp\u00e1li Kornis Kata l\u00e1nya. F\u00e9rje Apafi Gy\u00f6rgy (1588\u20131635), marossz\u00e9ki kapit\u00e1ny, K\u00fck\u00fcll\u0151 vm. f\u0151isp\u00e1nja, portai k\u00f6vet. Gyermekei: Gy\u00f6rgy (\u2020\u00a01637. j\u00fal. 18.), Istv\u00e1n (\u2020 1668. \u00e1pr. 5.), Boldizs\u00e1r, Mih\u00e1ly Erd\u00e9ly fejedelme (1632\u20131690), Krisztina, Anna (\u2020 1686), Kata, Erzse, Ferenc, Mikl\u00f3s, Margit&#8230; [&hellip;]<\/p>\n","protected":false},"featured_media":0,"comment_status":"open","ping_status":"closed","template":"","meta":[],"product_brand":[],"product_cat":[137],"product_tag":[],"class_list":{"0":"post-18086","1":"product","2":"type-product","3":"status-publish","5":"product_cat-maros-megyei-eletrajzi-lexikon","7":"first","8":"instock","9":"shipping-taxable","10":"product-type-simple"},"_links":{"self":[{"href":"https:\/\/uj.adatbank.ro\/lexikon\/wp-json\/wp\/v2\/product\/18086","targetHints":{"allow":["GET"]}}],"collection":[{"href":"https:\/\/uj.adatbank.ro\/lexikon\/wp-json\/wp\/v2\/product"}],"about":[{"href":"https:\/\/uj.adatbank.ro\/lexikon\/wp-json\/wp\/v2\/types\/product"}],"replies":[{"embeddable":true,"href":"https:\/\/uj.adatbank.ro\/lexikon\/wp-json\/wp\/v2\/comments?post=18086"}],"wp:attachment":[{"href":"https:\/\/uj.adatbank.ro\/lexikon\/wp-json\/wp\/v2\/media?parent=18086"}],"wp:term":[{"taxonomy":"product_brand","embeddable":true,"href":"https:\/\/uj.adatbank.ro\/lexikon\/wp-json\/wp\/v2\/product_brand?post=18086"},{"taxonomy":"product_cat","embeddable":true,"href":"https:\/\/uj.adatbank.ro\/lexikon\/wp-json\/wp\/v2\/product_cat?post=18086"},{"taxonomy":"product_tag","embeddable":true,"href":"https:\/\/uj.adatbank.ro\/lexikon\/wp-json\/wp\/v2\/product_tag?post=18086"}],"curies":[{"name":"wp","href":"https:\/\/api.w.org\/{rel}","templated":true}]}}