{"id":18087,"date":"2025-07-16T10:38:59","date_gmt":"2025-07-16T08:38:59","guid":{"rendered":"https:\/\/uj.adatbank.ro\/lexikon\/termek\/petki-david-kiralyhalmi-derzsi-gr-petky-david\/"},"modified":"2025-07-16T10:38:59","modified_gmt":"2025-07-16T08:38:59","slug":"petki-david-kiralyhalmi-derzsi-gr-petky-david","status":"publish","type":"product","link":"https:\/\/uj.adatbank.ro\/lexikon\/termek\/petki-david-kiralyhalmi-derzsi-gr-petky-david\/","title":{"rendered":"PETKI D\u00e1vid, kir\u00e1lyhalmi, derzsi, gr., Petky D\u00e1vid"},"content":{"rendered":"<p>1680.k.? \u2020 1744. febr. 6., Feles\u00e9g\u00e9vel a mikh\u00e1zi bar\u00e1tkolostor s\u00edrboltj\u00e1ban pihennek: f\u0151isp\u00e1n, cs. k. kamar\u00e1s, birtokos. \u2013 P. J\u00e1nos cs\u00edki f\u0151kir\u00e1lyb\u00edr\u00f3 \u00e9s br. Haller Krisztina (\u2020 1683) fia. Testv\u00e9re: Ter\u00e9z, B\u00e1lintitt Gy\u00f6rgyn\u00e9. Feles\u00e9ge: gr. Zichy S\u00e1ra (\u2020 1746). Gyermekeik: P. Istv\u00e1n, feles\u00e9ge gr. K\u00e1lnoki Judit; Anna gr. Kornis Antaln\u00e9 (1720\u20131768); Roz\u00e1lia zabolai gr. Mikes Istv\u00e1nn\u00e9; Zsuzs\u00e1nna gr. Kornis Ferencn\u00e9 (\u20201750); Borb\u00e1la br. Henter D\u00e1vidn\u00e9, majd \u00fcrm\u00f6si Maurer S\u00e1mueln\u00e9. \u2013 Gr\u00f3fi c\u00edmet kapott (1700. dec. 23.) I. Lip\u00f3t cs. \u00e9s kir\u00e1lyt\u00f3l \u00e9s felvette a kir\u00e1lyhalmi el\u0151nevet. Szentkereszt k\u00e1poln\u00e1t \u00e9p\u00edtetett (1710). Az erd\u00e9lyi kir. t\u00e1bla \u00fcln\u00f6ke \/ b\u00edr\u00e1ja (1715\u201324), majd Kolozs vm. f\u0151isp\u00e1nja (1722), guberniumi tan\u00e1csos (1735\u2013). R\u00e9szt vett \u00e9s eln\u00f6k\u00f6lt Mv. v\u00e1ros tiszt\u00faj\u00edt\u00f3 gy\u0171l\u00e9s\u00e9n (1731. okt. 27.). A mv.-i \u00e9s mikh\u00e1zi ferences szerzeteseknek patr\u00f3nusa \u00e9s \u00e1ltal\u00e1ban a katoliz\u00e1l\u00f3 mozgalmaknak nagy p\u00e1rtfog\u00f3ja volt, a mv.-i ferencrendi kolostor \u00e9p\u00edt\u00e9s\u00e9hez nagy \u00f6sszeggel j\u00e1rult (ebb\u0151l \u00e9p\u00edtett\u00e9k fel a ferencesek a kolostorukat \u00e9s templomukat (1745\u201347). Birtoka \u00e9s udvarh\u00e1za Marosszentgy\u00f6rgy\u00f6n volt, ahol a Petki-kast\u00e9lyt fel\u00faj\u00edtotott\u00e1k a reprezent\u00e1ci\u00f3 elv\u00e1r\u00e1sainak megfelel\u0151en. A templomot a reform\u00e1tusokt\u00f3l er\u0151vel visszafoglalta (1720) \u00e9s helyre\u00e1ll\u00edtott r. k. egyh\u00e1zk\u00f6zs\u00e9get Restaur\u00e1ltatta a templomot (1720\u201331), ekkor helyezt\u00e9k el a Szent Gy\u00f6rgy v\u00e9rtanu k\u00e9pe f\u00f6l\u00e9 a Petki csal\u00e1d \u00e9s Zichy Kl\u00e1ra c\u00edmer\u00e9t (1731). Betelep\u00edtette az akkor sz\u00edntiszta sz\u00e9kely k\u00f6zs\u00e9gbe, Marosszentgy\u00f6rgyre a rom\u00e1ns\u00e1got. Petki D\u00e1vid nev\u00e9hez f\u0171z\u0151dik a mv-i F\u00fcrszt-telepi Szent Kereszt k\u00e1polna \u00e9p\u00edt\u00e9se is, valamint a mai r. k. pleb\u00e1niatemplom \u00e9p\u00edt\u00e9s\u00e9hez is \u0151 adom\u00e1nyozta a faanyagot \u00e9s a fuvart is biztos\u00edtotta hozz\u00e1.T\u00e1mogatta a mv.-i Ferenc-rendi templom \u00e9s rendh\u00e1z \u00e9p\u00edt\u00e9s\u00e9t. M\u00e1rtonfi J\u00f3zsef p\u00fcsp\u00f6k boldog eml\u00e9kezet\u0171nek nevezte. A marosszentgy\u00f6rgyi egyh\u00e1zk\u00f6zs\u00e9gben alakult cserk\u00e9sz csapat felvette a nev\u00e9t (1992), \u00e9s a pl\u00e9b\u00e1nia udvar\u00e1n a Millecenten\u00e1riumi parkban eml\u00e9kf\u00e1t \u00fcltettek tisztelet\u00e9re Petki-h\u00e1z \u00e9s Apor-h\u00e1z Mv.-en \u201eB\u201d kateg\u00f3ri\u00e1s m\u0171eml\u00e9k (Revolu\u0163iei \/ volt Szentgy\u00f6rgy u., 33\u201335.sz.), ma 3. sz. Belgy\u00f3gy\u00e1szati Klinika. <br \/><strong>Irod.:<\/strong> \u00c1rva Bethlen K.; Baricz; Baricz Lajos: A marosszentgy\u00f6rgyi egyh\u00e1zk\u00f6zs\u00e9g t\u00f6rt\u00e9nete; Maros-k\u00fck\u00fcll\u0151i f\u0151esp; Bicsok-Orb\u00e1n; Ferenczi S\u00e1ndor 2012; Gy\u00f6rgy: A ferencrendiek; Keresztes Gyula: A ferencesek tornya (temploma \u00e9s kolostora) (N\u00fa., 1990. szept. 28.); Kr\u00f3n. F\u00fcz. (1836. 17\u201318.; 1840. 4\/10); L\u00e9sty\u00e1n \u2013 templomok 1.; Maros megye; Marosz\u00e9k; Mester J\u00e1nos: Ki volt P. D.? (N\u00fa, Sz\u00ednes Vil\u00e1g, 2010. \u00e1pr. 10.); Mordovin Maxim: A Petki csal\u00e1d \u00e9s Marosszentgy\u00f6rgy = Marosszentgy\u00f6rgy; P\u00e1l-Antal 2006; P\u00e1l-Antal 2009; S\u00e2ngeorgiu de Mure\u015f; Sebesty\u00e9n Mih\u00e1ly: V\u00e1rhegy \u00e9s a Petkiek (N\u00fa.-Sz\u00ednes Vil\u00e1g 2010. \u00e1pr. 27); Sepsisz\u00e9ki; Tr\u00f3cs\u00e1nyi 1988; Valori mure\u015fene de patrimoniu<\/br><\/p>\n","protected":false},"excerpt":{"rendered":"<p>1680.k.? \u2020 1744. febr. 6., Feles\u00e9g\u00e9vel a mikh\u00e1zi bar\u00e1tkolostor s\u00edrboltj\u00e1ban pihennek: f\u0151isp\u00e1n, cs. k. kamar\u00e1s, birtokos. \u2013 P. J\u00e1nos cs\u00edki f\u0151kir\u00e1lyb\u00edr\u00f3 \u00e9s br. Haller Krisztina (\u2020 1683) fia. Testv\u00e9re: Ter\u00e9z, B\u00e1lintitt Gy\u00f6rgyn\u00e9. Feles\u00e9ge: gr. Zichy S\u00e1ra (\u2020 1746). Gyermekeik: P. Istv\u00e1n, feles\u00e9ge gr. K\u00e1lnoki Judit; Anna gr. Kornis Antaln\u00e9 (1720\u20131768); Roz\u00e1lia zabolai gr. Mikes Istv\u00e1nn\u00e9; [&hellip;]<\/p>\n","protected":false},"featured_media":0,"comment_status":"open","ping_status":"closed","template":"","meta":[],"product_brand":[],"product_cat":[137],"product_tag":[],"class_list":{"0":"post-18087","1":"product","2":"type-product","3":"status-publish","5":"product_cat-maros-megyei-eletrajzi-lexikon","7":"first","8":"instock","9":"shipping-taxable","10":"product-type-simple"},"_links":{"self":[{"href":"https:\/\/uj.adatbank.ro\/lexikon\/wp-json\/wp\/v2\/product\/18087","targetHints":{"allow":["GET"]}}],"collection":[{"href":"https:\/\/uj.adatbank.ro\/lexikon\/wp-json\/wp\/v2\/product"}],"about":[{"href":"https:\/\/uj.adatbank.ro\/lexikon\/wp-json\/wp\/v2\/types\/product"}],"replies":[{"embeddable":true,"href":"https:\/\/uj.adatbank.ro\/lexikon\/wp-json\/wp\/v2\/comments?post=18087"}],"wp:attachment":[{"href":"https:\/\/uj.adatbank.ro\/lexikon\/wp-json\/wp\/v2\/media?parent=18087"}],"wp:term":[{"taxonomy":"product_brand","embeddable":true,"href":"https:\/\/uj.adatbank.ro\/lexikon\/wp-json\/wp\/v2\/product_brand?post=18087"},{"taxonomy":"product_cat","embeddable":true,"href":"https:\/\/uj.adatbank.ro\/lexikon\/wp-json\/wp\/v2\/product_cat?post=18087"},{"taxonomy":"product_tag","embeddable":true,"href":"https:\/\/uj.adatbank.ro\/lexikon\/wp-json\/wp\/v2\/product_tag?post=18087"}],"curies":[{"name":"wp","href":"https:\/\/api.w.org\/{rel}","templated":true}]}}