{"id":18089,"date":"2025-07-16T10:39:05","date_gmt":"2025-07-16T08:39:05","guid":{"rendered":"https:\/\/uj.adatbank.ro\/lexikon\/termek\/petki-erzsebet-dersi-toldalagi-mihalyne\/"},"modified":"2025-07-16T10:39:05","modified_gmt":"2025-07-16T08:39:05","slug":"petki-erzsebet-dersi-toldalagi-mihalyne","status":"publish","type":"product","link":"https:\/\/uj.adatbank.ro\/lexikon\/termek\/petki-erzsebet-dersi-toldalagi-mihalyne\/","title":{"rendered":"PETKI Erzs\u00e9bet, dersi, Toldalagi Mih\u00e1lyn\u00e9"},"content":{"rendered":"<p>1600. k.? \u2020\u00a0Marosszentgy\u00f6rgy, 1649 k.: f\u00f6ldbirtokos. \u2013 Nagyapja P. J\u00e1nos. P. Istv\u00e1n (\u2020\u00a01601) le\u00e1nya. Unoka\u00f6ccse: P. Istv\u00e1n \u00e9s Farkas. F\u00e9rje: 1. v\u00e9ckei Bal\u00e1si Mih\u00e1ly marosszentannai birtokos (1619. k.); 2. jobb\u00e1gytelki T\u00f3th Mih\u00e1ly birtokos Bethlen G\u00e1bor Portai k\u00f6vete 3. novaji Szentp\u00e1li J\u00e1nos; 4. nagyercsei Toldalagi Mih\u00e1ly (1580\u20131642). tan\u00e1cs\u00far, Udvarhely- \u00e9s Marossz\u00e9k f\u0151kapit\u00e1nya, portai k\u00f6vet, eml\u00e9k\u00edr\u00f3. Esk. Marosszentgy\u00f6rgy, (1640. j\u00fal. 30), tal\u00e1n ez volt a kast\u00e9ly fenn\u00e1ll\u00e1s\u00e1nak legf\u00e9nyesebb pontja. Az els\u0151 f\u00e9rje v\u00e9grendelet\u00e9ben sz\u00e1mos birtokot hagyott r\u00e1, t\u0151le \u00f6r\u00f6k\u00f6lte Szentann\u00e1t. M\u00e1sodik f\u00e9rj\u00e9t\u0151l, T\u00f3th Mih\u00e1lyt\u00f3l maradt Jobb\u00e1gyfalva, Marosszentgy\u00f6rgy, Udvarfalva, Remete, Csejd, Pin\u00e1rd (ma V\u00e1rhegy), Mogyor\u00f3s, Lib\u00e1ncs. \u00d6r\u00f6k\u00f6se Petki Istv\u00e1n (\u20201667). Harmadik f\u00e9rj\u00e9vel \u00fajabb adom\u00e1nyt kaptak Bethlen G\u00e1bort\u00f3l (1628) \u00e9s Marosszentgy\u00f6rgy\u00f6t v\u00e9glegesen megkapt\u00e1k. Koronk\u00e1n f\u00e9rj\u00e9vel Toldalagi Mih\u00e1llyal anyagilag is t\u00e1mogatt\u00e1k a templom\u00e9p\u00edt\u00e9st. T\u00f3th Mih\u00e1ly \u00e9s Szentp\u00e1li J\u00e1nos hal\u00e1la ut\u00e1n \u00f6zvegyk\u00e9nt Marosszentgy\u00f6rgyre vonult vissza, itt is halt meg. <br \/><strong>Irod.:<\/strong> \u00c1ll\u00f3- \u00e9s mozg\u00f3k\u00e9pek; Mordovin Maxim: A Petki csal\u00e1d \u00e9s Marosszentgy\u00f6rgy = Marosszentgy\u00f6rgy; P\u00e1lmay; Sebesty\u00e9n Mih\u00e1ly: V\u00e1rhegy \u00e9s a Petkiek (N\u00fa., Sz\u00ednes Vil\u00e1g, 2010. \u00e1pr. 17.); Sz\u00e1deczky Kardos; SzOkl, 6.<\/br><\/p>\n","protected":false},"excerpt":{"rendered":"<p>1600. k.? \u2020\u00a0Marosszentgy\u00f6rgy, 1649 k.: f\u00f6ldbirtokos. \u2013 Nagyapja P. J\u00e1nos. P. Istv\u00e1n (\u2020\u00a01601) le\u00e1nya. Unoka\u00f6ccse: P. Istv\u00e1n \u00e9s Farkas. F\u00e9rje: 1. v\u00e9ckei Bal\u00e1si Mih\u00e1ly marosszentannai birtokos (1619. k.); 2. jobb\u00e1gytelki T\u00f3th Mih\u00e1ly birtokos Bethlen G\u00e1bor Portai k\u00f6vete 3. novaji Szentp\u00e1li J\u00e1nos; 4. nagyercsei Toldalagi Mih\u00e1ly (1580\u20131642). tan\u00e1cs\u00far, Udvarhely- \u00e9s Marossz\u00e9k f\u0151kapit\u00e1nya, portai k\u00f6vet, eml\u00e9k\u00edr\u00f3. Esk. [&hellip;]<\/p>\n","protected":false},"featured_media":0,"comment_status":"open","ping_status":"closed","template":"","meta":[],"product_brand":[],"product_cat":[137],"product_tag":[],"class_list":{"0":"post-18089","1":"product","2":"type-product","3":"status-publish","5":"product_cat-maros-megyei-eletrajzi-lexikon","7":"first","8":"instock","9":"shipping-taxable","10":"product-type-simple"},"_links":{"self":[{"href":"https:\/\/uj.adatbank.ro\/lexikon\/wp-json\/wp\/v2\/product\/18089","targetHints":{"allow":["GET"]}}],"collection":[{"href":"https:\/\/uj.adatbank.ro\/lexikon\/wp-json\/wp\/v2\/product"}],"about":[{"href":"https:\/\/uj.adatbank.ro\/lexikon\/wp-json\/wp\/v2\/types\/product"}],"replies":[{"embeddable":true,"href":"https:\/\/uj.adatbank.ro\/lexikon\/wp-json\/wp\/v2\/comments?post=18089"}],"wp:attachment":[{"href":"https:\/\/uj.adatbank.ro\/lexikon\/wp-json\/wp\/v2\/media?parent=18089"}],"wp:term":[{"taxonomy":"product_brand","embeddable":true,"href":"https:\/\/uj.adatbank.ro\/lexikon\/wp-json\/wp\/v2\/product_brand?post=18089"},{"taxonomy":"product_cat","embeddable":true,"href":"https:\/\/uj.adatbank.ro\/lexikon\/wp-json\/wp\/v2\/product_cat?post=18089"},{"taxonomy":"product_tag","embeddable":true,"href":"https:\/\/uj.adatbank.ro\/lexikon\/wp-json\/wp\/v2\/product_tag?post=18089"}],"curies":[{"name":"wp","href":"https:\/\/api.w.org\/{rel}","templated":true}]}}