{"id":18092,"date":"2025-07-16T10:39:11","date_gmt":"2025-07-16T08:39:11","guid":{"rendered":"https:\/\/uj.adatbank.ro\/lexikon\/termek\/petki-ferenc-kiralyhalmi\/"},"modified":"2025-07-16T10:39:11","modified_gmt":"2025-07-16T08:39:11","slug":"petki-ferenc-kiralyhalmi","status":"publish","type":"product","link":"https:\/\/uj.adatbank.ro\/lexikon\/termek\/petki-ferenc-kiralyhalmi\/","title":{"rendered":"PETKI Ferenc, kir\u00e1lyhalmi"},"content":{"rendered":"<p>1845. m\u00e1rc. 9., \u2020\u00a01888. jan. 5 : marosszentgy\u00f6rgyi birtokos. \u2013 P. Istv\u00e1n \u00e9s K\u00e1lnoki Judit fia. Nagyn\u00e9njei nevelt\u00e9k: P. Kl\u00e1ra \u00e9s Borb\u00e1la. Feles\u00e9ge: 1. magyargyer\u0151monostori br. Kem\u00e9ny Anna (Kv., 1849. szept. 3. \u2013 1875 v. Kv.-on m\u00e9g \u00e9lt az 1900-as \u00e9vek elej\u00e9n), Kem\u00e9ny Gy\u00f6rgy (1812\u20131896) \u00e9s Bethlen M\u00e1ria (1814\u20131895) l\u00e1nya. Esk 1875. L\u00e1nyuk Ad\u00e9l.; 2. Asp Erzs\u00e9bet nevel\u0151n\u0151. <br \/><strong>Irod.:<\/strong> Gudenus<\/br><\/p>\n","protected":false},"excerpt":{"rendered":"<p>1845. m\u00e1rc. 9., \u2020\u00a01888. jan. 5 : marosszentgy\u00f6rgyi birtokos. \u2013 P. Istv\u00e1n \u00e9s K\u00e1lnoki Judit fia. Nagyn\u00e9njei nevelt\u00e9k: P. Kl\u00e1ra \u00e9s Borb\u00e1la. Feles\u00e9ge: 1. magyargyer\u0151monostori br. Kem\u00e9ny Anna (Kv., 1849. szept. 3. \u2013 1875 v. Kv.-on m\u00e9g \u00e9lt az 1900-as \u00e9vek elej\u00e9n), Kem\u00e9ny Gy\u00f6rgy (1812\u20131896) \u00e9s Bethlen M\u00e1ria (1814\u20131895) l\u00e1nya. Esk 1875. L\u00e1nyuk Ad\u00e9l.; 2. [&hellip;]<\/p>\n","protected":false},"featured_media":0,"comment_status":"open","ping_status":"closed","template":"","meta":[],"product_brand":[],"product_cat":[137],"product_tag":[],"class_list":{"0":"post-18092","1":"product","2":"type-product","3":"status-publish","5":"product_cat-maros-megyei-eletrajzi-lexikon","7":"first","8":"instock","9":"shipping-taxable","10":"product-type-simple"},"_links":{"self":[{"href":"https:\/\/uj.adatbank.ro\/lexikon\/wp-json\/wp\/v2\/product\/18092","targetHints":{"allow":["GET"]}}],"collection":[{"href":"https:\/\/uj.adatbank.ro\/lexikon\/wp-json\/wp\/v2\/product"}],"about":[{"href":"https:\/\/uj.adatbank.ro\/lexikon\/wp-json\/wp\/v2\/types\/product"}],"replies":[{"embeddable":true,"href":"https:\/\/uj.adatbank.ro\/lexikon\/wp-json\/wp\/v2\/comments?post=18092"}],"wp:attachment":[{"href":"https:\/\/uj.adatbank.ro\/lexikon\/wp-json\/wp\/v2\/media?parent=18092"}],"wp:term":[{"taxonomy":"product_brand","embeddable":true,"href":"https:\/\/uj.adatbank.ro\/lexikon\/wp-json\/wp\/v2\/product_brand?post=18092"},{"taxonomy":"product_cat","embeddable":true,"href":"https:\/\/uj.adatbank.ro\/lexikon\/wp-json\/wp\/v2\/product_cat?post=18092"},{"taxonomy":"product_tag","embeddable":true,"href":"https:\/\/uj.adatbank.ro\/lexikon\/wp-json\/wp\/v2\/product_tag?post=18092"}],"curies":[{"name":"wp","href":"https:\/\/api.w.org\/{rel}","templated":true}]}}