{"id":18093,"date":"2025-07-16T10:39:13","date_gmt":"2025-07-16T08:39:13","guid":{"rendered":"https:\/\/uj.adatbank.ro\/lexikon\/termek\/petki-istvan-gr-petky-istvan\/"},"modified":"2025-07-16T10:39:13","modified_gmt":"2025-07-16T08:39:13","slug":"petki-istvan-gr-petky-istvan","status":"publish","type":"product","link":"https:\/\/uj.adatbank.ro\/lexikon\/termek\/petki-istvan-gr-petky-istvan\/","title":{"rendered":"PETKI Istv\u00e1n, gr., Petky Istv\u00e1n"},"content":{"rendered":"<p>? \u2020\u00a01675 v\u00e9ge: f\u00f6ldbirtokos. \u2013 P.Istv\u00e1n \u00e9s S\u00fck\u00f6sd M\u00e1ria fia. \u2013 Apja hal\u00e1la ut\u00e1n a marosszentgy\u00f6rgyi birtokot \u00e9s kast\u00e9lyt fi\u00fa\u00e1gon \u00f6r\u00f6k\u00f6lte (1669. k.) \u00e9s haszn\u00e1lat\u00e1ban maradt. Hal\u00e1la ut\u00e1n a kast\u00e9ly testv\u00e9r\u00e9re, J\u00e1nosra sz\u00e1llt. <br \/><strong>Irod.:<\/strong> Mordovin Maxim: A Petki csal\u00e1d \u00e9s Marosszentgy\u00f6rgy = Marosszentgy\u00f6rgy<\/br><\/p>\n","protected":false},"excerpt":{"rendered":"<p>? \u2020\u00a01675 v\u00e9ge: f\u00f6ldbirtokos. \u2013 P.Istv\u00e1n \u00e9s S\u00fck\u00f6sd M\u00e1ria fia. \u2013 Apja hal\u00e1la ut\u00e1n a marosszentgy\u00f6rgyi birtokot \u00e9s kast\u00e9lyt fi\u00fa\u00e1gon \u00f6r\u00f6k\u00f6lte (1669. k.) \u00e9s haszn\u00e1lat\u00e1ban maradt. Hal\u00e1la ut\u00e1n a kast\u00e9ly testv\u00e9r\u00e9re, J\u00e1nosra sz\u00e1llt. Irod.: Mordovin Maxim: A Petki csal\u00e1d \u00e9s Marosszentgy\u00f6rgy = Marosszentgy\u00f6rgy<\/p>\n","protected":false},"featured_media":0,"comment_status":"open","ping_status":"closed","template":"","meta":[],"product_brand":[],"product_cat":[137],"product_tag":[],"class_list":{"0":"post-18093","1":"product","2":"type-product","3":"status-publish","5":"product_cat-maros-megyei-eletrajzi-lexikon","7":"first","8":"instock","9":"shipping-taxable","10":"product-type-simple"},"_links":{"self":[{"href":"https:\/\/uj.adatbank.ro\/lexikon\/wp-json\/wp\/v2\/product\/18093","targetHints":{"allow":["GET"]}}],"collection":[{"href":"https:\/\/uj.adatbank.ro\/lexikon\/wp-json\/wp\/v2\/product"}],"about":[{"href":"https:\/\/uj.adatbank.ro\/lexikon\/wp-json\/wp\/v2\/types\/product"}],"replies":[{"embeddable":true,"href":"https:\/\/uj.adatbank.ro\/lexikon\/wp-json\/wp\/v2\/comments?post=18093"}],"wp:attachment":[{"href":"https:\/\/uj.adatbank.ro\/lexikon\/wp-json\/wp\/v2\/media?parent=18093"}],"wp:term":[{"taxonomy":"product_brand","embeddable":true,"href":"https:\/\/uj.adatbank.ro\/lexikon\/wp-json\/wp\/v2\/product_brand?post=18093"},{"taxonomy":"product_cat","embeddable":true,"href":"https:\/\/uj.adatbank.ro\/lexikon\/wp-json\/wp\/v2\/product_cat?post=18093"},{"taxonomy":"product_tag","embeddable":true,"href":"https:\/\/uj.adatbank.ro\/lexikon\/wp-json\/wp\/v2\/product_tag?post=18093"}],"curies":[{"name":"wp","href":"https:\/\/api.w.org\/{rel}","templated":true}]}}