{"id":18095,"date":"2025-07-16T10:39:18","date_gmt":"2025-07-16T08:39:18","guid":{"rendered":"https:\/\/uj.adatbank.ro\/lexikon\/termek\/petki-janos\/"},"modified":"2025-07-16T10:39:18","modified_gmt":"2025-07-16T08:39:18","slug":"petki-janos","status":"publish","type":"product","link":"https:\/\/uj.adatbank.ro\/lexikon\/termek\/petki-janos\/","title":{"rendered":"PETKI J\u00e1nos"},"content":{"rendered":"<p>1572., \u20201612: k\u00f6lt\u0151. \u2013 Feles\u00e9ge: Kornis Kata. Le\u00e1nyuk. Bora, Apafi Gy\u00f6rgy feles\u00e9ge; a fi\u00fak meghalt (\u20201633). \u2013 Sz\u00e9kely f\u0151nemes, k\u00f6lt\u0151. Bocskai Istv\u00e1n t\u00e1mogat\u00f3ja.Erd\u00e9lyi kancell\u00e1r, a sz\u00e9kelyek gener\u00e1lisa (1607\u20131608) a R\u00e1k\u00f3czi Zsigmond idej\u00e9n. <br \/><strong>Irod.:<\/strong> Gyallay<\/br><\/p>\n","protected":false},"excerpt":{"rendered":"<p>1572., \u20201612: k\u00f6lt\u0151. \u2013 Feles\u00e9ge: Kornis Kata. Le\u00e1nyuk. Bora, Apafi Gy\u00f6rgy feles\u00e9ge; a fi\u00fak meghalt (\u20201633). \u2013 Sz\u00e9kely f\u0151nemes, k\u00f6lt\u0151. Bocskai Istv\u00e1n t\u00e1mogat\u00f3ja.Erd\u00e9lyi kancell\u00e1r, a sz\u00e9kelyek gener\u00e1lisa (1607\u20131608) a R\u00e1k\u00f3czi Zsigmond idej\u00e9n. Irod.: Gyallay<\/p>\n","protected":false},"featured_media":0,"comment_status":"open","ping_status":"closed","template":"","meta":[],"product_brand":[],"product_cat":[137],"product_tag":[],"class_list":{"0":"post-18095","1":"product","2":"type-product","3":"status-publish","5":"product_cat-maros-megyei-eletrajzi-lexikon","7":"first","8":"instock","9":"shipping-taxable","10":"product-type-simple"},"_links":{"self":[{"href":"https:\/\/uj.adatbank.ro\/lexikon\/wp-json\/wp\/v2\/product\/18095","targetHints":{"allow":["GET"]}}],"collection":[{"href":"https:\/\/uj.adatbank.ro\/lexikon\/wp-json\/wp\/v2\/product"}],"about":[{"href":"https:\/\/uj.adatbank.ro\/lexikon\/wp-json\/wp\/v2\/types\/product"}],"replies":[{"embeddable":true,"href":"https:\/\/uj.adatbank.ro\/lexikon\/wp-json\/wp\/v2\/comments?post=18095"}],"wp:attachment":[{"href":"https:\/\/uj.adatbank.ro\/lexikon\/wp-json\/wp\/v2\/media?parent=18095"}],"wp:term":[{"taxonomy":"product_brand","embeddable":true,"href":"https:\/\/uj.adatbank.ro\/lexikon\/wp-json\/wp\/v2\/product_brand?post=18095"},{"taxonomy":"product_cat","embeddable":true,"href":"https:\/\/uj.adatbank.ro\/lexikon\/wp-json\/wp\/v2\/product_cat?post=18095"},{"taxonomy":"product_tag","embeddable":true,"href":"https:\/\/uj.adatbank.ro\/lexikon\/wp-json\/wp\/v2\/product_tag?post=18095"}],"curies":[{"name":"wp","href":"https:\/\/api.w.org\/{rel}","templated":true}]}}